{"id":12748,"date":"2024-11-28T10:19:48","date_gmt":"2024-11-28T09:19:48","guid":{"rendered":"https:\/\/www.campingorchidea.it\/gite-in-barca\/"},"modified":"2025-03-21T09:53:06","modified_gmt":"2025-03-21T08:53:06","slug":"boottochten","status":"publish","type":"page","link":"https:\/\/www.campingorchidea.it\/nl\/boottochten\/","title":{"rendered":"Boottochten"},"content":{"rendered":"<p>\n\t\tCAMPING RESIDENCE ORCHIDEA\t\t\t<\/p>\n<h1>\n\t\tBOOTTOCHTEN OP HET<br \/> MEER VAN MAGGIORE\t<\/h1>\n<p>\t\t<span><span><a href=\"https:\/\/www.campingorchidea.it\/nl\/\">Home<\/a><\/span><\/span><br \/>\n\t\tLokale markten, eilanden en nog veel meer!\t<\/p>\n<h3 style=\"margin-top: 12px\">\n\t\t\t\t\tOp Camping Residence &amp; Lodge Orchidea kun je deelnemen aan verschillende boottochten rond het Lago Maggiore, typische markten bezoeken, de eilanden bezoeken of per boot van de zonsondergang genieten.\t\t\t<\/h3>\n<p>Op Camping Residence Orchidea kunt u deelnemen aan verschillende boottochten rond het Lago Maggiore, typische markten en eilanden bezoeken of per boot genieten van de zonsondergang.<\/p>\n<p>U kunt de reizen direct boeken tijdens uw vakantie, of voor meer informatie info@campingorchidea.it schrijven.<\/p>\n<p>Voor gezinnen met kleine kinderen en de behoefte aan een kinderwagen, gelieve op te merken dat het enige toegestane model een opvouwbare is. Verhuur beschikbaar bij de receptie.<\/p>\n<h5>\n\t\tMAANDAG EN DONDERDAG\t\t\t<\/h5>\n<h3>\n\t\t BEZOEK AAN DE DRIE BORROME\u00cfSCHE EILANDEN\t<\/h3>\n<p><em>GENIET VAN DE ONTDEKKING VAN DE DRIE EILANDEN IN \u00c9\u00c9N DAG<\/em><\/p>\n<p>Maak van de gelegenheid gebruik om de drie Borrome\u00efsche eilanden op \u00e9\u00e9n dag te ontdekken!<\/p>\n<p><strong>Vertrek vanaf de aanlegesteiger van Feriolo Pier (100mt van de camping) om 09.30 uur<\/strong><br \/>Aankmost op het Isola Bella om ongeveer 09.45 uur, mogelijkheid om het Borromeo paleis en zijn grandioze Italiaanse baroktuinen te bezoeken<br \/>11.45 vertrek naar het Isola Pescatori, vrije tijd om te verkennen, te lunchen en misschien wat souvenirs te kopen<br \/>14.15 vertrek naar het Isola Madre, gelegenheid om de botanische tuin in Engelse stijl te bezoeken of vrije tijd om te zwemmen in het prachtige water van het Lago Maggiore<br \/>terug om 16.00 uur<br \/><strong>Aankomst buj de aanlegsteiger van Feriolo Pier om 16.15 uur<\/strong><\/p>\n<p><strong>LET OP<\/strong>: toegang tot de paleizen en tuinen van Isola Bella en Isola Madre is tegen betaling<\/p>\n<p><strong>Beschikbaar van 14 april tot 2 oktober<\/strong><\/p>\n<h5>\n\t\tDINSDAG\t\t\t<\/h5>\n<h3>\n\t\t MINI PANORAMISCHE CRUISE VAN DE Borrome\u00efsche Eilanden Tour (Isola Bella + Isola Pescatori)\t<\/h3>\n<p><em>Geniet van een boottocht om de Borrome\u00efsche Golf te ontdekken.<\/em><\/p>\n<p>Elke dinsdag kunt u genieten van een boottocht om de Borrome\u00efsche Golf te ontdekken. Isola Bella, het meest glorieuze van de drie eilanden, en Isola dei Pescatori, de ideale plaats voor een lunch met typische producten en de aankoop van souvenirs.<br \/>Vertrek vanaf de pier van Feriolo (100m van de camping) om 9.15 uur<br \/>Aankomst in Isola Bella om ca. 9.50 uur, vrije tijd voor een bezoek aan het Borromeo paleis en de schitterende baroktuinen (facultatief en tegen betaling).<br \/>Vertrek van Isola Bella naar Isola Pescatori om 11.50 uur<br \/>Vrije tijd voor een bezoek aan het oude dorp op dit pittoreske eiland met een fascinerende geschiedenis<br \/>Vertrek van Isola Pescatori richting Feriolo om 14.15<br \/>Aankomst in Feriolo ca. 14.30 uur<\/p>\n<p><strong>LET OP<\/strong>: toegang tot de paleizen en tuinen van Isola Bella en Isola Madre is tegen betaling<\/p>\n<p><strong>Beschikbaar van 15 april tot 30 september<\/strong><\/p>\n<h5>\n\t\tDINSDAG\t\t\t<\/h5>\n<h3>\n\t\t TOUR DINER OP HET ISOLA PESCATORI\t<\/h3>\n<p><em>GENIET VAN EEN SPECIAAL DINER OP HET EILAND VOOR EEN ONVERGETELIJKE AVOND<\/em><\/p>\n<p>Mis de kans niet om te dineren op een bijzondere avond op Isola dei Pescatori. U kunt gebruik maken van de priv\u00e9-taxibootdienst om het eiland te bereiken en te kiezen in welk restaurant u uw onvergetelijke avond wilt doorbrengen.<\/p>\n<p><strong>Vertrek vanaf de aanlegsteiger van Feriolo Pier (100mt van de camping) om 18.15 uur<\/strong><br \/><strong>Aankomst op het Isola Pescatori<\/strong> om ongeveer 18.30 uur<br \/><strong>De boot verlaat het eiland om 20.45<\/strong> uur en keert terug naar Feriolo.<br \/>De excursie gaat door als het minimum aantal betalende deelnemers is bereikt en als het meer en de weersomstandigheden goed zijn.<\/p>\n<p><strong>Beschickbaar van 10\/06 tot 09\/09<\/strong><\/p>\n<h5>\n\t\tDINSDAG EN ZONDAG\t\t\t<\/h5>\n<h3>\n\t\t TOUR DE HERMITAGE VAN SANTA CATERINA DEL SASSO\t<\/h3>\n<p><em>GENIET VAN HET PRACHTIGE LANDSCHAP VAN EEN VAN DE BEROEMDSTE PLAATSEN AAN HET LAGO MAGGIORE<\/em><\/p>\n<p>Ontdek tijdens een betoverende cruise rond de Borrome\u00efsche eilanden de Hermitage van Santa Caterina del Sasso. Gelegen op een rotswand aan de \u2018wilde\u2019 Lombardische oever van het Lago Maggiore, wordt de Hermitage weerspiegeld in het diepe water.<\/p>\n<p><strong>Vertrek van de pier van Feriolo 14.45 uur<\/strong><br \/>Aankomst in Hermitage van Santa Caterina rond 15.00 uur (vrije tijd om Hermitage te verkennen)<br \/>Vertrek uit Hermitage van Santa Caterina rond 16.15 uur<br \/><strong>Aankomst op Feriolo Pier rond 17.00 uur<\/strong><br \/>Opmerkingen: de toegang tot de Hermitage is tegen<\/p>\n<p><strong>Beschickbaar van 03\/06 tot 21\/09<\/strong><\/p>\n<h5>\n\t\tWOENSDAG\t\t\t<\/h5>\n<h3>\n\t\t TOUR MARKT IN LUINO\t<\/h3>\n<p><em>Geniet van een boottochtje naar de markt<\/em><\/p>\n<p>Een van de belangrijkste attracties in Luino is de wekelijkse markt, die elke woensdag van \u2019s morgens vroeg tot laat in de middag wordt gehouden. Het is een internationaal bekende markt en de belangrijkste aan het Lago Maggiore. Het is meer dan een markt, het is een echte weekmarkt die bezoekers uit heel Europa aantrekt. Het aanbod is groot en gevarieerd, van levensmiddelen tot kleding, van bloemen tot accessoires, van keukenartikelen tot schoonheidsartikelen.<br \/>Onze excursie vertrekt vanaf Feriolo (100 m van de camping) om 9.45 uur.<br \/>Aankomst in Luino ca. 10.50 uur en vrije tijd om de markt te ontdekken<br \/>h. 14.30 vertrek vanuit Luino richting Feriolo langs de kastelen van Cannero Riviera<br \/>h. 15.30 aankomst in Feriolo.<\/p>\n<p><strong>beschikbaar van 16\/04 tot 01\/10<\/strong><\/p>\n<h5>\n\t\tWOENSDAG EN ZONDAG\t\t\t<\/h5>\n<h3>\n\t\t Panorama rondvaart bij zonsondergang\t<\/h3>\n<p><em>Geniet van een boottocht met een adembenemende zonsondergang<br \/><\/em><\/p>\n<p>Elke woensdag en elke zondag kunt u deelnemen aan onze cruise rond de Borrome\u00efsche Golf bij zonsondergang, met de mogelijkheid om prachtige foto\u2019s te maken vanuit een ander perspectief. Onze cruise vertrekt om 18.15 uur vanaf Feriolo en u kunt vanaf de boot Baveno, Stresa, Borrome\u00efsche Eilanden, Hermitage van S. Caterina del Sasso, Verbania bewonderen. De terugkeer naar Feriolo is gepland om 19.30 uur.<\/p>\n<p><strong>Beschikbaar van 04\/06 tot 17\/09.<\/strong><\/p>\n<h5>\n\t\tVRIJDAG\t\t\t<\/h5>\n<h3>\n\t\t MARKT IN STRESA EN BORROMEO EILANDEN (ISOLA BELLA + ISOLA PESCATORI)\t<\/h3>\n<p><em>GENIET VAN EEN WANDELING OVER DE MARKT EN EEN BOOTTOCHT ROND DE EILANDEN<\/em><\/p>\n<p>Elke vrijdag brengen wij u naar Stresa om de eilanden te bezoeken en te winkelen op de wekelijkse markt<\/p>\n<p><strong>Vertrek vanaf Feriolo Pier om 09.30 uur<\/strong><br \/>Aankomst in Stresa rond 10.00 uur (vrije tijd om Stresa te ontdekken)<br \/>Vertrek vanaf Stresa Pier rond 11.45 of 12.45 uur<br \/>Aankomst in Isola dei Pescatori rond 12.00 of 13.00 uur (vrije tijd om Isola Pescatori te ontdekken)<br \/>Vertrek vanaf Isola dei Pescatori naar Isola Bella elke 30 Minuten<br \/>Vertrek uit Isola Bella 15.50 uur<br \/><strong>Aankmost bij Feriolo Pier rond 16.00 uur<\/strong><br \/><strong>Let op:<\/strong> het bezoek van het paleis en de tuinen is tegen betaling.<\/p>\n<p><strong>beschikbaar van 18\/04 tot 03\/10<\/strong><\/p>\n<h5>\n\t\tZATERDAG\t\t\t<\/h5>\n<h3>\n\t\t MINI PANORAMISCHE CRUISE VAN DE BORROME\u00cfSCHE GOLF EN BEZOEK AAN DE MARKT VAN VERBANIA\t<\/h3>\n<p><em>Geniet van een schilderachtige boottocht en een bezoek aan een van de beroemdste markten<\/em><\/p>\n<p>Elke zaterdag is er een wekelijkse markt in Verbania, ons voorstel omvat een mini panoramische cruise van de Borrome\u00efsche Golf met aankomst in Verbania Intra waar u de gelegenheid heeft om de wekelijkse markt te bezoeken en vervolgens terug te keren naar Feriolo in de vroege namiddag.<br \/>Vertrek om 9.00 uur van Feriolo aankomst om ongeveer 9.40 uur in Verbania Intra, terugreis om 13.30 uur van Verbania Intra, verwachte aankomst in Feriolo om ongeveer 13.45 uur.<\/p>\n<p><strong>Beschickbaar Zaterdag 19 april en van 31\/05 tot 04\/10<\/strong><\/p>\n<h5>\n\t\tZATERDAG\t\t\t<\/h5>\n<h3>\n\t\t BORROME\u00cfSCHE EILANDEN TOUR (ISOLA BELLA + ISOLA PESCATORI)\t<\/h3>\n<p><em>GENIET VAN EEN BOOTTOCHT OM DE BORROME\u00cfSCHE GOLF TE ONTDEKKEN<\/em><\/p>\n<p><strong>Isola Bella<\/strong>, het meest glorieuze van de drie eilanden, en <strong>Isola dei Pescatori<\/strong>, een ideale plek voor een lunch van typische producten en de aankoop van souvenirs.<\/p>\n<p><strong>Vertrek vanaf de aanlegsteiger van Feriolo Pier (100mt van de camping) om 10.00 uur<\/strong><br \/>Aankomst op het Isola Bella om ongeveer 10.30 uur, vrije tijd voor een bezoek aan het Borromeo paleis en de prachtige baroktuinen (optioneel en tegen betaling).<br \/>Vertrek vanaf Isola Bella naar Isola Pescatori om 12.30 uur<br \/>Vrije tijd voor een bezoek aan het oude dorp op dit pittoreske eiland met een fascinerende geschiedenis<br \/>Vertrek vanaf Isola Pescatori naar Feriolo om 14.45 uur<br \/><strong>Aankomst bij de aanlegsteiger van Feriolo Pier om ongeveer 15.00 uur<\/strong><\/p>\n<p><strong>Let op:<\/strong> het bezoek van het paleis en de tuinen is tegen betaling.<\/p>\n<p><strong>Beschickbaar Zaterdag 20 april en van 26\/04 tot 04\/10<\/strong><\/p>\n<h5>in samenwerking met<\/h5>\n<p>\t\t\t\t\t\t\t\t\t\t\t\t\t\t\t\t<a href=\"https:\/\/www.isolelagomaggiore.com\/\" target=\"_blank\"><br \/>\n\t\t\t\t\t\t\t<img fetchpriority=\"high\" decoding=\"async\" width=\"544\" height=\"200\" src=\"https:\/\/www.campingorchidea.it\/wp-content\/uploads\/2024\/11\/camping-orchidea-gite-in-barca.jpg\" alt=\"\" srcset=\"https:\/\/www.campingorchidea.it\/wp-content\/uploads\/2024\/11\/camping-orchidea-gite-in-barca.jpg 544w, https:\/\/www.campingorchidea.it\/wp-content\/uploads\/2024\/11\/camping-orchidea-gite-in-barca-300x110.jpg 300w\" sizes=\"(max-width: 544px) 100vw, 544px\" \/>\t\t\t\t\t\t\t\t<\/a><br \/>\n\t\t\t\t<div data-elementor-type=\"container\" data-elementor-id=\"12006\" class=\"elementor elementor-12006\">\n\t\t\t\t<div class=\"elementor-element elementor-element-70a451b3 e-flex e-con-boxed qodef-elementor-content-no e-con e-parent\" data-id=\"70a451b3\" data-element_type=\"container\" data-e-type=\"container\">\n\t\t\t\t\t<div class=\"e-con-inner\">\n\t\t\t\t<div class=\"elementor-element elementor-element-371d2812 elementor-widget elementor-widget-qi_addons_for_elementor_clients_slider\" data-id=\"371d2812\" data-element_type=\"widget\" data-e-type=\"widget\" data-widget_type=\"qi_addons_for_elementor_clients_slider.default\">\n\t\t\t\t<div class=\"elementor-widget-container\">\n\t\t\t\t\t<div class=\"qodef-shortcode qodef-m qodef-qi-clients-slider qodef--hover-scale qodef-qi-grid qodef-qi-swiper-container qodef-navigation--outside qodef-navigation--hover-move\" data-options=\"{&quot;direction&quot;:&quot;horizontal&quot;,&quot;slidesPerView&quot;:&quot;6&quot;,&quot;spaceBetween&quot;:20,&quot;spaceBetweenTablet&quot;:30,&quot;spaceBetweenMobile&quot;:30,&quot;effect&quot;:&quot;&quot;,&quot;loop&quot;:true,&quot;autoplay&quot;:true,&quot;centeredSlides&quot;:false,&quot;speed&quot;:&quot;&quot;,&quot;speedAnimation&quot;:&quot;&quot;,&quot;outsideNavigation&quot;:&quot;yes&quot;,&quot;outsidePagination&quot;:&quot;no&quot;,&quot;unique&quot;:&quot;1&quot;,&quot;partialValue&quot;:0,&quot;disablePartialValue&quot;:&quot;&quot;,&quot;parallax&quot;:&quot;no&quot;,&quot;customStages&quot;:true,&quot;slidesPerView1680&quot;:&quot;6&quot;,&quot;slidesPerView1440&quot;:&quot;5&quot;,&quot;slidesPerView1366&quot;:&quot;3&quot;,&quot;slidesPerView1024&quot;:&quot;3&quot;,&quot;slidesPerView768&quot;:&quot;3&quot;,&quot;slidesPerView680&quot;:&quot;2&quot;,&quot;slidesPerView480&quot;:&quot;2&quot;}\">\n\t<div class=\"swiper-wrapper\">\n\t\t<div class=\"qodef-e swiper-slide\">\n\t<div class=\"qodef-e-inner\">\n\t\t\t\t<div class=\"qodef-e-images-holder\">\n\t\t\t\t\t\t\t<div class=\"qodef-e-main-image\">\n\t\t\t\t\t<img decoding=\"async\" width=\"300\" height=\"149\" src=\"https:\/\/www.campingorchidea.it\/wp-content\/uploads\/2024\/11\/camping-orchidea-partners-acsi.jpg\" class=\"attachment-full size-full\" alt=\"\" \/>\t\t\t\t<\/div>\n\t\t\t\t\t\t\t\t<\/div>\n\t\t\t\t\t\t\t<\/div>\n<\/div>\n<div class=\"qodef-e swiper-slide\">\n\t<div class=\"qodef-e-inner\">\n\t\t\t\t<div class=\"qodef-e-images-holder\">\n\t\t\t\t\t\t\t<div class=\"qodef-e-main-image\">\n\t\t\t\t\t<img decoding=\"async\" width=\"300\" height=\"149\" src=\"https:\/\/www.campingorchidea.it\/wp-content\/uploads\/2024\/11\/camping-orchidea-partners-adac.jpg\" class=\"attachment-full size-full\" alt=\"\" \/>\t\t\t\t<\/div>\n\t\t\t\t\t\t\t\t<\/div>\n\t\t\t\t\t\t\t<\/div>\n<\/div>\n<div class=\"qodef-e swiper-slide\">\n\t<div class=\"qodef-e-inner\">\n\t\t\t\t<div class=\"qodef-e-images-holder\">\n\t\t\t\t\t\t\t<div class=\"qodef-e-main-image\">\n\t\t\t\t\t<img loading=\"lazy\" decoding=\"async\" width=\"300\" height=\"149\" src=\"https:\/\/www.campingorchidea.it\/wp-content\/uploads\/2024\/11\/camping-orchidea-partners-anwb.jpg\" class=\"attachment-full size-full\" alt=\"\" \/>\t\t\t\t<\/div>\n\t\t\t\t\t\t\t\t<\/div>\n\t\t\t\t\t\t\t<\/div>\n<\/div>\n<div class=\"qodef-e swiper-slide\">\n\t<div class=\"qodef-e-inner\">\n\t\t\t\t<div class=\"qodef-e-images-holder\">\n\t\t\t\t\t\t\t<div class=\"qodef-e-main-image\">\n\t\t\t\t\t<img loading=\"lazy\" decoding=\"async\" width=\"300\" height=\"149\" src=\"https:\/\/www.campingorchidea.it\/wp-content\/uploads\/2024\/11\/camping-orchidea-partners-koobcamp.jpg\" class=\"attachment-full size-full\" alt=\"\" \/>\t\t\t\t<\/div>\n\t\t\t\t\t\t\t\t<\/div>\n\t\t\t\t\t\t\t<\/div>\n<\/div>\n<div class=\"qodef-e swiper-slide\">\n\t<div class=\"qodef-e-inner\">\n\t\t\t\t<div class=\"qodef-e-images-holder\">\n\t\t\t\t\t\t\t<div class=\"qodef-e-main-image\">\n\t\t\t\t\t<img loading=\"lazy\" decoding=\"async\" width=\"300\" height=\"149\" src=\"https:\/\/www.campingorchidea.it\/wp-content\/uploads\/2024\/11\/camping-orchidea-partners-consorzio-lago-maggiore-holidays.jpg\" class=\"attachment-full size-full\" alt=\"\" \/>\t\t\t\t<\/div>\n\t\t\t\t\t\t\t\t<\/div>\n\t\t\t\t\t\t\t<\/div>\n<\/div>\n<div class=\"qodef-e swiper-slide\">\n\t<div class=\"qodef-e-inner\">\n\t\t\t\t<div class=\"qodef-e-images-holder\">\n\t\t\t\t\t\t\t<div class=\"qodef-e-main-image\">\n\t\t\t\t\t<img loading=\"lazy\" decoding=\"async\" width=\"300\" height=\"149\" src=\"https:\/\/www.campingorchidea.it\/wp-content\/uploads\/2024\/11\/camping-orchidea-partners-regione-piemonte.jpg\" class=\"attachment-full size-full\" alt=\"\" \/>\t\t\t\t<\/div>\n\t\t\t\t\t\t\t\t<\/div>\n\t\t\t\t\t\t\t<\/div>\n<\/div>\n<div class=\"qodef-e swiper-slide\">\n\t<div class=\"qodef-e-inner\">\n\t\t\t\t<div class=\"qodef-e-images-holder\">\n\t\t\t\t\t\t\t<div class=\"qodef-e-main-image\">\n\t\t\t\t\t<img loading=\"lazy\" decoding=\"async\" width=\"300\" height=\"149\" src=\"https:\/\/www.campingorchidea.it\/wp-content\/uploads\/2024\/11\/camping-orchidea-partners-ospitalita-italiana.jpg\" class=\"attachment-full size-full\" alt=\"\" \/>\t\t\t\t<\/div>\n\t\t\t\t\t\t\t\t<\/div>\n\t\t\t\t\t\t\t<\/div>\n<\/div>\n\t<\/div>\n\t<\/div>\n\t\t<div class=\"swiper-button-prev swiper-button-outside swiper-button-prev-1\"><svg class=\"qodef-swiper-arrow-left\" xmlns=\"http:\/\/www.w3.org\/2000\/svg\" x=\"0px\" y=\"0px\" viewBox=\"0 0 34.2 32.3\" xml:space=\"preserve\" style=\"stroke-width: 2;\"><line x1=\"0.5\" y1=\"16\" x2=\"33.5\" y2=\"16\"\/><line x1=\"0.3\" y1=\"16.5\" x2=\"16.2\" y2=\"0.7\"\/><line x1=\"0\" y1=\"15.4\" x2=\"16.2\" y2=\"31.6\"\/><\/svg><\/div>\n\t<div class=\"swiper-button-next swiper-button-outside swiper-button-next-1\"><svg class=\"qodef-swiper-arrow-right\" xmlns=\"http:\/\/www.w3.org\/2000\/svg\" x=\"0px\" y=\"0px\" viewBox=\"0 0 34.2 32.3\" xml:space=\"preserve\" style=\"stroke-width: 2;\"><line x1=\"0\" y1=\"16\" x2=\"33\" y2=\"16\"\/><line x1=\"17.3\" y1=\"0.7\" x2=\"33.2\" y2=\"16.5\"\/><line x1=\"17.3\" y1=\"31.6\" x2=\"33.5\" y2=\"15.4\"\/><\/svg><\/div>\n\t\t\t\t\t<\/div>\n\t\t\t\t<\/div>\n\t\t\t\t\t<\/div>\n\t\t\t\t<\/div>\n\t\t\t\t<\/div>\n\t\t<\/p>\n","protected":false},"excerpt":{"rendered":"<p>CAMPING RESIDENCE ORCHIDEA BOOTTOCHTEN OP HET MEER VAN MAGGIORE Lokale markten, eilanden en nog veel meer! Op Camping Residence &amp; Lodge Orchidea kun je deelnemen aan verschillende boottochten rond het Lago Maggiore, typische markten bezoeken, de eilanden bezoeken of per boot van de zonsondergang genieten. Op Camping Residence Orchidea kunt u deelnemen aan verschillende boottochten [&hellip;]<\/p>\n","protected":false},"author":2,"featured_media":0,"parent":0,"menu_order":0,"comment_status":"closed","ping_status":"closed","template":"page-full-width.php","meta":{"footnotes":""},"class_list":["post-12748","page","type-page","status-publish","hentry"],"yoast_head":"<!-- This site is optimized with the Yoast SEO plugin v27.4 - https:\/\/yoast.com\/product\/yoast-seo-wordpress\/ -->\n<title>Excursies en boottochten om het Lago Maggiore te ontdekken<\/title>\n<meta name=\"description\" content=\"Neem deel aan boottochten, bezoek de markten en eilanden van het Lago Maggiore. Reserveer bij de receptie of schrijf naar info@campingorchidea.it\" \/>\n<meta name=\"robots\" content=\"index, follow, max-snippet:-1, max-image-preview:large, max-video-preview:-1\" \/>\n<link rel=\"canonical\" href=\"https:\/\/www.campingorchidea.it\/nl\/boottochten\/\" \/>\n<meta property=\"og:locale\" content=\"nl_NL\" \/>\n<meta property=\"og:type\" content=\"article\" \/>\n<meta property=\"og:title\" content=\"Excursies en boottochten om het Lago Maggiore te ontdekken\" \/>\n<meta property=\"og:description\" content=\"Neem deel aan boottochten, bezoek de markten en eilanden van het Lago Maggiore. Reserveer bij de receptie of schrijf naar info@campingorchidea.it\" \/>\n<meta property=\"og:url\" content=\"https:\/\/www.campingorchidea.it\/nl\/boottochten\/\" \/>\n<meta property=\"og:site_name\" content=\"Camping Orchidea, Lago Maggiore\" \/>\n<meta property=\"article:modified_time\" content=\"2025-03-21T08:53:06+00:00\" \/>\n<meta property=\"og:image\" content=\"https:\/\/www.campingorchidea.it\/wp-content\/uploads\/2024\/11\/camping-orchidea-gite-in-barca.jpg\" \/>\n\t<meta property=\"og:image:width\" content=\"544\" \/>\n\t<meta property=\"og:image:height\" content=\"200\" \/>\n\t<meta property=\"og:image:type\" content=\"image\/jpeg\" \/>\n<meta name=\"twitter:card\" content=\"summary_large_image\" \/>\n<meta name=\"twitter:label1\" content=\"Geschatte leestijd\" \/>\n\t<meta name=\"twitter:data1\" content=\"11 minuten\" \/>\n<script type=\"application\/ld+json\" class=\"yoast-schema-graph\">{\"@context\":\"https:\\\/\\\/schema.org\",\"@graph\":[{\"@type\":\"WebPage\",\"@id\":\"https:\\\/\\\/www.campingorchidea.it\\\/nl\\\/boottochten\\\/\",\"url\":\"https:\\\/\\\/www.campingorchidea.it\\\/nl\\\/boottochten\\\/\",\"name\":\"Excursies en boottochten om het Lago Maggiore te ontdekken\",\"isPartOf\":{\"@id\":\"https:\\\/\\\/www.campingorchidea.it\\\/nl\\\/#website\"},\"primaryImageOfPage\":{\"@id\":\"https:\\\/\\\/www.campingorchidea.it\\\/nl\\\/boottochten\\\/#primaryimage\"},\"image\":{\"@id\":\"https:\\\/\\\/www.campingorchidea.it\\\/nl\\\/boottochten\\\/#primaryimage\"},\"thumbnailUrl\":\"https:\\\/\\\/www.campingorchidea.it\\\/wp-content\\\/uploads\\\/2024\\\/11\\\/camping-orchidea-gite-in-barca.jpg\",\"datePublished\":\"2024-11-28T09:19:48+00:00\",\"dateModified\":\"2025-03-21T08:53:06+00:00\",\"description\":\"Neem deel aan boottochten, bezoek de markten en eilanden van het Lago Maggiore. Reserveer bij de receptie of schrijf naar info@campingorchidea.it\",\"breadcrumb\":{\"@id\":\"https:\\\/\\\/www.campingorchidea.it\\\/nl\\\/boottochten\\\/#breadcrumb\"},\"inLanguage\":\"nl-NL\",\"potentialAction\":[{\"@type\":\"ReadAction\",\"target\":[\"https:\\\/\\\/www.campingorchidea.it\\\/nl\\\/boottochten\\\/\"]}]},{\"@type\":\"ImageObject\",\"inLanguage\":\"nl-NL\",\"@id\":\"https:\\\/\\\/www.campingorchidea.it\\\/nl\\\/boottochten\\\/#primaryimage\",\"url\":\"https:\\\/\\\/www.campingorchidea.it\\\/wp-content\\\/uploads\\\/2024\\\/11\\\/camping-orchidea-gite-in-barca.jpg\",\"contentUrl\":\"https:\\\/\\\/www.campingorchidea.it\\\/wp-content\\\/uploads\\\/2024\\\/11\\\/camping-orchidea-gite-in-barca.jpg\"},{\"@type\":\"BreadcrumbList\",\"@id\":\"https:\\\/\\\/www.campingorchidea.it\\\/nl\\\/boottochten\\\/#breadcrumb\",\"itemListElement\":[{\"@type\":\"ListItem\",\"position\":1,\"name\":\"Home\",\"item\":\"https:\\\/\\\/www.campingorchidea.it\\\/nl\\\/\"},{\"@type\":\"ListItem\",\"position\":2,\"name\":\"Boottochten\"}]},{\"@type\":\"WebSite\",\"@id\":\"https:\\\/\\\/www.campingorchidea.it\\\/nl\\\/#website\",\"url\":\"https:\\\/\\\/www.campingorchidea.it\\\/nl\\\/\",\"name\":\"Camping Orchidea, Lago Maggiore\",\"description\":\"\",\"potentialAction\":[{\"@type\":\"SearchAction\",\"target\":{\"@type\":\"EntryPoint\",\"urlTemplate\":\"https:\\\/\\\/www.campingorchidea.it\\\/nl\\\/?s={search_term_string}\"},\"query-input\":{\"@type\":\"PropertyValueSpecification\",\"valueRequired\":true,\"valueName\":\"search_term_string\"}}],\"inLanguage\":\"nl-NL\"}]}<\/script>\n<!-- \/ Yoast SEO plugin. -->","yoast_head_json":{"title":"Excursies en boottochten om het Lago Maggiore te ontdekken","description":"Neem deel aan boottochten, bezoek de markten en eilanden van het Lago Maggiore. Reserveer bij de receptie of schrijf naar info@campingorchidea.it","robots":{"index":"index","follow":"follow","max-snippet":"max-snippet:-1","max-image-preview":"max-image-preview:large","max-video-preview":"max-video-preview:-1"},"canonical":"https:\/\/www.campingorchidea.it\/nl\/boottochten\/","og_locale":"nl_NL","og_type":"article","og_title":"Excursies en boottochten om het Lago Maggiore te ontdekken","og_description":"Neem deel aan boottochten, bezoek de markten en eilanden van het Lago Maggiore. Reserveer bij de receptie of schrijf naar info@campingorchidea.it","og_url":"https:\/\/www.campingorchidea.it\/nl\/boottochten\/","og_site_name":"Camping Orchidea, Lago Maggiore","article_modified_time":"2025-03-21T08:53:06+00:00","og_image":[{"width":544,"height":200,"url":"https:\/\/www.campingorchidea.it\/wp-content\/uploads\/2024\/11\/camping-orchidea-gite-in-barca.jpg","type":"image\/jpeg"}],"twitter_card":"summary_large_image","twitter_misc":{"Geschatte leestijd":"11 minuten"},"schema":{"@context":"https:\/\/schema.org","@graph":[{"@type":"WebPage","@id":"https:\/\/www.campingorchidea.it\/nl\/boottochten\/","url":"https:\/\/www.campingorchidea.it\/nl\/boottochten\/","name":"Excursies en boottochten om het Lago Maggiore te ontdekken","isPartOf":{"@id":"https:\/\/www.campingorchidea.it\/nl\/#website"},"primaryImageOfPage":{"@id":"https:\/\/www.campingorchidea.it\/nl\/boottochten\/#primaryimage"},"image":{"@id":"https:\/\/www.campingorchidea.it\/nl\/boottochten\/#primaryimage"},"thumbnailUrl":"https:\/\/www.campingorchidea.it\/wp-content\/uploads\/2024\/11\/camping-orchidea-gite-in-barca.jpg","datePublished":"2024-11-28T09:19:48+00:00","dateModified":"2025-03-21T08:53:06+00:00","description":"Neem deel aan boottochten, bezoek de markten en eilanden van het Lago Maggiore. Reserveer bij de receptie of schrijf naar info@campingorchidea.it","breadcrumb":{"@id":"https:\/\/www.campingorchidea.it\/nl\/boottochten\/#breadcrumb"},"inLanguage":"nl-NL","potentialAction":[{"@type":"ReadAction","target":["https:\/\/www.campingorchidea.it\/nl\/boottochten\/"]}]},{"@type":"ImageObject","inLanguage":"nl-NL","@id":"https:\/\/www.campingorchidea.it\/nl\/boottochten\/#primaryimage","url":"https:\/\/www.campingorchidea.it\/wp-content\/uploads\/2024\/11\/camping-orchidea-gite-in-barca.jpg","contentUrl":"https:\/\/www.campingorchidea.it\/wp-content\/uploads\/2024\/11\/camping-orchidea-gite-in-barca.jpg"},{"@type":"BreadcrumbList","@id":"https:\/\/www.campingorchidea.it\/nl\/boottochten\/#breadcrumb","itemListElement":[{"@type":"ListItem","position":1,"name":"Home","item":"https:\/\/www.campingorchidea.it\/nl\/"},{"@type":"ListItem","position":2,"name":"Boottochten"}]},{"@type":"WebSite","@id":"https:\/\/www.campingorchidea.it\/nl\/#website","url":"https:\/\/www.campingorchidea.it\/nl\/","name":"Camping Orchidea, Lago Maggiore","description":"","potentialAction":[{"@type":"SearchAction","target":{"@type":"EntryPoint","urlTemplate":"https:\/\/www.campingorchidea.it\/nl\/?s={search_term_string}"},"query-input":{"@type":"PropertyValueSpecification","valueRequired":true,"valueName":"search_term_string"}}],"inLanguage":"nl-NL"}]}},"_links":{"self":[{"href":"https:\/\/www.campingorchidea.it\/nl\/wp-json\/wp\/v2\/pages\/12748","targetHints":{"allow":["GET"]}}],"collection":[{"href":"https:\/\/www.campingorchidea.it\/nl\/wp-json\/wp\/v2\/pages"}],"about":[{"href":"https:\/\/www.campingorchidea.it\/nl\/wp-json\/wp\/v2\/types\/page"}],"author":[{"embeddable":true,"href":"https:\/\/www.campingorchidea.it\/nl\/wp-json\/wp\/v2\/users\/2"}],"replies":[{"embeddable":true,"href":"https:\/\/www.campingorchidea.it\/nl\/wp-json\/wp\/v2\/comments?post=12748"}],"version-history":[{"count":0,"href":"https:\/\/www.campingorchidea.it\/nl\/wp-json\/wp\/v2\/pages\/12748\/revisions"}],"wp:attachment":[{"href":"https:\/\/www.campingorchidea.it\/nl\/wp-json\/wp\/v2\/media?parent=12748"}],"curies":[{"name":"wp","href":"https:\/\/api.w.org\/{rel}","templated":true}]}}