{"id":17805,"date":"2025-10-13T13:01:24","date_gmt":"2025-10-13T11:01:24","guid":{"rendered":"https:\/\/www.campingorchidea.it\/?page_id=17805"},"modified":"2025-10-13T13:08:06","modified_gmt":"2025-10-13T11:08:06","slug":"sanitaires","status":"publish","type":"page","link":"https:\/\/www.campingorchidea.it\/fr\/service\/sanitaires\/","title":{"rendered":"Sanitaires"},"content":{"rendered":"\t\t<div data-elementor-type=\"wp-page\" data-elementor-id=\"17805\" class=\"elementor elementor-17805 elementor-17801\">\n\t\t\t\t\t\t<section class=\"elementor-section elementor-top-section elementor-element elementor-element-c850dbf elementor-section-full_width qodef-elementor-content-grid elementor-section-height-default elementor-section-height-default\" data-id=\"c850dbf\" data-element_type=\"section\" data-e-type=\"section\" data-settings=\"{&quot;background_background&quot;:&quot;gradient&quot;}\">\n\t\t\t\t\t\t\t<div class=\"elementor-background-overlay\"><\/div>\n\t\t\t\t\t\t\t<div class=\"elementor-container elementor-column-gap-default\">\n\t\t\t\t\t<div class=\"elementor-column elementor-col-100 elementor-top-column elementor-element elementor-element-7c7b631\" data-id=\"7c7b631\" data-element_type=\"column\" data-e-type=\"column\">\n\t\t\t<div class=\"elementor-widget-wrap elementor-element-populated\">\n\t\t\t\t\t\t<div class=\"elementor-element elementor-element-da9a1ce titolosfondo elementor-widget elementor-widget-kamperen_core_section_title\" data-id=\"da9a1ce\" data-element_type=\"widget\" data-e-type=\"widget\" data-widget_type=\"kamperen_core_section_title.default\">\n\t\t\t\t<div class=\"elementor-widget-container\">\n\t\t\t\t\t<div class=\"qodef-shortcode qodef-m qodef-section-title qodef-alignment--center\">\n\t\t<div class=\"qodef-m-tagline-mark\" >\n\t\tcamping residence orchidea\t<\/div>\n\t\t<h1 class=\"qodef-m-title\" >\n\t\t\t\t\tSanitaires\t\t\t<\/h1>\n\t<\/div>\n\t\t\t\t<\/div>\n\t\t\t\t<\/div>\n\t\t\t\t<div class=\"elementor-element elementor-element-d13f850 elementor-widget elementor-widget-text-editor\" data-id=\"d13f850\" data-element_type=\"widget\" data-e-type=\"widget\" data-widget_type=\"text-editor.default\">\n\t\t\t\t<div class=\"elementor-widget-container\">\n\t\t\t\t\t\t\t\t\t<p>Au camping Residence Orchidea, vous aurez \u00e0 votre disposition deux blocs sanitaires avec toilettes et douches chaudes incluses dans le prix (bloc sup\u00e9rieur r\u00e9nov\u00e9 en 2024), un espace pour laver la vaisselle, des toilettes chimiques, un lavabo pour les pieds, 2 babys room et des toilettes priv\u00e9es pour les personnes handicap\u00e9es.<\/p>\t\t\t\t\t\t\t\t<\/div>\n\t\t\t\t<\/div>\n\t\t\t\t\t<\/div>\n\t\t<\/div>\n\t\t\t\t\t<\/div>\n\t\t<\/section>\n\t\t\t\t<section class=\"elementor-section elementor-top-section elementor-element elementor-element-542cea1 elementor-section-full_width elementor-section-height-default elementor-section-height-default qodef-elementor-content-no\" data-id=\"542cea1\" data-element_type=\"section\" data-e-type=\"section\">\n\t\t\t\t\t\t<div class=\"elementor-container elementor-column-gap-default\">\n\t\t\t\t\t<div class=\"elementor-column elementor-col-100 elementor-top-column elementor-element elementor-element-aaa2067\" data-id=\"aaa2067\" data-element_type=\"column\" data-e-type=\"column\">\n\t\t\t<div class=\"elementor-widget-wrap elementor-element-populated\">\n\t\t\t\t\t\t<div class=\"elementor-element elementor-element-c2abada elementor-widget elementor-widget-image-carousel\" data-id=\"c2abada\" data-element_type=\"widget\" data-e-type=\"widget\" data-settings=\"{&quot;slides_to_show&quot;:&quot;3&quot;,&quot;navigation&quot;:&quot;none&quot;,&quot;autoplay_speed&quot;:2000,&quot;speed&quot;:2000,&quot;autoplay&quot;:&quot;yes&quot;,&quot;infinite&quot;:&quot;yes&quot;,&quot;image_spacing_custom&quot;:{&quot;unit&quot;:&quot;px&quot;,&quot;size&quot;:20,&quot;sizes&quot;:[]},&quot;image_spacing_custom_tablet&quot;:{&quot;unit&quot;:&quot;px&quot;,&quot;size&quot;:&quot;&quot;,&quot;sizes&quot;:[]},&quot;image_spacing_custom_mobile&quot;:{&quot;unit&quot;:&quot;px&quot;,&quot;size&quot;:&quot;&quot;,&quot;sizes&quot;:[]}}\" data-widget_type=\"image-carousel.default\">\n\t\t\t\t<div class=\"elementor-widget-container\">\n\t\t\t\t\t\t\t<div class=\"elementor-image-carousel-wrapper swiper\" role=\"region\" aria-roledescription=\"carousel\" aria-label=\"Carosello d&#039;immagini\" dir=\"ltr\">\n\t\t\t<div class=\"elementor-image-carousel swiper-wrapper\" aria-live=\"off\">\n\t\t\t\t\t\t\t\t<div class=\"swiper-slide\" role=\"group\" aria-roledescription=\"slide\" aria-label=\"1 sur 7\"><figure class=\"swiper-slide-inner\"><img decoding=\"async\" class=\"swiper-slide-image\" src=\"https:\/\/www.campingorchidea.it\/wp-content\/uploads\/elementor\/thumbs\/Baby-room-camping-orchidea-rd54376f2mhrxj8ammbgh4hev4sqw3pqs5b92kgguw.jpg\" alt=\"CAMPING ORCHIDEA\" \/><\/figure><\/div><div class=\"swiper-slide\" role=\"group\" aria-roledescription=\"slide\" aria-label=\"2 sur 7\"><figure class=\"swiper-slide-inner\"><img decoding=\"async\" class=\"swiper-slide-image\" src=\"https:\/\/www.campingorchidea.it\/wp-content\/uploads\/elementor\/thumbs\/Baby-room-camping-orchidea-2-rd5435aqoyf7abb0xli7c4yhod20gpia3w0a40j97c.jpg\" alt=\"Baby room camping orchidea (2)\" \/><\/figure><\/div><div class=\"swiper-slide\" role=\"group\" aria-roledescription=\"slide\" aria-label=\"3 sur 7\"><figure class=\"swiper-slide-inner\"><img decoding=\"async\" class=\"swiper-slide-image\" src=\"https:\/\/www.campingorchidea.it\/wp-content\/uploads\/elementor\/thumbs\/Doccia-camping-orchidea-rd5433f2bacmn3dr8koy75fkhlba1batfmpb5gm1js.jpg\" alt=\"CAMPING ORCHIDEA\" \/><\/figure><\/div><div class=\"swiper-slide\" role=\"group\" aria-roledescription=\"slide\" aria-label=\"4 sur 7\"><figure class=\"swiper-slide-inner\"><img decoding=\"async\" class=\"swiper-slide-image\" src=\"https:\/\/www.campingorchidea.it\/wp-content\/uploads\/elementor\/thumbs\/Lavaggio-stoviglie-camping-orchidea-rd5432h84gbcbhf4e2abmno3w7fwtm733i1to6nfq0.jpg\" alt=\"CAMPING ORCHIDEA\" \/><\/figure><\/div><div class=\"swiper-slide\" role=\"group\" aria-roledescription=\"slide\" aria-label=\"5 sur 7\"><figure class=\"swiper-slide-inner\"><img decoding=\"async\" class=\"swiper-slide-image\" src=\"https:\/\/www.campingorchidea.it\/wp-content\/uploads\/elementor\/thumbs\/Lavandini-camping-orchidea-rd5430ljqs8ro9hup1h2ho56pfp6e7zmf8qupmq82g.jpg\" alt=\"CAMPING ORCHIDEA\" \/><\/figure><\/div><div class=\"swiper-slide\" role=\"group\" aria-roledescription=\"slide\" aria-label=\"6 sur 7\"><figure class=\"swiper-slide-inner\"><img decoding=\"async\" class=\"swiper-slide-image\" src=\"https:\/\/www.campingorchidea.it\/wp-content\/uploads\/elementor\/thumbs\/Lavatoi-camping-orchidea-rd542ypvd46711kl00ntcom9inyfyts5qzfvr2t0ew.jpg\" alt=\"CAMPING ORCHIDEA\" \/><\/figure><\/div><div class=\"swiper-slide\" role=\"group\" aria-roledescription=\"slide\" aria-label=\"7 sur 7\"><figure class=\"swiper-slide-inner\"><img decoding=\"async\" class=\"swiper-slide-image\" src=\"https:\/\/www.campingorchidea.it\/wp-content\/uploads\/elementor\/thumbs\/wc-disabili-camping-orchidea-rd542wu6zg3mdtnbazuk7p3cbw7pjfkp2q4wsivsrc.jpg\" alt=\"CAMPING ORCHIDEA\" \/><\/figure><\/div>\t\t\t<\/div>\n\t\t\t\t\t\t\t\n\t\t\t\t\t\t\t\t\t<\/div>\n\t\t\t\t\t\t<\/div>\n\t\t\t\t<\/div>\n\t\t\t\t\t<\/div>\n\t\t<\/div>\n\t\t\t\t\t<\/div>\n\t\t<\/section>\n\t\t<div class=\"elementor-element elementor-element-376db4c e-flex e-con-boxed qodef-elementor-content-no e-con e-parent\" data-id=\"376db4c\" data-element_type=\"container\" data-e-type=\"container\">\n\t\t\t\t\t<div class=\"e-con-inner\">\n\t\t\t\t<div class=\"elementor-element elementor-element-59a20399 elementor-widget elementor-widget-qi_addons_for_elementor_clients_slider\" data-id=\"59a20399\" data-element_type=\"widget\" data-e-type=\"widget\" data-widget_type=\"qi_addons_for_elementor_clients_slider.default\">\n\t\t\t\t<div class=\"elementor-widget-container\">\n\t\t\t\t\t<div class=\"qodef-shortcode qodef-m qodef-qi-clients-slider qodef--hover-scale qodef-qi-grid qodef-qi-swiper-container qodef-navigation--outside qodef-navigation--hover-move\" data-options=\"{&quot;direction&quot;:&quot;horizontal&quot;,&quot;slidesPerView&quot;:&quot;6&quot;,&quot;spaceBetween&quot;:20,&quot;spaceBetweenTablet&quot;:30,&quot;spaceBetweenMobile&quot;:30,&quot;effect&quot;:&quot;&quot;,&quot;loop&quot;:true,&quot;autoplay&quot;:true,&quot;centeredSlides&quot;:false,&quot;speed&quot;:&quot;&quot;,&quot;speedAnimation&quot;:&quot;&quot;,&quot;outsideNavigation&quot;:&quot;yes&quot;,&quot;outsidePagination&quot;:&quot;no&quot;,&quot;unique&quot;:&quot;1&quot;,&quot;partialValue&quot;:0,&quot;disablePartialValue&quot;:&quot;&quot;,&quot;parallax&quot;:&quot;no&quot;,&quot;customStages&quot;:true,&quot;slidesPerView1680&quot;:&quot;6&quot;,&quot;slidesPerView1440&quot;:&quot;5&quot;,&quot;slidesPerView1366&quot;:&quot;3&quot;,&quot;slidesPerView1024&quot;:&quot;3&quot;,&quot;slidesPerView768&quot;:&quot;3&quot;,&quot;slidesPerView680&quot;:&quot;2&quot;,&quot;slidesPerView480&quot;:&quot;2&quot;}\">\n\t<div class=\"swiper-wrapper\">\n\t\t<div class=\"qodef-e swiper-slide\">\n\t<div class=\"qodef-e-inner\">\n\t\t\t\t<div class=\"qodef-e-images-holder\">\n\t\t\t\t\t\t\t<div class=\"qodef-e-main-image\">\n\t\t\t\t\t<img decoding=\"async\" width=\"300\" height=\"149\" src=\"https:\/\/www.campingorchidea.it\/wp-content\/uploads\/2024\/11\/camping-orchidea-partners-acsi.jpg\" class=\"attachment-full size-full\" alt=\"\" \/>\t\t\t\t<\/div>\n\t\t\t\t\t\t\t\t<\/div>\n\t\t\t\t\t\t\t<\/div>\n<\/div>\n<div class=\"qodef-e swiper-slide\">\n\t<div class=\"qodef-e-inner\">\n\t\t\t\t<div class=\"qodef-e-images-holder\">\n\t\t\t\t\t\t\t<div class=\"qodef-e-main-image\">\n\t\t\t\t\t<img decoding=\"async\" width=\"300\" height=\"149\" src=\"https:\/\/www.campingorchidea.it\/wp-content\/uploads\/2024\/11\/camping-orchidea-partners-adac.jpg\" class=\"attachment-full size-full\" alt=\"\" \/>\t\t\t\t<\/div>\n\t\t\t\t\t\t\t\t<\/div>\n\t\t\t\t\t\t\t<\/div>\n<\/div>\n<div class=\"qodef-e swiper-slide\">\n\t<div class=\"qodef-e-inner\">\n\t\t\t\t<div class=\"qodef-e-images-holder\">\n\t\t\t\t\t\t\t<div class=\"qodef-e-main-image\">\n\t\t\t\t\t<img decoding=\"async\" width=\"300\" height=\"149\" src=\"https:\/\/www.campingorchidea.it\/wp-content\/uploads\/2024\/11\/camping-orchidea-partners-anwb.jpg\" class=\"attachment-full size-full\" alt=\"\" \/>\t\t\t\t<\/div>\n\t\t\t\t\t\t\t\t<\/div>\n\t\t\t\t\t\t\t<\/div>\n<\/div>\n<div class=\"qodef-e swiper-slide\">\n\t<div class=\"qodef-e-inner\">\n\t\t\t\t<div class=\"qodef-e-images-holder\">\n\t\t\t\t\t\t\t<div class=\"qodef-e-main-image\">\n\t\t\t\t\t<img loading=\"lazy\" decoding=\"async\" width=\"300\" height=\"149\" src=\"https:\/\/www.campingorchidea.it\/wp-content\/uploads\/2024\/11\/camping-orchidea-partners-koobcamp.jpg\" class=\"attachment-full size-full\" alt=\"\" \/>\t\t\t\t<\/div>\n\t\t\t\t\t\t\t\t<\/div>\n\t\t\t\t\t\t\t<\/div>\n<\/div>\n<div class=\"qodef-e swiper-slide\">\n\t<div class=\"qodef-e-inner\">\n\t\t\t\t<div class=\"qodef-e-images-holder\">\n\t\t\t\t\t\t\t<div class=\"qodef-e-main-image\">\n\t\t\t\t\t<img loading=\"lazy\" decoding=\"async\" width=\"300\" height=\"149\" src=\"https:\/\/www.campingorchidea.it\/wp-content\/uploads\/2024\/11\/camping-orchidea-partners-consorzio-lago-maggiore-holidays.jpg\" class=\"attachment-full size-full\" alt=\"\" \/>\t\t\t\t<\/div>\n\t\t\t\t\t\t\t\t<\/div>\n\t\t\t\t\t\t\t<\/div>\n<\/div>\n<div class=\"qodef-e swiper-slide\">\n\t<div class=\"qodef-e-inner\">\n\t\t\t\t<div class=\"qodef-e-images-holder\">\n\t\t\t\t\t\t\t<div class=\"qodef-e-main-image\">\n\t\t\t\t\t<img loading=\"lazy\" decoding=\"async\" width=\"300\" height=\"149\" src=\"https:\/\/www.campingorchidea.it\/wp-content\/uploads\/2024\/11\/camping-orchidea-partners-regione-piemonte.jpg\" class=\"attachment-full size-full\" alt=\"\" \/>\t\t\t\t<\/div>\n\t\t\t\t\t\t\t\t<\/div>\n\t\t\t\t\t\t\t<\/div>\n<\/div>\n<div class=\"qodef-e swiper-slide\">\n\t<div class=\"qodef-e-inner\">\n\t\t\t\t<div class=\"qodef-e-images-holder\">\n\t\t\t\t\t\t\t<div class=\"qodef-e-main-image\">\n\t\t\t\t\t<img loading=\"lazy\" decoding=\"async\" width=\"300\" height=\"149\" src=\"https:\/\/www.campingorchidea.it\/wp-content\/uploads\/2024\/11\/camping-orchidea-partners-ospitalita-italiana.jpg\" class=\"attachment-full size-full\" alt=\"\" \/>\t\t\t\t<\/div>\n\t\t\t\t\t\t\t\t<\/div>\n\t\t\t\t\t\t\t<\/div>\n<\/div>\n\t<\/div>\n\t<\/div>\n\t\t<div class=\"swiper-button-prev swiper-button-outside swiper-button-prev-1\"><svg class=\"qodef-swiper-arrow-left\" xmlns=\"http:\/\/www.w3.org\/2000\/svg\" x=\"0px\" y=\"0px\" viewBox=\"0 0 34.2 32.3\" xml:space=\"preserve\" style=\"stroke-width: 2;\"><line x1=\"0.5\" y1=\"16\" x2=\"33.5\" y2=\"16\"\/><line x1=\"0.3\" y1=\"16.5\" x2=\"16.2\" y2=\"0.7\"\/><line x1=\"0\" y1=\"15.4\" x2=\"16.2\" y2=\"31.6\"\/><\/svg><\/div>\n\t<div class=\"swiper-button-next swiper-button-outside swiper-button-next-1\"><svg class=\"qodef-swiper-arrow-right\" xmlns=\"http:\/\/www.w3.org\/2000\/svg\" x=\"0px\" y=\"0px\" viewBox=\"0 0 34.2 32.3\" xml:space=\"preserve\" style=\"stroke-width: 2;\"><line x1=\"0\" y1=\"16\" x2=\"33\" y2=\"16\"\/><line x1=\"17.3\" y1=\"0.7\" x2=\"33.2\" y2=\"16.5\"\/><line x1=\"17.3\" y1=\"31.6\" x2=\"33.5\" y2=\"15.4\"\/><\/svg><\/div>\n\t\t\t\t\t<\/div>\n\t\t\t\t<\/div>\n\t\t\t\t\t<\/div>\n\t\t\t\t<\/div>\n\t\t\t\t<\/div>\n\t\t","protected":false},"excerpt":{"rendered":"<p>camping residence orchidea Sanitaires Au camping Residence Orchidea, vous aurez \u00e0 votre disposition deux blocs sanitaires avec toilettes et douches chaudes incluses dans le prix (bloc sup\u00e9rieur r\u00e9nov\u00e9 en 2024), un espace pour laver la vaisselle, des toilettes chimiques, un lavabo pour les pieds, 2 babys room et des toilettes priv\u00e9es pour les personnes handicap\u00e9es.<\/p>\n","protected":false},"author":1,"featured_media":0,"parent":12770,"menu_order":0,"comment_status":"closed","ping_status":"closed","template":"page-full-width.php","meta":{"footnotes":""},"class_list":["post-17805","page","type-page","status-publish","hentry"],"yoast_head":"<!-- This site is optimized with the Yoast SEO plugin v27.2 - https:\/\/yoast.com\/product\/yoast-seo-wordpress\/ -->\n<title>Sanitaires<\/title>\n<meta name=\"robots\" content=\"index, follow, max-snippet:-1, max-image-preview:large, max-video-preview:-1\" \/>\n<link rel=\"canonical\" href=\"https:\/\/www.campingorchidea.it\/fr\/service\/sanitaires\/\" \/>\n<meta property=\"og:locale\" content=\"fr_FR\" \/>\n<meta property=\"og:type\" content=\"article\" \/>\n<meta property=\"og:title\" content=\"Sanitaires\" \/>\n<meta property=\"og:description\" content=\"camping residence orchidea Sanitaires Au camping Residence Orchidea, vous aurez \u00e0 votre disposition deux blocs sanitaires avec toilettes et douches chaudes incluses dans le prix (bloc sup\u00e9rieur r\u00e9nov\u00e9 en 2024), un espace pour laver la vaisselle, des toilettes chimiques, un lavabo pour les pieds, 2 babys room et des toilettes priv\u00e9es pour les personnes handicap\u00e9es.\" \/>\n<meta property=\"og:url\" content=\"https:\/\/www.campingorchidea.it\/fr\/service\/sanitaires\/\" \/>\n<meta property=\"og:site_name\" content=\"Camping Orchidea, Lago Maggiore\" \/>\n<meta property=\"article:modified_time\" content=\"2025-10-13T11:08:06+00:00\" \/>\n<meta property=\"og:image\" content=\"https:\/\/www.campingorchidea.it\/wp-content\/uploads\/elementor\/thumbs\/Baby-room-camping-orchidea-rd54376f2mhrxj8ammbgh4hev4sqw3pqs5b92kgguw.jpg\" \/>\n<meta name=\"twitter:card\" content=\"summary_large_image\" \/>\n<meta name=\"twitter:label1\" content=\"Dur\u00e9e de lecture estim\u00e9e\" \/>\n\t<meta name=\"twitter:data1\" content=\"8 minutes\" \/>\n<script type=\"application\/ld+json\" class=\"yoast-schema-graph\">{\"@context\":\"https:\/\/schema.org\",\"@graph\":[{\"@type\":\"WebPage\",\"@id\":\"https:\/\/www.campingorchidea.it\/fr\/service\/sanitaires\/\",\"url\":\"https:\/\/www.campingorchidea.it\/fr\/service\/sanitaires\/\",\"name\":\"Sanitaires\",\"isPartOf\":{\"@id\":\"https:\/\/www.campingorchidea.it\/fr\/#website\"},\"primaryImageOfPage\":{\"@id\":\"https:\/\/www.campingorchidea.it\/fr\/service\/sanitaires\/#primaryimage\"},\"image\":{\"@id\":\"https:\/\/www.campingorchidea.it\/fr\/service\/sanitaires\/#primaryimage\"},\"thumbnailUrl\":\"https:\/\/www.campingorchidea.it\/wp-content\/uploads\/elementor\/thumbs\/Baby-room-camping-orchidea-rd54376f2mhrxj8ammbgh4hev4sqw3pqs5b92kgguw.jpg\",\"datePublished\":\"2025-10-13T11:01:24+00:00\",\"dateModified\":\"2025-10-13T11:08:06+00:00\",\"breadcrumb\":{\"@id\":\"https:\/\/www.campingorchidea.it\/fr\/service\/sanitaires\/#breadcrumb\"},\"inLanguage\":\"fr-FR\",\"potentialAction\":[{\"@type\":\"ReadAction\",\"target\":[\"https:\/\/www.campingorchidea.it\/fr\/service\/sanitaires\/\"]}]},{\"@type\":\"ImageObject\",\"inLanguage\":\"fr-FR\",\"@id\":\"https:\/\/www.campingorchidea.it\/fr\/service\/sanitaires\/#primaryimage\",\"url\":\"https:\/\/www.campingorchidea.it\/wp-content\/uploads\/elementor\/thumbs\/Baby-room-camping-orchidea-rd54376f2mhrxj8ammbgh4hev4sqw3pqs5b92kgguw.jpg\",\"contentUrl\":\"https:\/\/www.campingorchidea.it\/wp-content\/uploads\/elementor\/thumbs\/Baby-room-camping-orchidea-rd54376f2mhrxj8ammbgh4hev4sqw3pqs5b92kgguw.jpg\"},{\"@type\":\"BreadcrumbList\",\"@id\":\"https:\/\/www.campingorchidea.it\/fr\/service\/sanitaires\/#breadcrumb\",\"itemListElement\":[{\"@type\":\"ListItem\",\"position\":1,\"name\":\"Home\",\"item\":\"https:\/\/www.campingorchidea.it\/fr\/\"},{\"@type\":\"ListItem\",\"position\":2,\"name\":\"Service\",\"item\":\"https:\/\/www.campingorchidea.it\/fr\/dienstleistungen\/\"},{\"@type\":\"ListItem\",\"position\":3,\"name\":\"Sanitaires\"}]},{\"@type\":\"WebSite\",\"@id\":\"https:\/\/www.campingorchidea.it\/fr\/#website\",\"url\":\"https:\/\/www.campingorchidea.it\/fr\/\",\"name\":\"Camping Orchidea, Lago Maggiore\",\"description\":\"\",\"potentialAction\":[{\"@type\":\"SearchAction\",\"target\":{\"@type\":\"EntryPoint\",\"urlTemplate\":\"https:\/\/www.campingorchidea.it\/fr\/?s={search_term_string}\"},\"query-input\":{\"@type\":\"PropertyValueSpecification\",\"valueRequired\":true,\"valueName\":\"search_term_string\"}}],\"inLanguage\":\"fr-FR\"}]}<\/script>\n<!-- \/ Yoast SEO plugin. -->","yoast_head_json":{"title":"Sanitaires","robots":{"index":"index","follow":"follow","max-snippet":"max-snippet:-1","max-image-preview":"max-image-preview:large","max-video-preview":"max-video-preview:-1"},"canonical":"https:\/\/www.campingorchidea.it\/fr\/service\/sanitaires\/","og_locale":"fr_FR","og_type":"article","og_title":"Sanitaires","og_description":"camping residence orchidea Sanitaires Au camping Residence Orchidea, vous aurez \u00e0 votre disposition deux blocs sanitaires avec toilettes et douches chaudes incluses dans le prix (bloc sup\u00e9rieur r\u00e9nov\u00e9 en 2024), un espace pour laver la vaisselle, des toilettes chimiques, un lavabo pour les pieds, 2 babys room et des toilettes priv\u00e9es pour les personnes handicap\u00e9es.","og_url":"https:\/\/www.campingorchidea.it\/fr\/service\/sanitaires\/","og_site_name":"Camping Orchidea, Lago Maggiore","article_modified_time":"2025-10-13T11:08:06+00:00","og_image":[{"url":"https:\/\/www.campingorchidea.it\/wp-content\/uploads\/elementor\/thumbs\/Baby-room-camping-orchidea-rd54376f2mhrxj8ammbgh4hev4sqw3pqs5b92kgguw.jpg","type":"","width":"","height":""}],"twitter_card":"summary_large_image","twitter_misc":{"Dur\u00e9e de lecture estim\u00e9e":"8 minutes"},"schema":{"@context":"https:\/\/schema.org","@graph":[{"@type":"WebPage","@id":"https:\/\/www.campingorchidea.it\/fr\/service\/sanitaires\/","url":"https:\/\/www.campingorchidea.it\/fr\/service\/sanitaires\/","name":"Sanitaires","isPartOf":{"@id":"https:\/\/www.campingorchidea.it\/fr\/#website"},"primaryImageOfPage":{"@id":"https:\/\/www.campingorchidea.it\/fr\/service\/sanitaires\/#primaryimage"},"image":{"@id":"https:\/\/www.campingorchidea.it\/fr\/service\/sanitaires\/#primaryimage"},"thumbnailUrl":"https:\/\/www.campingorchidea.it\/wp-content\/uploads\/elementor\/thumbs\/Baby-room-camping-orchidea-rd54376f2mhrxj8ammbgh4hev4sqw3pqs5b92kgguw.jpg","datePublished":"2025-10-13T11:01:24+00:00","dateModified":"2025-10-13T11:08:06+00:00","breadcrumb":{"@id":"https:\/\/www.campingorchidea.it\/fr\/service\/sanitaires\/#breadcrumb"},"inLanguage":"fr-FR","potentialAction":[{"@type":"ReadAction","target":["https:\/\/www.campingorchidea.it\/fr\/service\/sanitaires\/"]}]},{"@type":"ImageObject","inLanguage":"fr-FR","@id":"https:\/\/www.campingorchidea.it\/fr\/service\/sanitaires\/#primaryimage","url":"https:\/\/www.campingorchidea.it\/wp-content\/uploads\/elementor\/thumbs\/Baby-room-camping-orchidea-rd54376f2mhrxj8ammbgh4hev4sqw3pqs5b92kgguw.jpg","contentUrl":"https:\/\/www.campingorchidea.it\/wp-content\/uploads\/elementor\/thumbs\/Baby-room-camping-orchidea-rd54376f2mhrxj8ammbgh4hev4sqw3pqs5b92kgguw.jpg"},{"@type":"BreadcrumbList","@id":"https:\/\/www.campingorchidea.it\/fr\/service\/sanitaires\/#breadcrumb","itemListElement":[{"@type":"ListItem","position":1,"name":"Home","item":"https:\/\/www.campingorchidea.it\/fr\/"},{"@type":"ListItem","position":2,"name":"Service","item":"https:\/\/www.campingorchidea.it\/fr\/dienstleistungen\/"},{"@type":"ListItem","position":3,"name":"Sanitaires"}]},{"@type":"WebSite","@id":"https:\/\/www.campingorchidea.it\/fr\/#website","url":"https:\/\/www.campingorchidea.it\/fr\/","name":"Camping Orchidea, Lago Maggiore","description":"","potentialAction":[{"@type":"SearchAction","target":{"@type":"EntryPoint","urlTemplate":"https:\/\/www.campingorchidea.it\/fr\/?s={search_term_string}"},"query-input":{"@type":"PropertyValueSpecification","valueRequired":true,"valueName":"search_term_string"}}],"inLanguage":"fr-FR"}]}},"_links":{"self":[{"href":"https:\/\/www.campingorchidea.it\/fr\/wp-json\/wp\/v2\/pages\/17805","targetHints":{"allow":["GET"]}}],"collection":[{"href":"https:\/\/www.campingorchidea.it\/fr\/wp-json\/wp\/v2\/pages"}],"about":[{"href":"https:\/\/www.campingorchidea.it\/fr\/wp-json\/wp\/v2\/types\/page"}],"author":[{"embeddable":true,"href":"https:\/\/www.campingorchidea.it\/fr\/wp-json\/wp\/v2\/users\/1"}],"replies":[{"embeddable":true,"href":"https:\/\/www.campingorchidea.it\/fr\/wp-json\/wp\/v2\/comments?post=17805"}],"version-history":[{"count":0,"href":"https:\/\/www.campingorchidea.it\/fr\/wp-json\/wp\/v2\/pages\/17805\/revisions"}],"up":[{"embeddable":true,"href":"https:\/\/www.campingorchidea.it\/fr\/wp-json\/wp\/v2\/pages\/12770"}],"wp:attachment":[{"href":"https:\/\/www.campingorchidea.it\/fr\/wp-json\/wp\/v2\/media?parent=17805"}],"curies":[{"name":"wp","href":"https:\/\/api.w.org\/{rel}","templated":true}]}}