{"id":17695,"date":"2025-10-13T12:20:16","date_gmt":"2025-10-13T10:20:16","guid":{"rendered":"https:\/\/www.campingorchidea.it\/?page_id=17695"},"modified":"2025-10-29T10:44:48","modified_gmt":"2025-10-29T09:44:48","slug":"plage","status":"publish","type":"page","link":"https:\/\/www.campingorchidea.it\/fr\/service\/plage\/","title":{"rendered":"Plage"},"content":{"rendered":"\t\t<div data-elementor-type=\"wp-page\" data-elementor-id=\"17695\" class=\"elementor elementor-17695 elementor-17692\">\n\t\t\t\t\t\t<section class=\"elementor-section elementor-top-section elementor-element elementor-element-c850dbf elementor-section-full_width qodef-elementor-content-grid elementor-section-height-default elementor-section-height-default\" data-id=\"c850dbf\" data-element_type=\"section\" data-e-type=\"section\" data-settings=\"{&quot;background_background&quot;:&quot;gradient&quot;}\">\n\t\t\t\t\t\t\t<div class=\"elementor-background-overlay\"><\/div>\n\t\t\t\t\t\t\t<div class=\"elementor-container elementor-column-gap-default\">\n\t\t\t\t\t<div class=\"elementor-column elementor-col-100 elementor-top-column elementor-element elementor-element-7c7b631\" data-id=\"7c7b631\" data-element_type=\"column\" data-e-type=\"column\">\n\t\t\t<div class=\"elementor-widget-wrap elementor-element-populated\">\n\t\t\t\t\t\t<div class=\"elementor-element elementor-element-f156e59 titolosfondo elementor-widget elementor-widget-kamperen_core_section_title\" data-id=\"f156e59\" data-element_type=\"widget\" data-e-type=\"widget\" data-widget_type=\"kamperen_core_section_title.default\">\n\t\t\t\t<div class=\"elementor-widget-container\">\n\t\t\t\t\t<div class=\"qodef-shortcode qodef-m qodef-section-title qodef-alignment--center\">\n\t\t<div class=\"qodef-m-tagline-mark\" >\n\t\tCamping Residence Orchidea\t<\/div>\n\t\t<h1 class=\"qodef-m-title\" >\n\t\t\t\t\tPlage\t\t\t<\/h1>\n\t<\/div>\n\t\t\t\t<\/div>\n\t\t\t\t<\/div>\n\t\t\t\t<div class=\"elementor-element elementor-element-d13f850 elementor-widget elementor-widget-text-editor\" data-id=\"d13f850\" data-element_type=\"widget\" data-e-type=\"widget\" data-widget_type=\"text-editor.default\">\n\t\t\t\t<div class=\"elementor-widget-container\">\n\t\t\t\t\t\t\t\t\t<p>Au camping Residence Orchidea, vous trouverez deux plages de sable, en pente douce parfaites pour les plus petits, une zone de plage herbeuse appel\u00e9e \u00ab\u00a0zone verte\u00a0\u00bb \u00e9quip\u00e9e de chaises longues et parasols \u00e0 usage gratuit (de mi-mai \u00e0 mi-septembre) et douche.<\/p><p>Sur la plage, il est possible de louer des SUP, des kayaks et des p\u00e9dalos (de mai \u00e0 septembre).<\/p><p>Pour les propri\u00e9taires de bateaux \u00e0 moteur, une rampe de mise \u00e0 l&rsquo;eau est disponible avec un service de mise \u00e0 l&rsquo;eau (uniquement sur r\u00e9servation et si le niveau du lac le permet).<\/p><p>La plage secondaire est accessible aux chiens.<\/p>\t\t\t\t\t\t\t\t<\/div>\n\t\t\t\t<\/div>\n\t\t\t\t<div class=\"elementor-element elementor-element-ff95d06 elementor-widget__width-auto elementor-widget elementor-widget-kamperen_core_button\" data-id=\"ff95d06\" data-element_type=\"widget\" data-e-type=\"widget\" data-widget_type=\"kamperen_core_button.default\">\n\t\t\t\t<div class=\"elementor-widget-container\">\n\t\t\t\t\t<a class=\"qodef-shortcode qodef-m qodef-button qodef-layout--textual qodef-html--link\" href=\"\/docs\/Regolamento_cani_FR.pdf%20\" target=\"_blank\"  >\n\t<span class=\"qodef-m-text\">R\u00e8glement chiens<\/span>\n\t<span class=\"qodef-m-icon\">\n\t\t<svg xmlns=\"http:\/\/www.w3.org\/2000\/svg\" width=\"20.053\" height=\"10.039\" viewBox=\"0 0 20.053 10.039\">\n\t\t\t  <path d=\"M17.474,11.444a.683.683,0,0,0-.005.962l3.179,3.184H3.549a.68.68,0,0,0,0,1.359H20.643l-3.179,3.184a.688.688,0,0,0,.005.962.677.677,0,0,0,.957-.005l4.308-4.34h0a.763.763,0,0,0,.141-.214.649.649,0,0,0,.052-.261.681.681,0,0,0-.193-.476l-4.308-4.34A.666.666,0,0,0,17.474,11.444Z\" transform=\"translate(-2.875 -11.252)\"\/>\n\t\t<\/svg>\n\t<\/span>\n<\/a>\t\t\t\t<\/div>\n\t\t\t\t<\/div>\n\t\t\t\t\t<\/div>\n\t\t<\/div>\n\t\t\t\t\t<\/div>\n\t\t<\/section>\n\t\t\t\t<section class=\"elementor-section elementor-top-section elementor-element elementor-element-640a03d elementor-section-full_width elementor-section-height-default elementor-section-height-default qodef-elementor-content-no\" data-id=\"640a03d\" data-element_type=\"section\" data-e-type=\"section\">\n\t\t\t\t\t\t<div class=\"elementor-container elementor-column-gap-default\">\n\t\t\t\t\t<div class=\"elementor-column elementor-col-100 elementor-top-column elementor-element elementor-element-6e7fc24\" data-id=\"6e7fc24\" data-element_type=\"column\" data-e-type=\"column\">\n\t\t\t<div class=\"elementor-widget-wrap elementor-element-populated\">\n\t\t\t\t\t\t<div class=\"elementor-element elementor-element-96a3d16 elementor-widget elementor-widget-image-carousel\" data-id=\"96a3d16\" data-element_type=\"widget\" data-e-type=\"widget\" data-settings=\"{&quot;slides_to_show&quot;:&quot;3&quot;,&quot;navigation&quot;:&quot;none&quot;,&quot;autoplay_speed&quot;:2000,&quot;speed&quot;:2000,&quot;autoplay&quot;:&quot;yes&quot;,&quot;infinite&quot;:&quot;yes&quot;,&quot;image_spacing_custom&quot;:{&quot;unit&quot;:&quot;px&quot;,&quot;size&quot;:20,&quot;sizes&quot;:[]},&quot;image_spacing_custom_tablet&quot;:{&quot;unit&quot;:&quot;px&quot;,&quot;size&quot;:&quot;&quot;,&quot;sizes&quot;:[]},&quot;image_spacing_custom_mobile&quot;:{&quot;unit&quot;:&quot;px&quot;,&quot;size&quot;:&quot;&quot;,&quot;sizes&quot;:[]}}\" data-widget_type=\"image-carousel.default\">\n\t\t\t\t<div class=\"elementor-widget-container\">\n\t\t\t\t\t\t\t<div class=\"elementor-image-carousel-wrapper swiper\" role=\"region\" aria-roledescription=\"carousel\" aria-label=\"Carosello d&#039;immagini\" dir=\"ltr\">\n\t\t\t<div class=\"elementor-image-carousel swiper-wrapper\" aria-live=\"off\">\n\t\t\t\t\t\t\t\t<div class=\"swiper-slide\" role=\"group\" aria-roledescription=\"slide\" aria-label=\"1 sur 5\"><figure class=\"swiper-slide-inner\"><img decoding=\"async\" class=\"swiper-slide-image\" src=\"https:\/\/www.campingorchidea.it\/wp-content\/uploads\/elementor\/thumbs\/spiaggia-camping-orchidea-lago-maggiore-3-rd53lra89al3ktvrsxjr5b9ha1v5iiioiuj8ft9i88.jpg\" alt=\"default\" \/><\/figure><\/div><div class=\"swiper-slide\" role=\"group\" aria-roledescription=\"slide\" aria-label=\"2 sur 5\"><figure class=\"swiper-slide-inner\"><img decoding=\"async\" class=\"swiper-slide-image\" src=\"https:\/\/www.campingorchidea.it\/wp-content\/uploads\/elementor\/thumbs\/spiaggia-camping-orchidea-lago-maggiore-rd53lqce2gjt97x4yf54kti0onzsatey6pvqyjaweg.jpg\" alt=\"CAMPING ORCHIDEA\" \/><\/figure><\/div><div class=\"swiper-slide\" role=\"group\" aria-roledescription=\"slide\" aria-label=\"3 sur 5\"><figure class=\"swiper-slide-inner\"><img decoding=\"async\" class=\"swiper-slide-image\" src=\"https:\/\/www.campingorchidea.it\/wp-content\/uploads\/elementor\/thumbs\/scivolo-barche-spiaggia-camping-orchidea-rd53logposh8lzzv9ebvftz3hw91vf7higkrzzdoqw.jpg\" alt=\"CAMPING ORCHIDEA\" \/><\/figure><\/div><div class=\"swiper-slide\" role=\"group\" aria-roledescription=\"slide\" aria-label=\"4 sur 5\"><figure class=\"swiper-slide-inner\"><img decoding=\"async\" class=\"swiper-slide-image\" src=\"https:\/\/www.campingorchidea.it\/wp-content\/uploads\/elementor\/thumbs\/Selfie-corner-spiaggia-camping-orchidea-rd53lml1b4enys2lkdimaug6b4ibg100u79t1fgh3c.jpg\" alt=\"CAMPING ORCHIDEA\" \/><\/figure><\/div><div class=\"swiper-slide\" role=\"group\" aria-roledescription=\"slide\" aria-label=\"5 sur 5\"><figure class=\"swiper-slide-inner\"><img decoding=\"async\" class=\"swiper-slide-image\" src=\"https:\/\/www.campingorchidea.it\/wp-content\/uploads\/elementor\/thumbs\/spiaggia-camping-orchidea-lago-maggiore-2-rd53lln74addn63ypv3zqcoppqmy8bwai2mbk5hv9k.jpg\" alt=\"CAMPING ORCHIDEA\" \/><\/figure><\/div>\t\t\t<\/div>\n\t\t\t\t\t\t\t\n\t\t\t\t\t\t\t\t\t<\/div>\n\t\t\t\t\t\t<\/div>\n\t\t\t\t<\/div>\n\t\t\t\t\t<\/div>\n\t\t<\/div>\n\t\t\t\t\t<\/div>\n\t\t<\/section>\n\t\t<div class=\"elementor-element elementor-element-376db4c e-flex e-con-boxed qodef-elementor-content-no e-con e-parent\" data-id=\"376db4c\" data-element_type=\"container\" data-e-type=\"container\">\n\t\t\t\t\t<div class=\"e-con-inner\">\n\t\t\t\t<div class=\"elementor-element elementor-element-59a20399 elementor-widget elementor-widget-qi_addons_for_elementor_clients_slider\" data-id=\"59a20399\" data-element_type=\"widget\" data-e-type=\"widget\" data-widget_type=\"qi_addons_for_elementor_clients_slider.default\">\n\t\t\t\t<div class=\"elementor-widget-container\">\n\t\t\t\t\t<div class=\"qodef-shortcode qodef-m qodef-qi-clients-slider qodef--hover-scale qodef-qi-grid qodef-qi-swiper-container qodef-navigation--outside qodef-navigation--hover-move\" data-options=\"{&quot;direction&quot;:&quot;horizontal&quot;,&quot;slidesPerView&quot;:&quot;6&quot;,&quot;spaceBetween&quot;:20,&quot;spaceBetweenTablet&quot;:30,&quot;spaceBetweenMobile&quot;:30,&quot;effect&quot;:&quot;&quot;,&quot;loop&quot;:true,&quot;autoplay&quot;:true,&quot;centeredSlides&quot;:false,&quot;speed&quot;:&quot;&quot;,&quot;speedAnimation&quot;:&quot;&quot;,&quot;outsideNavigation&quot;:&quot;yes&quot;,&quot;outsidePagination&quot;:&quot;no&quot;,&quot;unique&quot;:&quot;1&quot;,&quot;partialValue&quot;:0,&quot;disablePartialValue&quot;:&quot;&quot;,&quot;parallax&quot;:&quot;no&quot;,&quot;customStages&quot;:true,&quot;slidesPerView1680&quot;:&quot;6&quot;,&quot;slidesPerView1440&quot;:&quot;5&quot;,&quot;slidesPerView1366&quot;:&quot;3&quot;,&quot;slidesPerView1024&quot;:&quot;3&quot;,&quot;slidesPerView768&quot;:&quot;3&quot;,&quot;slidesPerView680&quot;:&quot;2&quot;,&quot;slidesPerView480&quot;:&quot;2&quot;}\">\n\t<div class=\"swiper-wrapper\">\n\t\t<div class=\"qodef-e swiper-slide\">\n\t<div class=\"qodef-e-inner\">\n\t\t\t\t<div class=\"qodef-e-images-holder\">\n\t\t\t\t\t\t\t<div class=\"qodef-e-main-image\">\n\t\t\t\t\t<img decoding=\"async\" width=\"300\" height=\"149\" src=\"https:\/\/www.campingorchidea.it\/wp-content\/uploads\/2024\/11\/camping-orchidea-partners-acsi.jpg\" class=\"attachment-full size-full\" alt=\"\" \/>\t\t\t\t<\/div>\n\t\t\t\t\t\t\t\t<\/div>\n\t\t\t\t\t\t\t<\/div>\n<\/div>\n<div class=\"qodef-e swiper-slide\">\n\t<div class=\"qodef-e-inner\">\n\t\t\t\t<div class=\"qodef-e-images-holder\">\n\t\t\t\t\t\t\t<div class=\"qodef-e-main-image\">\n\t\t\t\t\t<img decoding=\"async\" width=\"300\" height=\"149\" src=\"https:\/\/www.campingorchidea.it\/wp-content\/uploads\/2024\/11\/camping-orchidea-partners-adac.jpg\" class=\"attachment-full size-full\" alt=\"\" \/>\t\t\t\t<\/div>\n\t\t\t\t\t\t\t\t<\/div>\n\t\t\t\t\t\t\t<\/div>\n<\/div>\n<div class=\"qodef-e swiper-slide\">\n\t<div class=\"qodef-e-inner\">\n\t\t\t\t<div class=\"qodef-e-images-holder\">\n\t\t\t\t\t\t\t<div class=\"qodef-e-main-image\">\n\t\t\t\t\t<img decoding=\"async\" width=\"300\" height=\"149\" src=\"https:\/\/www.campingorchidea.it\/wp-content\/uploads\/2024\/11\/camping-orchidea-partners-anwb.jpg\" class=\"attachment-full size-full\" alt=\"\" \/>\t\t\t\t<\/div>\n\t\t\t\t\t\t\t\t<\/div>\n\t\t\t\t\t\t\t<\/div>\n<\/div>\n<div class=\"qodef-e swiper-slide\">\n\t<div class=\"qodef-e-inner\">\n\t\t\t\t<div class=\"qodef-e-images-holder\">\n\t\t\t\t\t\t\t<div class=\"qodef-e-main-image\">\n\t\t\t\t\t<img loading=\"lazy\" decoding=\"async\" width=\"300\" height=\"149\" src=\"https:\/\/www.campingorchidea.it\/wp-content\/uploads\/2024\/11\/camping-orchidea-partners-koobcamp.jpg\" class=\"attachment-full size-full\" alt=\"\" \/>\t\t\t\t<\/div>\n\t\t\t\t\t\t\t\t<\/div>\n\t\t\t\t\t\t\t<\/div>\n<\/div>\n<div class=\"qodef-e swiper-slide\">\n\t<div class=\"qodef-e-inner\">\n\t\t\t\t<div class=\"qodef-e-images-holder\">\n\t\t\t\t\t\t\t<div class=\"qodef-e-main-image\">\n\t\t\t\t\t<img loading=\"lazy\" decoding=\"async\" width=\"300\" height=\"149\" src=\"https:\/\/www.campingorchidea.it\/wp-content\/uploads\/2024\/11\/camping-orchidea-partners-consorzio-lago-maggiore-holidays.jpg\" class=\"attachment-full size-full\" alt=\"\" \/>\t\t\t\t<\/div>\n\t\t\t\t\t\t\t\t<\/div>\n\t\t\t\t\t\t\t<\/div>\n<\/div>\n<div class=\"qodef-e swiper-slide\">\n\t<div class=\"qodef-e-inner\">\n\t\t\t\t<div class=\"qodef-e-images-holder\">\n\t\t\t\t\t\t\t<div class=\"qodef-e-main-image\">\n\t\t\t\t\t<img loading=\"lazy\" decoding=\"async\" width=\"300\" height=\"149\" src=\"https:\/\/www.campingorchidea.it\/wp-content\/uploads\/2024\/11\/camping-orchidea-partners-regione-piemonte.jpg\" class=\"attachment-full size-full\" alt=\"\" \/>\t\t\t\t<\/div>\n\t\t\t\t\t\t\t\t<\/div>\n\t\t\t\t\t\t\t<\/div>\n<\/div>\n<div class=\"qodef-e swiper-slide\">\n\t<div class=\"qodef-e-inner\">\n\t\t\t\t<div class=\"qodef-e-images-holder\">\n\t\t\t\t\t\t\t<div class=\"qodef-e-main-image\">\n\t\t\t\t\t<img loading=\"lazy\" decoding=\"async\" width=\"300\" height=\"149\" src=\"https:\/\/www.campingorchidea.it\/wp-content\/uploads\/2024\/11\/camping-orchidea-partners-ospitalita-italiana.jpg\" class=\"attachment-full size-full\" alt=\"\" \/>\t\t\t\t<\/div>\n\t\t\t\t\t\t\t\t<\/div>\n\t\t\t\t\t\t\t<\/div>\n<\/div>\n\t<\/div>\n\t<\/div>\n\t\t<div class=\"swiper-button-prev swiper-button-outside swiper-button-prev-1\"><svg class=\"qodef-swiper-arrow-left\" xmlns=\"http:\/\/www.w3.org\/2000\/svg\" x=\"0px\" y=\"0px\" viewBox=\"0 0 34.2 32.3\" xml:space=\"preserve\" style=\"stroke-width: 2;\"><line x1=\"0.5\" y1=\"16\" x2=\"33.5\" y2=\"16\"\/><line x1=\"0.3\" y1=\"16.5\" x2=\"16.2\" y2=\"0.7\"\/><line x1=\"0\" y1=\"15.4\" x2=\"16.2\" y2=\"31.6\"\/><\/svg><\/div>\n\t<div class=\"swiper-button-next swiper-button-outside swiper-button-next-1\"><svg class=\"qodef-swiper-arrow-right\" xmlns=\"http:\/\/www.w3.org\/2000\/svg\" x=\"0px\" y=\"0px\" viewBox=\"0 0 34.2 32.3\" xml:space=\"preserve\" style=\"stroke-width: 2;\"><line x1=\"0\" y1=\"16\" x2=\"33\" y2=\"16\"\/><line x1=\"17.3\" y1=\"0.7\" x2=\"33.2\" y2=\"16.5\"\/><line x1=\"17.3\" y1=\"31.6\" x2=\"33.5\" y2=\"15.4\"\/><\/svg><\/div>\n\t\t\t\t\t<\/div>\n\t\t\t\t<\/div>\n\t\t\t\t\t<\/div>\n\t\t\t\t<\/div>\n\t\t\t\t<\/div>\n\t\t","protected":false},"excerpt":{"rendered":"<p>Camping Residence Orchidea Plage Au camping Residence Orchidea, vous trouverez deux plages de sable, en pente douce parfaites pour les plus petits, une zone de plage herbeuse appel\u00e9e \u00ab\u00a0zone verte\u00a0\u00bb \u00e9quip\u00e9e de chaises longues et parasols \u00e0 usage gratuit (de mi-mai \u00e0 mi-septembre) et douche. Sur la plage, il est possible de louer des SUP, [&hellip;]<\/p>\n","protected":false},"author":1,"featured_media":0,"parent":12770,"menu_order":0,"comment_status":"closed","ping_status":"closed","template":"page-full-width.php","meta":{"footnotes":""},"class_list":["post-17695","page","type-page","status-publish","hentry"],"yoast_head":"<!-- This site is optimized with the Yoast SEO plugin v27.2 - https:\/\/yoast.com\/product\/yoast-seo-wordpress\/ -->\n<title>Plage - Camping Residence Orchidea<\/title>\n<meta name=\"description\" content=\"Au camping Residence Orchidea, vous trouverez deux plages de sable et une zone de plage herbeuse \u00e9quip\u00e9e de chaises longues et parasols \u00e0 usage gratuit et douche.\" \/>\n<meta name=\"robots\" content=\"index, follow, max-snippet:-1, max-image-preview:large, max-video-preview:-1\" \/>\n<link rel=\"canonical\" href=\"https:\/\/www.campingorchidea.it\/fr\/service\/plage\/\" \/>\n<meta property=\"og:locale\" content=\"fr_FR\" \/>\n<meta property=\"og:type\" content=\"article\" \/>\n<meta property=\"og:title\" content=\"Plage - Camping Residence Orchidea\" \/>\n<meta property=\"og:description\" content=\"Au camping Residence Orchidea, vous trouverez deux plages de sable et une zone de plage herbeuse \u00e9quip\u00e9e de chaises longues et parasols \u00e0 usage gratuit et douche.\" \/>\n<meta property=\"og:url\" content=\"https:\/\/www.campingorchidea.it\/fr\/service\/plage\/\" \/>\n<meta property=\"og:site_name\" content=\"Camping Orchidea, Lago Maggiore\" \/>\n<meta property=\"article:modified_time\" content=\"2025-10-29T09:44:48+00:00\" \/>\n<meta property=\"og:image\" content=\"https:\/\/www.campingorchidea.it\/wp-content\/uploads\/elementor\/thumbs\/spiaggia-camping-orchidea-lago-maggiore-3-rd53lra89al3ktvrsxjr5b9ha1v5iiioiuj8ft9i88.jpg\" \/>\n<meta name=\"twitter:card\" content=\"summary_large_image\" \/>\n<meta name=\"twitter:label1\" content=\"Dur\u00e9e de lecture estim\u00e9e\" \/>\n\t<meta name=\"twitter:data1\" content=\"8 minutes\" \/>\n<script type=\"application\/ld+json\" class=\"yoast-schema-graph\">{\"@context\":\"https:\/\/schema.org\",\"@graph\":[{\"@type\":\"WebPage\",\"@id\":\"https:\/\/www.campingorchidea.it\/fr\/service\/plage\/\",\"url\":\"https:\/\/www.campingorchidea.it\/fr\/service\/plage\/\",\"name\":\"Plage - Camping Residence Orchidea\",\"isPartOf\":{\"@id\":\"https:\/\/www.campingorchidea.it\/fr\/#website\"},\"primaryImageOfPage\":{\"@id\":\"https:\/\/www.campingorchidea.it\/fr\/service\/plage\/#primaryimage\"},\"image\":{\"@id\":\"https:\/\/www.campingorchidea.it\/fr\/service\/plage\/#primaryimage\"},\"thumbnailUrl\":\"https:\/\/www.campingorchidea.it\/wp-content\/uploads\/elementor\/thumbs\/spiaggia-camping-orchidea-lago-maggiore-3-rd53lra89al3ktvrsxjr5b9ha1v5iiioiuj8ft9i88.jpg\",\"datePublished\":\"2025-10-13T10:20:16+00:00\",\"dateModified\":\"2025-10-29T09:44:48+00:00\",\"description\":\"Au camping Residence Orchidea, vous trouverez deux plages de sable et une zone de plage herbeuse \u00e9quip\u00e9e de chaises longues et parasols \u00e0 usage gratuit et douche.\",\"breadcrumb\":{\"@id\":\"https:\/\/www.campingorchidea.it\/fr\/service\/plage\/#breadcrumb\"},\"inLanguage\":\"fr-FR\",\"potentialAction\":[{\"@type\":\"ReadAction\",\"target\":[\"https:\/\/www.campingorchidea.it\/fr\/service\/plage\/\"]}]},{\"@type\":\"ImageObject\",\"inLanguage\":\"fr-FR\",\"@id\":\"https:\/\/www.campingorchidea.it\/fr\/service\/plage\/#primaryimage\",\"url\":\"https:\/\/www.campingorchidea.it\/wp-content\/uploads\/elementor\/thumbs\/spiaggia-camping-orchidea-lago-maggiore-3-rd53lra89al3ktvrsxjr5b9ha1v5iiioiuj8ft9i88.jpg\",\"contentUrl\":\"https:\/\/www.campingorchidea.it\/wp-content\/uploads\/elementor\/thumbs\/spiaggia-camping-orchidea-lago-maggiore-3-rd53lra89al3ktvrsxjr5b9ha1v5iiioiuj8ft9i88.jpg\"},{\"@type\":\"BreadcrumbList\",\"@id\":\"https:\/\/www.campingorchidea.it\/fr\/service\/plage\/#breadcrumb\",\"itemListElement\":[{\"@type\":\"ListItem\",\"position\":1,\"name\":\"Home\",\"item\":\"https:\/\/www.campingorchidea.it\/fr\/\"},{\"@type\":\"ListItem\",\"position\":2,\"name\":\"Service\",\"item\":\"https:\/\/www.campingorchidea.it\/fr\/dienstleistungen\/\"},{\"@type\":\"ListItem\",\"position\":3,\"name\":\"Plage\"}]},{\"@type\":\"WebSite\",\"@id\":\"https:\/\/www.campingorchidea.it\/fr\/#website\",\"url\":\"https:\/\/www.campingorchidea.it\/fr\/\",\"name\":\"Camping Orchidea, Lago Maggiore\",\"description\":\"\",\"potentialAction\":[{\"@type\":\"SearchAction\",\"target\":{\"@type\":\"EntryPoint\",\"urlTemplate\":\"https:\/\/www.campingorchidea.it\/fr\/?s={search_term_string}\"},\"query-input\":{\"@type\":\"PropertyValueSpecification\",\"valueRequired\":true,\"valueName\":\"search_term_string\"}}],\"inLanguage\":\"fr-FR\"}]}<\/script>\n<!-- \/ Yoast SEO plugin. -->","yoast_head_json":{"title":"Plage - Camping Residence Orchidea","description":"Au camping Residence Orchidea, vous trouverez deux plages de sable et une zone de plage herbeuse \u00e9quip\u00e9e de chaises longues et parasols \u00e0 usage gratuit et douche.","robots":{"index":"index","follow":"follow","max-snippet":"max-snippet:-1","max-image-preview":"max-image-preview:large","max-video-preview":"max-video-preview:-1"},"canonical":"https:\/\/www.campingorchidea.it\/fr\/service\/plage\/","og_locale":"fr_FR","og_type":"article","og_title":"Plage - Camping Residence Orchidea","og_description":"Au camping Residence Orchidea, vous trouverez deux plages de sable et une zone de plage herbeuse \u00e9quip\u00e9e de chaises longues et parasols \u00e0 usage gratuit et douche.","og_url":"https:\/\/www.campingorchidea.it\/fr\/service\/plage\/","og_site_name":"Camping Orchidea, Lago Maggiore","article_modified_time":"2025-10-29T09:44:48+00:00","og_image":[{"url":"https:\/\/www.campingorchidea.it\/wp-content\/uploads\/elementor\/thumbs\/spiaggia-camping-orchidea-lago-maggiore-3-rd53lra89al3ktvrsxjr5b9ha1v5iiioiuj8ft9i88.jpg","type":"","width":"","height":""}],"twitter_card":"summary_large_image","twitter_misc":{"Dur\u00e9e de lecture estim\u00e9e":"8 minutes"},"schema":{"@context":"https:\/\/schema.org","@graph":[{"@type":"WebPage","@id":"https:\/\/www.campingorchidea.it\/fr\/service\/plage\/","url":"https:\/\/www.campingorchidea.it\/fr\/service\/plage\/","name":"Plage - Camping Residence Orchidea","isPartOf":{"@id":"https:\/\/www.campingorchidea.it\/fr\/#website"},"primaryImageOfPage":{"@id":"https:\/\/www.campingorchidea.it\/fr\/service\/plage\/#primaryimage"},"image":{"@id":"https:\/\/www.campingorchidea.it\/fr\/service\/plage\/#primaryimage"},"thumbnailUrl":"https:\/\/www.campingorchidea.it\/wp-content\/uploads\/elementor\/thumbs\/spiaggia-camping-orchidea-lago-maggiore-3-rd53lra89al3ktvrsxjr5b9ha1v5iiioiuj8ft9i88.jpg","datePublished":"2025-10-13T10:20:16+00:00","dateModified":"2025-10-29T09:44:48+00:00","description":"Au camping Residence Orchidea, vous trouverez deux plages de sable et une zone de plage herbeuse \u00e9quip\u00e9e de chaises longues et parasols \u00e0 usage gratuit et douche.","breadcrumb":{"@id":"https:\/\/www.campingorchidea.it\/fr\/service\/plage\/#breadcrumb"},"inLanguage":"fr-FR","potentialAction":[{"@type":"ReadAction","target":["https:\/\/www.campingorchidea.it\/fr\/service\/plage\/"]}]},{"@type":"ImageObject","inLanguage":"fr-FR","@id":"https:\/\/www.campingorchidea.it\/fr\/service\/plage\/#primaryimage","url":"https:\/\/www.campingorchidea.it\/wp-content\/uploads\/elementor\/thumbs\/spiaggia-camping-orchidea-lago-maggiore-3-rd53lra89al3ktvrsxjr5b9ha1v5iiioiuj8ft9i88.jpg","contentUrl":"https:\/\/www.campingorchidea.it\/wp-content\/uploads\/elementor\/thumbs\/spiaggia-camping-orchidea-lago-maggiore-3-rd53lra89al3ktvrsxjr5b9ha1v5iiioiuj8ft9i88.jpg"},{"@type":"BreadcrumbList","@id":"https:\/\/www.campingorchidea.it\/fr\/service\/plage\/#breadcrumb","itemListElement":[{"@type":"ListItem","position":1,"name":"Home","item":"https:\/\/www.campingorchidea.it\/fr\/"},{"@type":"ListItem","position":2,"name":"Service","item":"https:\/\/www.campingorchidea.it\/fr\/dienstleistungen\/"},{"@type":"ListItem","position":3,"name":"Plage"}]},{"@type":"WebSite","@id":"https:\/\/www.campingorchidea.it\/fr\/#website","url":"https:\/\/www.campingorchidea.it\/fr\/","name":"Camping Orchidea, Lago Maggiore","description":"","potentialAction":[{"@type":"SearchAction","target":{"@type":"EntryPoint","urlTemplate":"https:\/\/www.campingorchidea.it\/fr\/?s={search_term_string}"},"query-input":{"@type":"PropertyValueSpecification","valueRequired":true,"valueName":"search_term_string"}}],"inLanguage":"fr-FR"}]}},"_links":{"self":[{"href":"https:\/\/www.campingorchidea.it\/fr\/wp-json\/wp\/v2\/pages\/17695","targetHints":{"allow":["GET"]}}],"collection":[{"href":"https:\/\/www.campingorchidea.it\/fr\/wp-json\/wp\/v2\/pages"}],"about":[{"href":"https:\/\/www.campingorchidea.it\/fr\/wp-json\/wp\/v2\/types\/page"}],"author":[{"embeddable":true,"href":"https:\/\/www.campingorchidea.it\/fr\/wp-json\/wp\/v2\/users\/1"}],"replies":[{"embeddable":true,"href":"https:\/\/www.campingorchidea.it\/fr\/wp-json\/wp\/v2\/comments?post=17695"}],"version-history":[{"count":0,"href":"https:\/\/www.campingorchidea.it\/fr\/wp-json\/wp\/v2\/pages\/17695\/revisions"}],"up":[{"embeddable":true,"href":"https:\/\/www.campingorchidea.it\/fr\/wp-json\/wp\/v2\/pages\/12770"}],"wp:attachment":[{"href":"https:\/\/www.campingorchidea.it\/fr\/wp-json\/wp\/v2\/media?parent=17695"}],"curies":[{"name":"wp","href":"https:\/\/api.w.org\/{rel}","templated":true}]}}