{"id":12766,"date":"2024-11-26T19:52:44","date_gmt":"2024-11-26T18:52:44","guid":{"rendered":"https:\/\/www.campingorchidea.it\/piscina\/"},"modified":"2025-10-29T10:41:15","modified_gmt":"2025-10-29T09:41:15","slug":"piscine","status":"publish","type":"page","link":"https:\/\/www.campingorchidea.it\/fr\/service\/piscine\/","title":{"rendered":"Piscine"},"content":{"rendered":"\t\t<div data-elementor-type=\"wp-page\" data-elementor-id=\"12766\" class=\"elementor elementor-12766 elementor-11611\">\n\t\t\t\t\t\t<section class=\"elementor-section elementor-top-section elementor-element elementor-element-efce3ef elementor-section-full_width qodef-elementor-content-grid elementor-section-height-default elementor-section-height-default\" data-id=\"efce3ef\" data-element_type=\"section\" data-e-type=\"section\" data-settings=\"{&quot;background_background&quot;:&quot;gradient&quot;}\">\n\t\t\t\t\t\t\t<div class=\"elementor-background-overlay\"><\/div>\n\t\t\t\t\t\t\t<div class=\"elementor-container elementor-column-gap-default\">\n\t\t\t\t\t<div class=\"elementor-column elementor-col-100 elementor-top-column elementor-element elementor-element-424918e\" data-id=\"424918e\" data-element_type=\"column\" data-e-type=\"column\">\n\t\t\t<div class=\"elementor-widget-wrap elementor-element-populated\">\n\t\t\t\t\t\t<div class=\"elementor-element elementor-element-c5e46ae titolosfondo elementor-widget elementor-widget-kamperen_core_section_title\" data-id=\"c5e46ae\" data-element_type=\"widget\" data-e-type=\"widget\" data-widget_type=\"kamperen_core_section_title.default\">\n\t\t\t\t<div class=\"elementor-widget-container\">\n\t\t\t\t\t<div class=\"qodef-shortcode qodef-m qodef-section-title qodef-alignment--center\">\n\t\t<div class=\"qodef-m-tagline-mark\" >\n\t\tCAMPING RESIDENCE ORCHIDEA\t<\/div>\n\t\t<h1 class=\"qodef-m-title\" >\n\t\t\t\t\t NOTRE PISCINE<br \/> SUR LE LAC MAJEUR\t\t\t<\/h1>\n\t<\/div>\n\t\t\t\t<\/div>\n\t\t\t\t<\/div>\n\t\t\t\t<div class=\"elementor-element elementor-element-c3f5aa4 elementor-widget elementor-widget-text-editor\" data-id=\"c3f5aa4\" data-element_type=\"widget\" data-e-type=\"widget\" data-widget_type=\"text-editor.default\">\n\t\t\t\t<div class=\"elementor-widget-container\">\n\t\t\t\t\t\t\t\t\t<p>Nous offrons \u00e0 nos clients une piscine avec zone natation avec une profondeur maximale de 1.30 mt, une zone enfants avec glissi\u00e8re et avec une profondeur maximale de 0.65 mt, une zone relax avec 4 lits jacuzzi.<br \/>Au bord de la piscine vous trouvez \u00e0 disposition des transats et des parasols. A la piscine il faut utiliser le bonnet de bain et il est interdit de boire et de manger \u00e0 l\u2019int\u00e9rieur de la zone des bains.<\/p><p><strong>Piscine ouverte de mai \u00e0 septembre<\/strong><\/p>\t\t\t\t\t\t\t\t<\/div>\n\t\t\t\t<\/div>\n\t\t\t\t<div class=\"elementor-element elementor-element-3dc4f74 elementor-widget elementor-widget-spacer\" data-id=\"3dc4f74\" data-element_type=\"widget\" data-e-type=\"widget\" data-widget_type=\"spacer.default\">\n\t\t\t\t<div class=\"elementor-widget-container\">\n\t\t\t\t\t\t\t<div class=\"elementor-spacer\">\n\t\t\t<div class=\"elementor-spacer-inner\"><\/div>\n\t\t<\/div>\n\t\t\t\t\t\t<\/div>\n\t\t\t\t<\/div>\n\t\t\t\t<div class=\"elementor-element elementor-element-501b3b1 elementor-widget__width-auto elementor-widget elementor-widget-qi_addons_for_elementor_button\" data-id=\"501b3b1\" data-element_type=\"widget\" data-e-type=\"widget\" data-widget_type=\"qi_addons_for_elementor_button.default\">\n\t\t\t\t<div class=\"elementor-widget-container\">\n\t\t\t\t\t<a class=\"qodef-shortcode qodef-m qodef-qi-button qodef-html--link qodef-layout--outlined qodef-type--standard qodef-size--small qodef-icon--right qodef-hover--icon-move-horizontal-short\" href=\"\/docs\/REGOLAMENTO-PISCINA_FR.pdf\" target=\"_blank\">\n\t<span class=\"qodef-m-text\">R\u00e8glement de la piscine<\/span>\n\t<\/a>\n\t\t\t\t<\/div>\n\t\t\t\t<\/div>\n\t\t\t\t\t<\/div>\n\t\t<\/div>\n\t\t\t\t\t<\/div>\n\t\t<\/section>\n\t\t\t\t<section class=\"elementor-section elementor-top-section elementor-element elementor-element-9f057a4 elementor-section-full_width elementor-section-height-default elementor-section-height-default qodef-elementor-content-no\" data-id=\"9f057a4\" data-element_type=\"section\" data-e-type=\"section\">\n\t\t\t\t\t\t<div class=\"elementor-container elementor-column-gap-default\">\n\t\t\t\t\t<div class=\"elementor-column elementor-col-100 elementor-top-column elementor-element elementor-element-db9b8db\" data-id=\"db9b8db\" data-element_type=\"column\" data-e-type=\"column\">\n\t\t\t<div class=\"elementor-widget-wrap elementor-element-populated\">\n\t\t\t\t\t\t<div class=\"elementor-element elementor-element-5fd7140 elementor-widget elementor-widget-image-carousel\" data-id=\"5fd7140\" data-element_type=\"widget\" data-e-type=\"widget\" data-settings=\"{&quot;slides_to_show&quot;:&quot;3&quot;,&quot;navigation&quot;:&quot;none&quot;,&quot;autoplay_speed&quot;:2000,&quot;speed&quot;:2000,&quot;autoplay&quot;:&quot;yes&quot;,&quot;image_spacing_custom&quot;:{&quot;unit&quot;:&quot;px&quot;,&quot;size&quot;:20,&quot;sizes&quot;:[]},&quot;image_spacing_custom_tablet&quot;:{&quot;unit&quot;:&quot;px&quot;,&quot;size&quot;:&quot;&quot;,&quot;sizes&quot;:[]},&quot;image_spacing_custom_mobile&quot;:{&quot;unit&quot;:&quot;px&quot;,&quot;size&quot;:&quot;&quot;,&quot;sizes&quot;:[]}}\" data-widget_type=\"image-carousel.default\">\n\t\t\t\t<div class=\"elementor-widget-container\">\n\t\t\t\t\t\t\t<div class=\"elementor-image-carousel-wrapper swiper\" role=\"region\" aria-roledescription=\"carousel\" aria-label=\"Carosello d&#039;immagini\" dir=\"ltr\">\n\t\t\t<div class=\"elementor-image-carousel swiper-wrapper\" aria-live=\"off\">\n\t\t\t\t\t\t\t\t<div class=\"swiper-slide\" role=\"group\" aria-roledescription=\"slide\" aria-label=\"1 sur 3\"><figure class=\"swiper-slide-inner\"><img decoding=\"async\" class=\"swiper-slide-image\" src=\"https:\/\/www.campingorchidea.it\/wp-content\/uploads\/elementor\/thumbs\/piscina-campeggio-orchidea-feriolo-lago-maggiore-qwo00fr5gfl0ag9imxjvs64hc3shyppnvf9xislysw.jpg\" alt=\"piscina-campeggio-orchidea-feriolo-lago-maggiore\" \/><\/figure><\/div><div class=\"swiper-slide\" role=\"group\" aria-roledescription=\"slide\" aria-label=\"2 sur 3\"><figure class=\"swiper-slide-inner\"><img decoding=\"async\" class=\"swiper-slide-image\" src=\"https:\/\/www.campingorchidea.it\/wp-content\/uploads\/elementor\/thumbs\/piscina-camping-residence-orchidea-lago-maggiore-qwnze7uhwf5zuajfdtsdc9z7t7b50ai35g3q4bjzw0.jpg\" alt=\"piscina-camping-residence-orchidea-lago-maggiore\" \/><\/figure><\/div><div class=\"swiper-slide\" role=\"group\" aria-roledescription=\"slide\" aria-label=\"3 sur 3\"><figure class=\"swiper-slide-inner\"><img decoding=\"async\" class=\"swiper-slide-image\" src=\"https:\/\/www.campingorchidea.it\/wp-content\/uploads\/elementor\/thumbs\/piscina-camping-residence-orchidea-lago-maggiore1-qxn0xa7kg0yu3emfaqmapxyu9q8c1p5xt5h1cq6now.jpg\" alt=\"piscina-camping-residence-orchidea-lago-maggiore1\" \/><\/figure><\/div>\t\t\t<\/div>\n\t\t\t\t\t\t\t\n\t\t\t\t\t\t\t\t\t<\/div>\n\t\t\t\t\t\t<\/div>\n\t\t\t\t<\/div>\n\t\t\t\t\t<\/div>\n\t\t<\/div>\n\t\t\t\t\t<\/div>\n\t\t<\/section>\n\t\t<div class=\"elementor-element elementor-element-493f5bcc e-flex e-con-boxed qodef-elementor-content-no e-con e-parent\" data-id=\"493f5bcc\" data-element_type=\"container\" data-e-type=\"container\">\n\t\t\t\t\t<div class=\"e-con-inner\">\n\t\t\t\t<div class=\"elementor-element elementor-element-7d9d7efe elementor-widget elementor-widget-qi_addons_for_elementor_clients_slider\" data-id=\"7d9d7efe\" data-element_type=\"widget\" data-e-type=\"widget\" data-widget_type=\"qi_addons_for_elementor_clients_slider.default\">\n\t\t\t\t<div class=\"elementor-widget-container\">\n\t\t\t\t\t<div class=\"qodef-shortcode qodef-m qodef-qi-clients-slider qodef--hover-scale qodef-qi-grid qodef-qi-swiper-container qodef-navigation--outside qodef-navigation--hover-move\" data-options=\"{&quot;direction&quot;:&quot;horizontal&quot;,&quot;slidesPerView&quot;:&quot;6&quot;,&quot;spaceBetween&quot;:20,&quot;spaceBetweenTablet&quot;:30,&quot;spaceBetweenMobile&quot;:30,&quot;effect&quot;:&quot;&quot;,&quot;loop&quot;:true,&quot;autoplay&quot;:true,&quot;centeredSlides&quot;:false,&quot;speed&quot;:&quot;&quot;,&quot;speedAnimation&quot;:&quot;&quot;,&quot;outsideNavigation&quot;:&quot;yes&quot;,&quot;outsidePagination&quot;:&quot;no&quot;,&quot;unique&quot;:&quot;1&quot;,&quot;partialValue&quot;:0,&quot;disablePartialValue&quot;:&quot;&quot;,&quot;parallax&quot;:&quot;no&quot;,&quot;customStages&quot;:true,&quot;slidesPerView1680&quot;:&quot;6&quot;,&quot;slidesPerView1440&quot;:&quot;5&quot;,&quot;slidesPerView1366&quot;:&quot;3&quot;,&quot;slidesPerView1024&quot;:&quot;3&quot;,&quot;slidesPerView768&quot;:&quot;3&quot;,&quot;slidesPerView680&quot;:&quot;2&quot;,&quot;slidesPerView480&quot;:&quot;2&quot;}\">\n\t<div class=\"swiper-wrapper\">\n\t\t<div class=\"qodef-e swiper-slide\">\n\t<div class=\"qodef-e-inner\">\n\t\t\t\t<div class=\"qodef-e-images-holder\">\n\t\t\t\t\t\t\t<div class=\"qodef-e-main-image\">\n\t\t\t\t\t<img decoding=\"async\" width=\"300\" height=\"149\" src=\"https:\/\/www.campingorchidea.it\/wp-content\/uploads\/2024\/11\/camping-orchidea-partners-acsi.jpg\" class=\"attachment-full size-full\" alt=\"\" \/>\t\t\t\t<\/div>\n\t\t\t\t\t\t\t\t<\/div>\n\t\t\t\t\t\t\t<\/div>\n<\/div>\n<div class=\"qodef-e swiper-slide\">\n\t<div class=\"qodef-e-inner\">\n\t\t\t\t<div class=\"qodef-e-images-holder\">\n\t\t\t\t\t\t\t<div class=\"qodef-e-main-image\">\n\t\t\t\t\t<img decoding=\"async\" width=\"300\" height=\"149\" src=\"https:\/\/www.campingorchidea.it\/wp-content\/uploads\/2024\/11\/camping-orchidea-partners-adac.jpg\" class=\"attachment-full size-full\" alt=\"\" \/>\t\t\t\t<\/div>\n\t\t\t\t\t\t\t\t<\/div>\n\t\t\t\t\t\t\t<\/div>\n<\/div>\n<div class=\"qodef-e swiper-slide\">\n\t<div class=\"qodef-e-inner\">\n\t\t\t\t<div class=\"qodef-e-images-holder\">\n\t\t\t\t\t\t\t<div class=\"qodef-e-main-image\">\n\t\t\t\t\t<img decoding=\"async\" width=\"300\" height=\"149\" src=\"https:\/\/www.campingorchidea.it\/wp-content\/uploads\/2024\/11\/camping-orchidea-partners-anwb.jpg\" class=\"attachment-full size-full\" alt=\"\" \/>\t\t\t\t<\/div>\n\t\t\t\t\t\t\t\t<\/div>\n\t\t\t\t\t\t\t<\/div>\n<\/div>\n<div class=\"qodef-e swiper-slide\">\n\t<div class=\"qodef-e-inner\">\n\t\t\t\t<div class=\"qodef-e-images-holder\">\n\t\t\t\t\t\t\t<div class=\"qodef-e-main-image\">\n\t\t\t\t\t<img loading=\"lazy\" decoding=\"async\" width=\"300\" height=\"149\" src=\"https:\/\/www.campingorchidea.it\/wp-content\/uploads\/2024\/11\/camping-orchidea-partners-koobcamp.jpg\" class=\"attachment-full size-full\" alt=\"\" \/>\t\t\t\t<\/div>\n\t\t\t\t\t\t\t\t<\/div>\n\t\t\t\t\t\t\t<\/div>\n<\/div>\n<div class=\"qodef-e swiper-slide\">\n\t<div class=\"qodef-e-inner\">\n\t\t\t\t<div class=\"qodef-e-images-holder\">\n\t\t\t\t\t\t\t<div class=\"qodef-e-main-image\">\n\t\t\t\t\t<img loading=\"lazy\" decoding=\"async\" width=\"300\" height=\"149\" src=\"https:\/\/www.campingorchidea.it\/wp-content\/uploads\/2024\/11\/camping-orchidea-partners-consorzio-lago-maggiore-holidays.jpg\" class=\"attachment-full size-full\" alt=\"\" \/>\t\t\t\t<\/div>\n\t\t\t\t\t\t\t\t<\/div>\n\t\t\t\t\t\t\t<\/div>\n<\/div>\n<div class=\"qodef-e swiper-slide\">\n\t<div class=\"qodef-e-inner\">\n\t\t\t\t<div class=\"qodef-e-images-holder\">\n\t\t\t\t\t\t\t<div class=\"qodef-e-main-image\">\n\t\t\t\t\t<img loading=\"lazy\" decoding=\"async\" width=\"300\" height=\"149\" src=\"https:\/\/www.campingorchidea.it\/wp-content\/uploads\/2024\/11\/camping-orchidea-partners-regione-piemonte.jpg\" class=\"attachment-full size-full\" alt=\"\" \/>\t\t\t\t<\/div>\n\t\t\t\t\t\t\t\t<\/div>\n\t\t\t\t\t\t\t<\/div>\n<\/div>\n<div class=\"qodef-e swiper-slide\">\n\t<div class=\"qodef-e-inner\">\n\t\t\t\t<div class=\"qodef-e-images-holder\">\n\t\t\t\t\t\t\t<div class=\"qodef-e-main-image\">\n\t\t\t\t\t<img loading=\"lazy\" decoding=\"async\" width=\"300\" height=\"149\" src=\"https:\/\/www.campingorchidea.it\/wp-content\/uploads\/2024\/11\/camping-orchidea-partners-ospitalita-italiana.jpg\" class=\"attachment-full size-full\" alt=\"\" \/>\t\t\t\t<\/div>\n\t\t\t\t\t\t\t\t<\/div>\n\t\t\t\t\t\t\t<\/div>\n<\/div>\n\t<\/div>\n\t<\/div>\n\t\t<div class=\"swiper-button-prev swiper-button-outside swiper-button-prev-1\"><svg class=\"qodef-swiper-arrow-left\" xmlns=\"http:\/\/www.w3.org\/2000\/svg\" x=\"0px\" y=\"0px\" viewBox=\"0 0 34.2 32.3\" xml:space=\"preserve\" style=\"stroke-width: 2;\"><line x1=\"0.5\" y1=\"16\" x2=\"33.5\" y2=\"16\"\/><line x1=\"0.3\" y1=\"16.5\" x2=\"16.2\" y2=\"0.7\"\/><line x1=\"0\" y1=\"15.4\" x2=\"16.2\" y2=\"31.6\"\/><\/svg><\/div>\n\t<div class=\"swiper-button-next swiper-button-outside swiper-button-next-1\"><svg class=\"qodef-swiper-arrow-right\" xmlns=\"http:\/\/www.w3.org\/2000\/svg\" x=\"0px\" y=\"0px\" viewBox=\"0 0 34.2 32.3\" xml:space=\"preserve\" style=\"stroke-width: 2;\"><line x1=\"0\" y1=\"16\" x2=\"33\" y2=\"16\"\/><line x1=\"17.3\" y1=\"0.7\" x2=\"33.2\" y2=\"16.5\"\/><line x1=\"17.3\" y1=\"31.6\" x2=\"33.5\" y2=\"15.4\"\/><\/svg><\/div>\n\t\t\t\t\t<\/div>\n\t\t\t\t<\/div>\n\t\t\t\t\t<\/div>\n\t\t\t\t<\/div>\n\t\t\t\t<\/div>\n\t\t","protected":false},"excerpt":{"rendered":"<p>CAMPING RESIDENCE ORCHIDEA NOTRE PISCINE SUR LE LAC MAJEUR Nous offrons \u00e0 nos clients une piscine avec zone natation avec une profondeur maximale de 1.30 mt, une zone enfants avec glissi\u00e8re et avec une profondeur maximale de 0.65 mt, une zone relax avec 4 lits jacuzzi.Au bord de la piscine vous trouvez \u00e0 disposition des [&hellip;]<\/p>\n","protected":false},"author":2,"featured_media":0,"parent":12770,"menu_order":0,"comment_status":"closed","ping_status":"closed","template":"page-full-width.php","meta":{"footnotes":""},"class_list":["post-12766","page","type-page","status-publish","hentry"],"yoast_head":"<!-- This site is optimized with the Yoast SEO plugin v27.4 - https:\/\/yoast.com\/product\/yoast-seo-wordpress\/ -->\n<title>Notre piscine : d\u00e9tente et plaisir pour toute la famille<\/title>\n<meta name=\"description\" content=\"Profitez de la piscine du Camping Orchidea : espace de baignade, espace enfants avec toboggan, chaises longues et espace d\u00e9tente. Ouvert de mai \u00e0 septembre !\" \/>\n<meta name=\"robots\" content=\"index, follow, max-snippet:-1, max-image-preview:large, max-video-preview:-1\" \/>\n<link rel=\"canonical\" href=\"https:\/\/www.campingorchidea.it\/fr\/service\/piscine\/\" \/>\n<meta property=\"og:locale\" content=\"fr_FR\" \/>\n<meta property=\"og:type\" content=\"article\" \/>\n<meta property=\"og:title\" content=\"Notre piscine : d\u00e9tente et plaisir pour toute la famille\" \/>\n<meta property=\"og:description\" content=\"Profitez de la piscine du Camping Orchidea : espace de baignade, espace enfants avec toboggan, chaises longues et espace d\u00e9tente. Ouvert de mai \u00e0 septembre !\" \/>\n<meta property=\"og:url\" content=\"https:\/\/www.campingorchidea.it\/fr\/service\/piscine\/\" \/>\n<meta property=\"og:site_name\" content=\"Camping Orchidea, Lago Maggiore\" \/>\n<meta property=\"article:modified_time\" content=\"2025-10-29T09:41:15+00:00\" \/>\n<meta property=\"og:image\" content=\"https:\/\/www.campingorchidea.it\/wp-content\/uploads\/elementor\/thumbs\/piscina-campeggio-orchidea-feriolo-lago-maggiore-qwo00fr5gfl0ag9imxjvs64hc3shyppnvf9xislysw.jpg\" \/>\n<meta name=\"twitter:card\" content=\"summary_large_image\" \/>\n<meta name=\"twitter:label1\" content=\"Dur\u00e9e de lecture estim\u00e9e\" \/>\n\t<meta name=\"twitter:data1\" content=\"6 minutes\" \/>\n<script type=\"application\/ld+json\" class=\"yoast-schema-graph\">{\"@context\":\"https:\\\/\\\/schema.org\",\"@graph\":[{\"@type\":\"WebPage\",\"@id\":\"https:\\\/\\\/www.campingorchidea.it\\\/fr\\\/service\\\/piscine\\\/\",\"url\":\"https:\\\/\\\/www.campingorchidea.it\\\/fr\\\/service\\\/piscine\\\/\",\"name\":\"Notre piscine : d\u00e9tente et plaisir pour toute la famille\",\"isPartOf\":{\"@id\":\"https:\\\/\\\/www.campingorchidea.it\\\/fr\\\/#website\"},\"primaryImageOfPage\":{\"@id\":\"https:\\\/\\\/www.campingorchidea.it\\\/fr\\\/service\\\/piscine\\\/#primaryimage\"},\"image\":{\"@id\":\"https:\\\/\\\/www.campingorchidea.it\\\/fr\\\/service\\\/piscine\\\/#primaryimage\"},\"thumbnailUrl\":\"https:\\\/\\\/www.campingorchidea.it\\\/wp-content\\\/uploads\\\/elementor\\\/thumbs\\\/piscina-campeggio-orchidea-feriolo-lago-maggiore-qwo00fr5gfl0ag9imxjvs64hc3shyppnvf9xislysw.jpg\",\"datePublished\":\"2024-11-26T18:52:44+00:00\",\"dateModified\":\"2025-10-29T09:41:15+00:00\",\"description\":\"Profitez de la piscine du Camping Orchidea : espace de baignade, espace enfants avec toboggan, chaises longues et espace d\u00e9tente. Ouvert de mai \u00e0 septembre !\",\"breadcrumb\":{\"@id\":\"https:\\\/\\\/www.campingorchidea.it\\\/fr\\\/service\\\/piscine\\\/#breadcrumb\"},\"inLanguage\":\"fr-FR\",\"potentialAction\":[{\"@type\":\"ReadAction\",\"target\":[\"https:\\\/\\\/www.campingorchidea.it\\\/fr\\\/service\\\/piscine\\\/\"]}]},{\"@type\":\"ImageObject\",\"inLanguage\":\"fr-FR\",\"@id\":\"https:\\\/\\\/www.campingorchidea.it\\\/fr\\\/service\\\/piscine\\\/#primaryimage\",\"url\":\"https:\\\/\\\/www.campingorchidea.it\\\/wp-content\\\/uploads\\\/elementor\\\/thumbs\\\/piscina-campeggio-orchidea-feriolo-lago-maggiore-qwo00fr5gfl0ag9imxjvs64hc3shyppnvf9xislysw.jpg\",\"contentUrl\":\"https:\\\/\\\/www.campingorchidea.it\\\/wp-content\\\/uploads\\\/elementor\\\/thumbs\\\/piscina-campeggio-orchidea-feriolo-lago-maggiore-qwo00fr5gfl0ag9imxjvs64hc3shyppnvf9xislysw.jpg\"},{\"@type\":\"BreadcrumbList\",\"@id\":\"https:\\\/\\\/www.campingorchidea.it\\\/fr\\\/service\\\/piscine\\\/#breadcrumb\",\"itemListElement\":[{\"@type\":\"ListItem\",\"position\":1,\"name\":\"Home\",\"item\":\"https:\\\/\\\/www.campingorchidea.it\\\/fr\\\/\"},{\"@type\":\"ListItem\",\"position\":2,\"name\":\"Service\",\"item\":\"https:\\\/\\\/www.campingorchidea.it\\\/fr\\\/dienstleistungen\\\/\"},{\"@type\":\"ListItem\",\"position\":3,\"name\":\"Piscine\"}]},{\"@type\":\"WebSite\",\"@id\":\"https:\\\/\\\/www.campingorchidea.it\\\/fr\\\/#website\",\"url\":\"https:\\\/\\\/www.campingorchidea.it\\\/fr\\\/\",\"name\":\"Camping Orchidea, Lago Maggiore\",\"description\":\"\",\"potentialAction\":[{\"@type\":\"SearchAction\",\"target\":{\"@type\":\"EntryPoint\",\"urlTemplate\":\"https:\\\/\\\/www.campingorchidea.it\\\/fr\\\/?s={search_term_string}\"},\"query-input\":{\"@type\":\"PropertyValueSpecification\",\"valueRequired\":true,\"valueName\":\"search_term_string\"}}],\"inLanguage\":\"fr-FR\"}]}<\/script>\n<!-- \/ Yoast SEO plugin. -->","yoast_head_json":{"title":"Notre piscine : d\u00e9tente et plaisir pour toute la famille","description":"Profitez de la piscine du Camping Orchidea : espace de baignade, espace enfants avec toboggan, chaises longues et espace d\u00e9tente. Ouvert de mai \u00e0 septembre !","robots":{"index":"index","follow":"follow","max-snippet":"max-snippet:-1","max-image-preview":"max-image-preview:large","max-video-preview":"max-video-preview:-1"},"canonical":"https:\/\/www.campingorchidea.it\/fr\/service\/piscine\/","og_locale":"fr_FR","og_type":"article","og_title":"Notre piscine : d\u00e9tente et plaisir pour toute la famille","og_description":"Profitez de la piscine du Camping Orchidea : espace de baignade, espace enfants avec toboggan, chaises longues et espace d\u00e9tente. Ouvert de mai \u00e0 septembre !","og_url":"https:\/\/www.campingorchidea.it\/fr\/service\/piscine\/","og_site_name":"Camping Orchidea, Lago Maggiore","article_modified_time":"2025-10-29T09:41:15+00:00","og_image":[{"url":"https:\/\/www.campingorchidea.it\/wp-content\/uploads\/elementor\/thumbs\/piscina-campeggio-orchidea-feriolo-lago-maggiore-qwo00fr5gfl0ag9imxjvs64hc3shyppnvf9xislysw.jpg","type":"","width":"","height":""}],"twitter_card":"summary_large_image","twitter_misc":{"Dur\u00e9e de lecture estim\u00e9e":"6 minutes"},"schema":{"@context":"https:\/\/schema.org","@graph":[{"@type":"WebPage","@id":"https:\/\/www.campingorchidea.it\/fr\/service\/piscine\/","url":"https:\/\/www.campingorchidea.it\/fr\/service\/piscine\/","name":"Notre piscine : d\u00e9tente et plaisir pour toute la famille","isPartOf":{"@id":"https:\/\/www.campingorchidea.it\/fr\/#website"},"primaryImageOfPage":{"@id":"https:\/\/www.campingorchidea.it\/fr\/service\/piscine\/#primaryimage"},"image":{"@id":"https:\/\/www.campingorchidea.it\/fr\/service\/piscine\/#primaryimage"},"thumbnailUrl":"https:\/\/www.campingorchidea.it\/wp-content\/uploads\/elementor\/thumbs\/piscina-campeggio-orchidea-feriolo-lago-maggiore-qwo00fr5gfl0ag9imxjvs64hc3shyppnvf9xislysw.jpg","datePublished":"2024-11-26T18:52:44+00:00","dateModified":"2025-10-29T09:41:15+00:00","description":"Profitez de la piscine du Camping Orchidea : espace de baignade, espace enfants avec toboggan, chaises longues et espace d\u00e9tente. Ouvert de mai \u00e0 septembre !","breadcrumb":{"@id":"https:\/\/www.campingorchidea.it\/fr\/service\/piscine\/#breadcrumb"},"inLanguage":"fr-FR","potentialAction":[{"@type":"ReadAction","target":["https:\/\/www.campingorchidea.it\/fr\/service\/piscine\/"]}]},{"@type":"ImageObject","inLanguage":"fr-FR","@id":"https:\/\/www.campingorchidea.it\/fr\/service\/piscine\/#primaryimage","url":"https:\/\/www.campingorchidea.it\/wp-content\/uploads\/elementor\/thumbs\/piscina-campeggio-orchidea-feriolo-lago-maggiore-qwo00fr5gfl0ag9imxjvs64hc3shyppnvf9xislysw.jpg","contentUrl":"https:\/\/www.campingorchidea.it\/wp-content\/uploads\/elementor\/thumbs\/piscina-campeggio-orchidea-feriolo-lago-maggiore-qwo00fr5gfl0ag9imxjvs64hc3shyppnvf9xislysw.jpg"},{"@type":"BreadcrumbList","@id":"https:\/\/www.campingorchidea.it\/fr\/service\/piscine\/#breadcrumb","itemListElement":[{"@type":"ListItem","position":1,"name":"Home","item":"https:\/\/www.campingorchidea.it\/fr\/"},{"@type":"ListItem","position":2,"name":"Service","item":"https:\/\/www.campingorchidea.it\/fr\/dienstleistungen\/"},{"@type":"ListItem","position":3,"name":"Piscine"}]},{"@type":"WebSite","@id":"https:\/\/www.campingorchidea.it\/fr\/#website","url":"https:\/\/www.campingorchidea.it\/fr\/","name":"Camping Orchidea, Lago Maggiore","description":"","potentialAction":[{"@type":"SearchAction","target":{"@type":"EntryPoint","urlTemplate":"https:\/\/www.campingorchidea.it\/fr\/?s={search_term_string}"},"query-input":{"@type":"PropertyValueSpecification","valueRequired":true,"valueName":"search_term_string"}}],"inLanguage":"fr-FR"}]}},"_links":{"self":[{"href":"https:\/\/www.campingorchidea.it\/fr\/wp-json\/wp\/v2\/pages\/12766","targetHints":{"allow":["GET"]}}],"collection":[{"href":"https:\/\/www.campingorchidea.it\/fr\/wp-json\/wp\/v2\/pages"}],"about":[{"href":"https:\/\/www.campingorchidea.it\/fr\/wp-json\/wp\/v2\/types\/page"}],"author":[{"embeddable":true,"href":"https:\/\/www.campingorchidea.it\/fr\/wp-json\/wp\/v2\/users\/2"}],"replies":[{"embeddable":true,"href":"https:\/\/www.campingorchidea.it\/fr\/wp-json\/wp\/v2\/comments?post=12766"}],"version-history":[{"count":0,"href":"https:\/\/www.campingorchidea.it\/fr\/wp-json\/wp\/v2\/pages\/12766\/revisions"}],"up":[{"embeddable":true,"href":"https:\/\/www.campingorchidea.it\/fr\/wp-json\/wp\/v2\/pages\/12770"}],"wp:attachment":[{"href":"https:\/\/www.campingorchidea.it\/fr\/wp-json\/wp\/v2\/media?parent=12766"}],"curies":[{"name":"wp","href":"https:\/\/api.w.org\/{rel}","templated":true}]}}