{"id":12750,"date":"2024-11-28T10:19:48","date_gmt":"2024-11-28T09:19:48","guid":{"rendered":"https:\/\/www.campingorchidea.it\/gite-in-barca\/"},"modified":"2025-03-21T10:47:42","modified_gmt":"2025-03-21T09:47:42","slug":"voyages-en-bateau","status":"publish","type":"page","link":"https:\/\/www.campingorchidea.it\/fr\/voyages-en-bateau\/","title":{"rendered":"Voyages en bateau"},"content":{"rendered":"<p>\n\t\tCAMPING RESIDENCE ORCHIDEA\t\t\t<\/p>\n<h1>\n\t\tEXCURSIONS EN BATEAU<br \/> SUR LE LAC MAGGIORE\t<\/h1>\n<p>\t\t<span><span><a href=\"https:\/\/www.campingorchidea.it\/fr\/\">Home<\/a><\/span><\/span><br \/>\n\t\t MARCH\u00c9S LOCAUX, ISLANDS ET BEAUCOUP PLUS !\t<\/p>\n<h3 style=\"margin-top: 12px\">\n\t\t\t\t\tAu Camping Residence Orchidea vous pourrez participer \u00e0 diff\u00e9rentes excursions en bateau autour du Lac Majeur, visiter des march\u00e9s typiques, des \u00eeles ou profiter du coucher de soleil en bateau.\t\t\t<\/h3>\n<p>Vous pouvez r\u00e9server les voyages directement pendant vos vacances, ou pour plus d\u2019informations \u00e9crire \u00e0 info@campingorchidea.it.<\/p>\n<p>Pour les familles ayant des enfants en bas \u00e2ge et ayant besoin d\u2019une poussette, veuillez noter que le seul mod\u00e8le autoris\u00e9 est une poussette pliable. Location possible \u00e0 la r\u00e9ception.<\/p>\n<h5>\n\t\tLUNDI ET JEUDI\t\t\t<\/h5>\n<h3>\n\t\t TOUR DES TROIS \u00ceLES BORROM\u00c9ES\t<\/h3>\n<p><em>D\u00c9COUVRIR LES TROIS \u00ceLES EN UNE SEULE JOURN\u00c9E<\/em><\/p>\n<p><strong>D\u00e9parture de l\u2019embarcad\u00e8re de Feriolo (100mt du camping) \u00e0 09.30 heures<\/strong><br \/>Arriv\u00e9 \u00e0 l\u2019Isola Bella vers 09.45 heures, possibilit\u00e9 de visiter le palais Borrom\u00e9e et ses grandioses jardins baroques italiens<br \/>11.45 heures d\u00e9parture pour Isola Pescatori, temps libre pour explorer, d\u00e9jeuner et peut-\u00eatre acheter quelques souvenirs<br \/>14.15 heures d\u00e9parture pour Isola Madre, possibilit\u00e9 de visiter le jardin botanique \u00e0 l\u2019anglaise ou temps libre pour se baigner dans les belles eaux du lac Majeur<br \/>Retour \u00e0 16.00 heures<br \/><strong>Arriv\u00e9e \u00e0 l\u2019embarcad\u00e8re de Feriolo \u00e0 16.15 heures<\/strong><\/p>\n<p><strong>ANNOTATIONS<\/strong>: l\u2019entr\u00e9e aux palais et jardins de Isola Bella et Madre est en payante<\/p>\n<p><strong>Disponible<\/strong> du 14 avril au 2 octobre<\/p>\n<h5>\n\t\tMARDI\t\t\t<\/h5>\n<h3>\n\t\t TOUR Circuit des \u00eeles Borrom\u00e9es (Isola Bella + Isola Pescatori)\t<\/h3>\n<p><em>Profitez de la promenade en bateau pour d\u00e9couvrir le golfe Borrom\u00e9e<\/em><\/p>\n<p>Tous les mardis, profitez d\u2019une excursion en bateau pour d\u00e9couvrir le golfe Borrom\u00e9e. Isola Bella, la plus glorieuse des trois \u00eeles, et Isola dei Pescatori, le lieu id\u00e9al pour un d\u00e9jeuner de produits typiques et l\u2019achat de souvenirs.<br \/><strong>D\u00e9part de l\u2019embarcad\u00e8re de Feriolo (100m du camping) \u00e0 9h15<\/strong><br \/>Arriv\u00e9e sur Isola Bella \u00e0 9h50 environ, temps libre pour visiter le Palais Borromeo et les magnifiques jardins baroques (facultatif et payant).<br \/>D\u00e9part d\u2019Isola Bella pour Isola Pescatori \u00e0 11 h 50.<br \/>Temps libre pour visiter l\u2019ancien village de cette \u00eele pittoresque \u00e0 l\u2019histoire fascinante.<br \/>D\u00e9part de l\u2019Isola Pescatori en direction de Feriolo \u00e0 14 h 15.<br \/><strong>Arriv\u00e9e \u00e0 Feriolo vers 14h30.<\/strong><\/p>\n<p><strong>ANNOTATIONS<\/strong>: l\u2019entr\u00e9e aux palais et jardins de Isola Bella et Madre est en payante<\/p>\n<p><strong>Disponible<\/strong> du 15 avril au 30 septembre<\/p>\n<h5>\n\t\tMARDI\t\t\t<\/h5>\n<h3>\n\t\t TOUR CENA Aa TOUR D\u00ceNER SUR L&rsquo;\u00ceLE PESCATORIL\u2019ISOLA DEI PESCATORI\t<\/h3>\n<p><em>UN D\u00ceNER SP\u00c9CIAL SUR L\u2019\u00ceLE POUR UNE SOIR\u00c9E INOUBLIABLE<\/em><\/p>\n<p>Ne manquez pas l\u2019occasion de d\u00eener lors d\u2019une soir\u00e9e sp\u00e9ciale sur l\u2019Isola dei Pescatori. Vous pouvez utiliser le service de taxi-bateau priv\u00e9 pour rejoindre l\u2019\u00eele et choisir le restaurant dans lequel vous passerez une soir\u00e9e inoubliable.<\/p>\n<p><strong>D\u00e9parture de l\u2019embarcad\u00e8re de Feriolo (100mt du camping) \u00e0 18.15 heures<\/strong><br \/><strong>Arriv\u00e9e \u00e0 l\u2019Isola Pescatori<\/strong> vers 18.30 heures<br \/><strong>Le bateau quittera l\u2019\u00eele \u00e0 20.45<\/strong> heures et retournera \u00e0 Feriolo.<br \/>L\u2019excursion aura lieu si le nombre minimum de participants payants est atteint et si les conditions lacustres et m\u00e9t\u00e9orologiques sont bonnes.<\/p>\n<p><strong>Disponible <\/strong>du 10 juin au 9 septembre<\/p>\n<h5>\n\t\tMARDI &amp; DIMANCHE\t\t\t<\/h5>\n<h3>\n\t\t TOUR L&rsquo;ERMITAGE DE SANTA CATERINA DEL SASSO\t<\/h3>\n<p><em>PROFITER DES MAGNIFIQUES PAYSAGES DE L\u2019UN DES ENDROITS LES PLUS C\u00c9L\u00c8BRES DU LAC MAGGIORE<\/em><\/p>\n<p>Au cours d\u2019une croisi\u00e8re enchanteresse autour des \u00eeles Borrom\u00e9es, d\u00e9couvrez l\u2019Ermitage de Santa Caterina del Sasso. Perch\u00e9 sur une paroi rocheuse de la rive lombarde \u00ab\u00a0sauvage\u00a0\u00bb du lac Majeur, l\u2019Ermitage se refl\u00e8te dans ses eaux profondes.<\/p>\n<p><strong>D\u00e9part de l\u2019embarcad\u00e8re de Feriolo \u00e0 14.45 h.<\/strong><br \/>Arriv\u00e9e \u00e0 l\u2019Ermitage de Santa Caterina vers 15.00 h. (temps libre pour explorer l\u2019Ermitage)<br \/>D\u00e9part de l\u2019Ermitage de Santa Caterina vers 16.15 h.<br \/><strong>Arriv\u00e9e \u00e0 l\u2019embarcad\u00e8re de Feriolo vers 17.00 h.<\/strong><br \/>Annotations : entr\u00e9e \u00e0 l\u2019Ermitage est en payante<\/p>\n<p><strong>Disponible<\/strong> du 3 juin au 21 septembre<\/p>\n<h5>\n\t\tMERCREDI\t\t\t<\/h5>\n<h3>\n\t\t TOUR MARCH\u00c9 \u00c0 LUINO\t<\/h3>\n<p><em>Goditi un giro in barca per raggiungere il mercato<\/em><\/p>\n<p>L\u2019une des principales attractions de <strong>Luino est son march\u00e9 hebdomadaire<\/strong>, qui se tient tous les mercredis du matin jusqu\u2019\u00e0 la fin de l\u2019apr\u00e8s-midi. Il est internationalement connu et c\u2019est le march\u00e9 le plus important du Lac Majeur. Plus qu\u2019un march\u00e9, il s\u2019agit d\u2019une v\u00e9ritable foire hebdomadaire qui attire des visiteurs de toute l\u2019Europe. Les produits propos\u00e9s sont nombreux et de toutes sortes, allant de la nourriture aux v\u00eatements, des fleurs aux accessoires, des articles de cuisine aux articles de beaut\u00e9.<\/p>\n<p><strong>Notre excursion part de Feriolo (100 m du camping) h. 9.45 a.m.<\/strong><br \/>Arriv\u00e9e \u00e0 Luino vers 10h50 et temps libre pour d\u00e9couvrir le march\u00e9.<br \/>h. 14h30 d\u00e9part de Luino en direction de Feriolo en passant par les ch\u00e2teaux de Cannero Riviera.<br \/><strong>h. 15.30 arriv\u00e9e au Feriolo<\/strong><\/p>\n<p><strong>Disponible<\/strong> du 16 avril au 1er octobre<\/p>\n<h5>\n\t\tMERCREDI ET DIMANCHE\t\t\t<\/h5>\n<h3>\n\t\t Croisi\u00e8re panoramique au coucher du soleil\t<\/h3>\n<p><em>Profitez d\u2019une promenade en bateau avec un coucher de soleil \u00e0 couper le souffle<\/em><\/p>\n<p>Tous les mercredi et les dimanche, il est possible de participer \u00e0 notre croisi\u00e8re autour du golfe Borrom\u00e9e au coucher du soleil, avec la possibilit\u00e9 de prendre de magnifiques photos d\u2019un point de vue diff\u00e9rent. Notre croisi\u00e8re part \u00e0 18 h 15 de Feriolo et vous pouvez admirer du bateau Baveno, Stresa, les \u00eeles Borrom\u00e9es, l\u2019Ermitage de S. Caterina del Sasso, Verbania et revenir \u00e0 Feriolo \u00e0 19 h 30.<\/p>\n<p><strong>Disponible <\/strong>du 4 juin au 21 septembre<\/p>\n<h5>\n\t\tVENDREDI\t\t\t<\/h5>\n<h3>\n\t\t MARCH\u00c9 \u00c0 STRESA ET DANS LES \u00ceLES BORROM\u00c9ES (ISOLA BELLA + ISOLA PESCATORI)\t<\/h3>\n<p><em>PROFITEZ D\u2019UNE BALADE AU MARCH\u00c9 ET D\u2019UNE PROMENADE EN BATEAU AUTOUR DES \u00ceLES<\/em><\/p>\n<p>Chaque vendredi nous vous emmenons \u00e0 Stresa pour visiter les \u00eeles et faire du shopping au march\u00e9 hebdomadaire.<\/p>\n<p><strong>D\u00e9part de l\u2019embarcad\u00e8re de Stresa \u00e0 09.30 h.<\/strong><br \/>Arriv\u00e9e \u00e0 Stresa vers 10.00 h. (temps libre pour d\u00e9couvrir Stresa)<br \/>D\u00e9part de l\u2019embarcad\u00e8re de Stresa vers 11.45 h. ou 12.45 h.<br \/>Arriv\u00e9e \u00e0 Isola dei Pescatori vers 12.00 h. ou 13.00 h. (temps libre pour d\u00e9couvrir Isola dei Pescatori)<br \/>D\u00e9part de Isola dei Pescatori pour Isola Bella toutes les 30 minutes<br \/>D\u00e9part de Isola Bella \u00e0 15.50h.<br \/><strong>Arriv\u00e9e \u00e0 l\u2019embarcad\u00e8re de Feriolo vers 16.00 h.<\/strong><br \/><strong>Annotations :<\/strong> entr\u00e9e au Palais et Jardin de Isola Bella est en payante<\/p>\n<p><strong>Disponible<\/strong> du 18 avril au 3 octobre<\/p>\n<h5>\n\t\tSAMEDI\t\t\t<\/h5>\n<h3>\n\t\t TOUR MINI PANORAMA VERBANIA + MARCH\u00c9\t<\/h3>\n<p><em>Profitez d\u2019un tour en bateau et d\u2019une visite de l\u2019un des march\u00e9s les plus c\u00e9l\u00e8bres<\/em><\/p>\n<p>Chaque samedi l\u2019in\u00e9vitable march\u00e9 hebdomadaire de Verbania, notre proposition comprend une petite croisi\u00e8re panoramique du Golfe Borrom\u00e9e avec arriv\u00e9e \u00e0 Verbania Intra o\u00f9 vous aurez l\u2019occasion de visiter le march\u00e9 hebdomadaire et ensuite retour au Feriolo en d\u00e9but d\u2019apr\u00e8s-midi.<\/p>\n<p>D\u00e9part h. 9.00 de Feriolo, arriv\u00e9e h. 9.40 environ \u00e0 Verbania Intra, retour h. 13.30 de Verbania Intra, arriv\u00e9e \u00e0 Feriolo h. 13.45 environ.<\/p>\n<p><strong>Disponible<\/strong> le samedi 19 avril et du 31 mai au 4 octobre<\/p>\n<h5>\n\t\tSAMEDI\t\t\t<\/h5>\n<h3>\n\t\t TOUR CIRCUIT DES \u00ceLES BORROM\u00c9ES (ISOLA BELLA + ISOLA PESCATORI)\t<\/h3>\n<p><em>PROFITER D\u2019UNE EXCURSION EN BATEAU POUR D\u00c9COUVRIR LE GOLFE BORROM\u00c9EN<\/em><\/p>\n<p><strong>Isola Bella<\/strong>, la plus glorieuse des trois \u00eeles, et <strong>Isola dei Pescatori<\/strong>, lieu id\u00e9al pour un d\u00e9jeuner de produits typiques et l\u2019achat de souvenirs.<\/p>\n<p><strong>D\u00e9parture de l\u2019embarcad\u00e8re de Feriolo (100mt du camping) \u00e0 10.00 heures<\/strong><br \/>Arriv\u00e9 \u00e0 l\u2019Isola Bella vers 10.30 heures, temps libre pour visiter le Palais Borrom\u00e9e et les magnifiques jardins baroques (facultatif et payant).<br \/>D\u00e9parture de l\u2019Isola Bella pour Isola Pescatori \u00e0 12.30 heures<br \/>Temps libre pour visiter l\u2019ancien village de cette \u00eele pittoresque \u00e0 l\u2019histoire fascinante.<br \/>D\u00e9parture de l\u2019Isola Pescatori pour Feriolo \u00e0 14.45 heures<br \/><strong>Arriv\u00e9 \u00e0 l\u2019embarcad\u00e8re de Feriolo vers 15.00 heures<\/strong><\/p>\n<p><strong>Annotations :<\/strong> entr\u00e9e au Palais et Jardin de Isola Bella est en payante<\/p>\n<p><strong>Disponible <\/strong>le dimanche 20 avril et du 26 avril au 4 octobre<\/p>\n<h5>en collaboration avec<\/h5>\n<p>\t\t\t\t\t\t\t\t\t\t\t\t\t\t\t\t<a href=\"https:\/\/www.isolelagomaggiore.com\/\" target=\"_blank\"><br \/>\n\t\t\t\t\t\t\t<img fetchpriority=\"high\" decoding=\"async\" width=\"544\" height=\"200\" src=\"https:\/\/www.campingorchidea.it\/wp-content\/uploads\/2024\/11\/camping-orchidea-gite-in-barca.jpg\" alt=\"\" srcset=\"https:\/\/www.campingorchidea.it\/wp-content\/uploads\/2024\/11\/camping-orchidea-gite-in-barca.jpg 544w, https:\/\/www.campingorchidea.it\/wp-content\/uploads\/2024\/11\/camping-orchidea-gite-in-barca-300x110.jpg 300w\" sizes=\"(max-width: 544px) 100vw, 544px\" \/>\t\t\t\t\t\t\t\t<\/a><br \/>\n\t\t\t\t<div data-elementor-type=\"container\" data-elementor-id=\"12006\" class=\"elementor elementor-12006\">\n\t\t\t\t<div class=\"elementor-element elementor-element-70a451b3 e-flex e-con-boxed qodef-elementor-content-no e-con e-parent\" data-id=\"70a451b3\" data-element_type=\"container\" data-e-type=\"container\">\n\t\t\t\t\t<div class=\"e-con-inner\">\n\t\t\t\t<div class=\"elementor-element elementor-element-371d2812 elementor-widget elementor-widget-qi_addons_for_elementor_clients_slider\" data-id=\"371d2812\" data-element_type=\"widget\" data-e-type=\"widget\" data-widget_type=\"qi_addons_for_elementor_clients_slider.default\">\n\t\t\t\t<div class=\"elementor-widget-container\">\n\t\t\t\t\t<div class=\"qodef-shortcode qodef-m qodef-qi-clients-slider qodef--hover-scale qodef-qi-grid qodef-qi-swiper-container qodef-navigation--outside qodef-navigation--hover-move\" data-options=\"{&quot;direction&quot;:&quot;horizontal&quot;,&quot;slidesPerView&quot;:&quot;6&quot;,&quot;spaceBetween&quot;:20,&quot;spaceBetweenTablet&quot;:30,&quot;spaceBetweenMobile&quot;:30,&quot;effect&quot;:&quot;&quot;,&quot;loop&quot;:true,&quot;autoplay&quot;:true,&quot;centeredSlides&quot;:false,&quot;speed&quot;:&quot;&quot;,&quot;speedAnimation&quot;:&quot;&quot;,&quot;outsideNavigation&quot;:&quot;yes&quot;,&quot;outsidePagination&quot;:&quot;no&quot;,&quot;unique&quot;:&quot;1&quot;,&quot;partialValue&quot;:0,&quot;disablePartialValue&quot;:&quot;&quot;,&quot;parallax&quot;:&quot;no&quot;,&quot;customStages&quot;:true,&quot;slidesPerView1680&quot;:&quot;6&quot;,&quot;slidesPerView1440&quot;:&quot;5&quot;,&quot;slidesPerView1366&quot;:&quot;3&quot;,&quot;slidesPerView1024&quot;:&quot;3&quot;,&quot;slidesPerView768&quot;:&quot;3&quot;,&quot;slidesPerView680&quot;:&quot;2&quot;,&quot;slidesPerView480&quot;:&quot;2&quot;}\">\n\t<div class=\"swiper-wrapper\">\n\t\t<div class=\"qodef-e swiper-slide\">\n\t<div class=\"qodef-e-inner\">\n\t\t\t\t<div class=\"qodef-e-images-holder\">\n\t\t\t\t\t\t\t<div class=\"qodef-e-main-image\">\n\t\t\t\t\t<img decoding=\"async\" width=\"300\" height=\"149\" src=\"https:\/\/www.campingorchidea.it\/wp-content\/uploads\/2024\/11\/camping-orchidea-partners-acsi.jpg\" class=\"attachment-full size-full\" alt=\"\" \/>\t\t\t\t<\/div>\n\t\t\t\t\t\t\t\t<\/div>\n\t\t\t\t\t\t\t<\/div>\n<\/div>\n<div class=\"qodef-e swiper-slide\">\n\t<div class=\"qodef-e-inner\">\n\t\t\t\t<div class=\"qodef-e-images-holder\">\n\t\t\t\t\t\t\t<div class=\"qodef-e-main-image\">\n\t\t\t\t\t<img decoding=\"async\" width=\"300\" height=\"149\" src=\"https:\/\/www.campingorchidea.it\/wp-content\/uploads\/2024\/11\/camping-orchidea-partners-adac.jpg\" class=\"attachment-full size-full\" alt=\"\" \/>\t\t\t\t<\/div>\n\t\t\t\t\t\t\t\t<\/div>\n\t\t\t\t\t\t\t<\/div>\n<\/div>\n<div class=\"qodef-e swiper-slide\">\n\t<div class=\"qodef-e-inner\">\n\t\t\t\t<div class=\"qodef-e-images-holder\">\n\t\t\t\t\t\t\t<div class=\"qodef-e-main-image\">\n\t\t\t\t\t<img loading=\"lazy\" decoding=\"async\" width=\"300\" height=\"149\" src=\"https:\/\/www.campingorchidea.it\/wp-content\/uploads\/2024\/11\/camping-orchidea-partners-anwb.jpg\" class=\"attachment-full size-full\" alt=\"\" \/>\t\t\t\t<\/div>\n\t\t\t\t\t\t\t\t<\/div>\n\t\t\t\t\t\t\t<\/div>\n<\/div>\n<div class=\"qodef-e swiper-slide\">\n\t<div class=\"qodef-e-inner\">\n\t\t\t\t<div class=\"qodef-e-images-holder\">\n\t\t\t\t\t\t\t<div class=\"qodef-e-main-image\">\n\t\t\t\t\t<img loading=\"lazy\" decoding=\"async\" width=\"300\" height=\"149\" src=\"https:\/\/www.campingorchidea.it\/wp-content\/uploads\/2024\/11\/camping-orchidea-partners-koobcamp.jpg\" class=\"attachment-full size-full\" alt=\"\" \/>\t\t\t\t<\/div>\n\t\t\t\t\t\t\t\t<\/div>\n\t\t\t\t\t\t\t<\/div>\n<\/div>\n<div class=\"qodef-e swiper-slide\">\n\t<div class=\"qodef-e-inner\">\n\t\t\t\t<div class=\"qodef-e-images-holder\">\n\t\t\t\t\t\t\t<div class=\"qodef-e-main-image\">\n\t\t\t\t\t<img loading=\"lazy\" decoding=\"async\" width=\"300\" height=\"149\" src=\"https:\/\/www.campingorchidea.it\/wp-content\/uploads\/2024\/11\/camping-orchidea-partners-consorzio-lago-maggiore-holidays.jpg\" class=\"attachment-full size-full\" alt=\"\" \/>\t\t\t\t<\/div>\n\t\t\t\t\t\t\t\t<\/div>\n\t\t\t\t\t\t\t<\/div>\n<\/div>\n<div class=\"qodef-e swiper-slide\">\n\t<div class=\"qodef-e-inner\">\n\t\t\t\t<div class=\"qodef-e-images-holder\">\n\t\t\t\t\t\t\t<div class=\"qodef-e-main-image\">\n\t\t\t\t\t<img loading=\"lazy\" decoding=\"async\" width=\"300\" height=\"149\" src=\"https:\/\/www.campingorchidea.it\/wp-content\/uploads\/2024\/11\/camping-orchidea-partners-regione-piemonte.jpg\" class=\"attachment-full size-full\" alt=\"\" \/>\t\t\t\t<\/div>\n\t\t\t\t\t\t\t\t<\/div>\n\t\t\t\t\t\t\t<\/div>\n<\/div>\n<div class=\"qodef-e swiper-slide\">\n\t<div class=\"qodef-e-inner\">\n\t\t\t\t<div class=\"qodef-e-images-holder\">\n\t\t\t\t\t\t\t<div class=\"qodef-e-main-image\">\n\t\t\t\t\t<img loading=\"lazy\" decoding=\"async\" width=\"300\" height=\"149\" src=\"https:\/\/www.campingorchidea.it\/wp-content\/uploads\/2024\/11\/camping-orchidea-partners-ospitalita-italiana.jpg\" class=\"attachment-full size-full\" alt=\"\" \/>\t\t\t\t<\/div>\n\t\t\t\t\t\t\t\t<\/div>\n\t\t\t\t\t\t\t<\/div>\n<\/div>\n\t<\/div>\n\t<\/div>\n\t\t<div class=\"swiper-button-prev swiper-button-outside swiper-button-prev-1\"><svg class=\"qodef-swiper-arrow-left\" xmlns=\"http:\/\/www.w3.org\/2000\/svg\" x=\"0px\" y=\"0px\" viewBox=\"0 0 34.2 32.3\" xml:space=\"preserve\" style=\"stroke-width: 2;\"><line x1=\"0.5\" y1=\"16\" x2=\"33.5\" y2=\"16\"\/><line x1=\"0.3\" y1=\"16.5\" x2=\"16.2\" y2=\"0.7\"\/><line x1=\"0\" y1=\"15.4\" x2=\"16.2\" y2=\"31.6\"\/><\/svg><\/div>\n\t<div class=\"swiper-button-next swiper-button-outside swiper-button-next-1\"><svg class=\"qodef-swiper-arrow-right\" xmlns=\"http:\/\/www.w3.org\/2000\/svg\" x=\"0px\" y=\"0px\" viewBox=\"0 0 34.2 32.3\" xml:space=\"preserve\" style=\"stroke-width: 2;\"><line x1=\"0\" y1=\"16\" x2=\"33\" y2=\"16\"\/><line x1=\"17.3\" y1=\"0.7\" x2=\"33.2\" y2=\"16.5\"\/><line x1=\"17.3\" y1=\"31.6\" x2=\"33.5\" y2=\"15.4\"\/><\/svg><\/div>\n\t\t\t\t\t<\/div>\n\t\t\t\t<\/div>\n\t\t\t\t\t<\/div>\n\t\t\t\t<\/div>\n\t\t\t\t<\/div>\n\t\t<\/p>\n","protected":false},"excerpt":{"rendered":"<p>CAMPING RESIDENCE ORCHIDEA EXCURSIONS EN BATEAU SUR LE LAC MAGGIORE MARCH\u00c9S LOCAUX, ISLANDS ET BEAUCOUP PLUS ! Au Camping Residence Orchidea vous pourrez participer \u00e0 diff\u00e9rentes excursions en bateau autour du Lac Majeur, visiter des march\u00e9s typiques, des \u00eeles ou profiter du coucher de soleil en bateau. Vous pouvez r\u00e9server les voyages directement pendant vos [&hellip;]<\/p>\n","protected":false},"author":2,"featured_media":0,"parent":0,"menu_order":0,"comment_status":"closed","ping_status":"closed","template":"page-full-width.php","meta":{"footnotes":""},"class_list":["post-12750","page","type-page","status-publish","hentry"],"yoast_head":"<!-- This site is optimized with the Yoast SEO plugin v27.4 - https:\/\/yoast.com\/product\/yoast-seo-wordpress\/ -->\n<title>Excursions et exp\u00e9riences en bateau \u00e0 la d\u00e9couverte du lac Majeur<\/title>\n<meta name=\"description\" content=\"Participez \u00e0 des excursions en bateau, visitez les march\u00e9s et les \u00eeles du lac Majeur. R\u00e9servez \u00e0 la r\u00e9ception ou \u00e9crivez \u00e0 info@campingorchidea.it\" \/>\n<meta name=\"robots\" content=\"index, follow, max-snippet:-1, max-image-preview:large, max-video-preview:-1\" \/>\n<link rel=\"canonical\" href=\"https:\/\/www.campingorchidea.it\/fr\/voyages-en-bateau\/\" \/>\n<meta property=\"og:locale\" content=\"fr_FR\" \/>\n<meta property=\"og:type\" content=\"article\" \/>\n<meta property=\"og:title\" content=\"Excursions et exp\u00e9riences en bateau \u00e0 la d\u00e9couverte du lac Majeur\" \/>\n<meta property=\"og:description\" content=\"Participez \u00e0 des excursions en bateau, visitez les march\u00e9s et les \u00eeles du lac Majeur. R\u00e9servez \u00e0 la r\u00e9ception ou \u00e9crivez \u00e0 info@campingorchidea.it\" \/>\n<meta property=\"og:url\" content=\"https:\/\/www.campingorchidea.it\/fr\/voyages-en-bateau\/\" \/>\n<meta property=\"og:site_name\" content=\"Camping Orchidea, Lago Maggiore\" \/>\n<meta property=\"article:modified_time\" content=\"2025-03-21T09:47:42+00:00\" \/>\n<meta property=\"og:image\" content=\"https:\/\/www.campingorchidea.it\/wp-content\/uploads\/2024\/11\/camping-orchidea-gite-in-barca.jpg\" \/>\n\t<meta property=\"og:image:width\" content=\"544\" \/>\n\t<meta property=\"og:image:height\" content=\"200\" \/>\n\t<meta property=\"og:image:type\" content=\"image\/jpeg\" \/>\n<meta name=\"twitter:card\" content=\"summary_large_image\" \/>\n<meta name=\"twitter:label1\" content=\"Dur\u00e9e de lecture estim\u00e9e\" \/>\n\t<meta name=\"twitter:data1\" content=\"11 minutes\" \/>\n<script type=\"application\/ld+json\" class=\"yoast-schema-graph\">{\"@context\":\"https:\\\/\\\/schema.org\",\"@graph\":[{\"@type\":\"WebPage\",\"@id\":\"https:\\\/\\\/www.campingorchidea.it\\\/fr\\\/voyages-en-bateau\\\/\",\"url\":\"https:\\\/\\\/www.campingorchidea.it\\\/fr\\\/voyages-en-bateau\\\/\",\"name\":\"Excursions et exp\u00e9riences en bateau \u00e0 la d\u00e9couverte du lac Majeur\",\"isPartOf\":{\"@id\":\"https:\\\/\\\/www.campingorchidea.it\\\/fr\\\/#website\"},\"primaryImageOfPage\":{\"@id\":\"https:\\\/\\\/www.campingorchidea.it\\\/fr\\\/voyages-en-bateau\\\/#primaryimage\"},\"image\":{\"@id\":\"https:\\\/\\\/www.campingorchidea.it\\\/fr\\\/voyages-en-bateau\\\/#primaryimage\"},\"thumbnailUrl\":\"https:\\\/\\\/www.campingorchidea.it\\\/wp-content\\\/uploads\\\/2024\\\/11\\\/camping-orchidea-gite-in-barca.jpg\",\"datePublished\":\"2024-11-28T09:19:48+00:00\",\"dateModified\":\"2025-03-21T09:47:42+00:00\",\"description\":\"Participez \u00e0 des excursions en bateau, visitez les march\u00e9s et les \u00eeles du lac Majeur. R\u00e9servez \u00e0 la r\u00e9ception ou \u00e9crivez \u00e0 info@campingorchidea.it\",\"breadcrumb\":{\"@id\":\"https:\\\/\\\/www.campingorchidea.it\\\/fr\\\/voyages-en-bateau\\\/#breadcrumb\"},\"inLanguage\":\"fr-FR\",\"potentialAction\":[{\"@type\":\"ReadAction\",\"target\":[\"https:\\\/\\\/www.campingorchidea.it\\\/fr\\\/voyages-en-bateau\\\/\"]}]},{\"@type\":\"ImageObject\",\"inLanguage\":\"fr-FR\",\"@id\":\"https:\\\/\\\/www.campingorchidea.it\\\/fr\\\/voyages-en-bateau\\\/#primaryimage\",\"url\":\"https:\\\/\\\/www.campingorchidea.it\\\/wp-content\\\/uploads\\\/2024\\\/11\\\/camping-orchidea-gite-in-barca.jpg\",\"contentUrl\":\"https:\\\/\\\/www.campingorchidea.it\\\/wp-content\\\/uploads\\\/2024\\\/11\\\/camping-orchidea-gite-in-barca.jpg\"},{\"@type\":\"BreadcrumbList\",\"@id\":\"https:\\\/\\\/www.campingorchidea.it\\\/fr\\\/voyages-en-bateau\\\/#breadcrumb\",\"itemListElement\":[{\"@type\":\"ListItem\",\"position\":1,\"name\":\"Home\",\"item\":\"https:\\\/\\\/www.campingorchidea.it\\\/fr\\\/\"},{\"@type\":\"ListItem\",\"position\":2,\"name\":\"Voyages en bateau\"}]},{\"@type\":\"WebSite\",\"@id\":\"https:\\\/\\\/www.campingorchidea.it\\\/fr\\\/#website\",\"url\":\"https:\\\/\\\/www.campingorchidea.it\\\/fr\\\/\",\"name\":\"Camping Orchidea, Lago Maggiore\",\"description\":\"\",\"potentialAction\":[{\"@type\":\"SearchAction\",\"target\":{\"@type\":\"EntryPoint\",\"urlTemplate\":\"https:\\\/\\\/www.campingorchidea.it\\\/fr\\\/?s={search_term_string}\"},\"query-input\":{\"@type\":\"PropertyValueSpecification\",\"valueRequired\":true,\"valueName\":\"search_term_string\"}}],\"inLanguage\":\"fr-FR\"}]}<\/script>\n<!-- \/ Yoast SEO plugin. -->","yoast_head_json":{"title":"Excursions et exp\u00e9riences en bateau \u00e0 la d\u00e9couverte du lac Majeur","description":"Participez \u00e0 des excursions en bateau, visitez les march\u00e9s et les \u00eeles du lac Majeur. R\u00e9servez \u00e0 la r\u00e9ception ou \u00e9crivez \u00e0 info@campingorchidea.it","robots":{"index":"index","follow":"follow","max-snippet":"max-snippet:-1","max-image-preview":"max-image-preview:large","max-video-preview":"max-video-preview:-1"},"canonical":"https:\/\/www.campingorchidea.it\/fr\/voyages-en-bateau\/","og_locale":"fr_FR","og_type":"article","og_title":"Excursions et exp\u00e9riences en bateau \u00e0 la d\u00e9couverte du lac Majeur","og_description":"Participez \u00e0 des excursions en bateau, visitez les march\u00e9s et les \u00eeles du lac Majeur. R\u00e9servez \u00e0 la r\u00e9ception ou \u00e9crivez \u00e0 info@campingorchidea.it","og_url":"https:\/\/www.campingorchidea.it\/fr\/voyages-en-bateau\/","og_site_name":"Camping Orchidea, Lago Maggiore","article_modified_time":"2025-03-21T09:47:42+00:00","og_image":[{"width":544,"height":200,"url":"https:\/\/www.campingorchidea.it\/wp-content\/uploads\/2024\/11\/camping-orchidea-gite-in-barca.jpg","type":"image\/jpeg"}],"twitter_card":"summary_large_image","twitter_misc":{"Dur\u00e9e de lecture estim\u00e9e":"11 minutes"},"schema":{"@context":"https:\/\/schema.org","@graph":[{"@type":"WebPage","@id":"https:\/\/www.campingorchidea.it\/fr\/voyages-en-bateau\/","url":"https:\/\/www.campingorchidea.it\/fr\/voyages-en-bateau\/","name":"Excursions et exp\u00e9riences en bateau \u00e0 la d\u00e9couverte du lac Majeur","isPartOf":{"@id":"https:\/\/www.campingorchidea.it\/fr\/#website"},"primaryImageOfPage":{"@id":"https:\/\/www.campingorchidea.it\/fr\/voyages-en-bateau\/#primaryimage"},"image":{"@id":"https:\/\/www.campingorchidea.it\/fr\/voyages-en-bateau\/#primaryimage"},"thumbnailUrl":"https:\/\/www.campingorchidea.it\/wp-content\/uploads\/2024\/11\/camping-orchidea-gite-in-barca.jpg","datePublished":"2024-11-28T09:19:48+00:00","dateModified":"2025-03-21T09:47:42+00:00","description":"Participez \u00e0 des excursions en bateau, visitez les march\u00e9s et les \u00eeles du lac Majeur. R\u00e9servez \u00e0 la r\u00e9ception ou \u00e9crivez \u00e0 info@campingorchidea.it","breadcrumb":{"@id":"https:\/\/www.campingorchidea.it\/fr\/voyages-en-bateau\/#breadcrumb"},"inLanguage":"fr-FR","potentialAction":[{"@type":"ReadAction","target":["https:\/\/www.campingorchidea.it\/fr\/voyages-en-bateau\/"]}]},{"@type":"ImageObject","inLanguage":"fr-FR","@id":"https:\/\/www.campingorchidea.it\/fr\/voyages-en-bateau\/#primaryimage","url":"https:\/\/www.campingorchidea.it\/wp-content\/uploads\/2024\/11\/camping-orchidea-gite-in-barca.jpg","contentUrl":"https:\/\/www.campingorchidea.it\/wp-content\/uploads\/2024\/11\/camping-orchidea-gite-in-barca.jpg"},{"@type":"BreadcrumbList","@id":"https:\/\/www.campingorchidea.it\/fr\/voyages-en-bateau\/#breadcrumb","itemListElement":[{"@type":"ListItem","position":1,"name":"Home","item":"https:\/\/www.campingorchidea.it\/fr\/"},{"@type":"ListItem","position":2,"name":"Voyages en bateau"}]},{"@type":"WebSite","@id":"https:\/\/www.campingorchidea.it\/fr\/#website","url":"https:\/\/www.campingorchidea.it\/fr\/","name":"Camping Orchidea, Lago Maggiore","description":"","potentialAction":[{"@type":"SearchAction","target":{"@type":"EntryPoint","urlTemplate":"https:\/\/www.campingorchidea.it\/fr\/?s={search_term_string}"},"query-input":{"@type":"PropertyValueSpecification","valueRequired":true,"valueName":"search_term_string"}}],"inLanguage":"fr-FR"}]}},"_links":{"self":[{"href":"https:\/\/www.campingorchidea.it\/fr\/wp-json\/wp\/v2\/pages\/12750","targetHints":{"allow":["GET"]}}],"collection":[{"href":"https:\/\/www.campingorchidea.it\/fr\/wp-json\/wp\/v2\/pages"}],"about":[{"href":"https:\/\/www.campingorchidea.it\/fr\/wp-json\/wp\/v2\/types\/page"}],"author":[{"embeddable":true,"href":"https:\/\/www.campingorchidea.it\/fr\/wp-json\/wp\/v2\/users\/2"}],"replies":[{"embeddable":true,"href":"https:\/\/www.campingorchidea.it\/fr\/wp-json\/wp\/v2\/comments?post=12750"}],"version-history":[{"count":0,"href":"https:\/\/www.campingorchidea.it\/fr\/wp-json\/wp\/v2\/pages\/12750\/revisions"}],"wp:attachment":[{"href":"https:\/\/www.campingorchidea.it\/fr\/wp-json\/wp\/v2\/media?parent=12750"}],"curies":[{"name":"wp","href":"https:\/\/api.w.org\/{rel}","templated":true}]}}