{"id":17716,"date":"2025-10-13T12:20:59","date_gmt":"2025-10-13T10:20:59","guid":{"rendered":"https:\/\/www.campingorchidea.it\/?page_id=17716"},"modified":"2025-10-29T10:12:47","modified_gmt":"2025-10-29T09:12:47","slug":"allgemeine-dienstleistungen-verleih","status":"publish","type":"page","link":"https:\/\/www.campingorchidea.it\/de\/dienstleistungen\/allgemeine-dienstleistungen-verleih\/","title":{"rendered":"Allgemeine Dienstleistungen &#038; Verleih"},"content":{"rendered":"\t\t<div data-elementor-type=\"wp-page\" data-elementor-id=\"17716\" class=\"elementor elementor-17716 elementor-17712\">\n\t\t\t\t\t\t<section class=\"elementor-section elementor-top-section elementor-element elementor-element-c850dbf elementor-section-full_width qodef-elementor-content-grid elementor-section-height-default elementor-section-height-default\" data-id=\"c850dbf\" data-element_type=\"section\" data-e-type=\"section\" data-settings=\"{&quot;background_background&quot;:&quot;gradient&quot;}\">\n\t\t\t\t\t\t\t<div class=\"elementor-background-overlay\"><\/div>\n\t\t\t\t\t\t\t<div class=\"elementor-container elementor-column-gap-default\">\n\t\t\t\t\t<div class=\"elementor-column elementor-col-100 elementor-top-column elementor-element elementor-element-7c7b631\" data-id=\"7c7b631\" data-element_type=\"column\" data-e-type=\"column\">\n\t\t\t<div class=\"elementor-widget-wrap elementor-element-populated\">\n\t\t\t\t\t\t<div class=\"elementor-element elementor-element-ebd529d titolosfondo elementor-widget elementor-widget-kamperen_core_section_title\" data-id=\"ebd529d\" data-element_type=\"widget\" data-e-type=\"widget\" data-widget_type=\"kamperen_core_section_title.default\">\n\t\t\t\t<div class=\"elementor-widget-container\">\n\t\t\t\t\t<div class=\"qodef-shortcode qodef-m qodef-section-title qodef-alignment--center\">\n\t\t<div class=\"qodef-m-tagline-mark\" >\n\t\tcamping residence orchidea\t<\/div>\n\t\t<h1 class=\"qodef-m-title\" >\n\t\t\t\t\tAllgemeine Dienstleistungen &amp;<br \/> Verleih\t\t\t<\/h1>\n\t<\/div>\n\t\t\t\t<\/div>\n\t\t\t\t<\/div>\n\t\t\t\t<div class=\"elementor-element elementor-element-d13f850 elementor-widget elementor-widget-text-editor\" data-id=\"d13f850\" data-element_type=\"widget\" data-e-type=\"widget\" data-widget_type=\"text-editor.default\">\n\t\t\t\t<div class=\"elementor-widget-container\">\n\t\t\t\t\t\t\t\t\t<div class=\"wpb_text_column\"><div class=\"wpb_wrapper\"><p>F\u00fcr Ihren Aufenthalt stehen Ihnen zahlreiche im Preis inbegriffene Dienstleistungen und Verleihm\u00f6glichkeiten zur Verf\u00fcgung:<\/p><ul><li>Fahrrad- und E-Bike-Verleih: An der Rezeption k\u00f6nnen Sie Mountainbikes oder E-Bikes ausleihen, um die Umgebung zu erkunden. Kindersitze sind ebenfalls erh\u00e4ltlich.<\/li><li>K\u00fchlschrank- und Minibarverleih: Sie reisen mit dem Zelt und ben\u00f6tigen einen K\u00fchlschrank? Nach vorheriger Reservierung k\u00f6nnen Sie einen K\u00fchlschrank und eine Minibar mieten.<\/li><li>Tretboot-, Kajak- und SUP-Verleih von Mai bis September verf\u00fcgbar.<\/li><li>W\u00e4scherei: Sie k\u00f6nnen Ihre W\u00e4sche wie zu Hause waschen, indem Sie unsere Waschmaschinen und Trockner nutzen. M\u00fcnzen sind an der Rezeption erh\u00e4ltlich.<\/li><li>Geldautomat: Neben der Rezeption finden Sie einen Geldautomaten, der rund um die Uhr verf\u00fcgbar ist.<\/li><\/ul><\/div><\/div>\t\t\t\t\t\t\t\t<\/div>\n\t\t\t\t<\/div>\n\t\t\t\t\t<\/div>\n\t\t<\/div>\n\t\t\t\t\t<\/div>\n\t\t<\/section>\n\t\t\t\t<section class=\"elementor-section elementor-top-section elementor-element elementor-element-2542ebd elementor-section-full_width elementor-section-height-default elementor-section-height-default qodef-elementor-content-no\" data-id=\"2542ebd\" data-element_type=\"section\" data-e-type=\"section\">\n\t\t\t\t\t\t<div class=\"elementor-container elementor-column-gap-default\">\n\t\t\t\t\t<div class=\"elementor-column elementor-col-100 elementor-top-column elementor-element elementor-element-4b3175c\" data-id=\"4b3175c\" data-element_type=\"column\" data-e-type=\"column\">\n\t\t\t<div class=\"elementor-widget-wrap elementor-element-populated\">\n\t\t\t\t\t\t<div class=\"elementor-element elementor-element-35166f1 elementor-widget elementor-widget-image-carousel\" data-id=\"35166f1\" data-element_type=\"widget\" data-e-type=\"widget\" data-settings=\"{&quot;slides_to_show&quot;:&quot;3&quot;,&quot;navigation&quot;:&quot;none&quot;,&quot;autoplay_speed&quot;:2000,&quot;speed&quot;:2000,&quot;autoplay&quot;:&quot;yes&quot;,&quot;infinite&quot;:&quot;yes&quot;,&quot;image_spacing_custom&quot;:{&quot;unit&quot;:&quot;px&quot;,&quot;size&quot;:20,&quot;sizes&quot;:[]},&quot;image_spacing_custom_tablet&quot;:{&quot;unit&quot;:&quot;px&quot;,&quot;size&quot;:&quot;&quot;,&quot;sizes&quot;:[]},&quot;image_spacing_custom_mobile&quot;:{&quot;unit&quot;:&quot;px&quot;,&quot;size&quot;:&quot;&quot;,&quot;sizes&quot;:[]}}\" data-widget_type=\"image-carousel.default\">\n\t\t\t\t<div class=\"elementor-widget-container\">\n\t\t\t\t\t\t\t<div class=\"elementor-image-carousel-wrapper swiper\" role=\"region\" aria-roledescription=\"carousel\" aria-label=\"Carosello d&#039;immagini\" dir=\"ltr\">\n\t\t\t<div class=\"elementor-image-carousel swiper-wrapper\" aria-live=\"off\">\n\t\t\t\t\t\t\t\t<div class=\"swiper-slide\" role=\"group\" aria-roledescription=\"slide\" aria-label=\"1 von 6\"><figure class=\"swiper-slide-inner\"><img decoding=\"async\" class=\"swiper-slide-image\" src=\"https:\/\/www.campingorchidea.it\/wp-content\/uploads\/elementor\/thumbs\/pedalo-kayak-sup_camping-orchidea-lago-maggiore-rd53zyma1tjz2n8noc2tywlnov5i8ebubi99ytopa4.jpg\" alt=\"pedalo kayak sup_camping orchidea lago maggiore\" \/><\/figure><\/div><div class=\"swiper-slide\" role=\"group\" aria-roledescription=\"slide\" aria-label=\"2 von 6\"><figure class=\"swiper-slide-inner\"><img decoding=\"async\" class=\"swiper-slide-image\" src=\"https:\/\/www.campingorchidea.it\/wp-content\/uploads\/elementor\/thumbs\/Lavanderia_camping-orchidea-lago-maggiore-rd53zwqlo5heffbdzb9ktx2qi3ert04dn8yb09rhmk.jpg\" alt=\"Lavanderia_camping orchidea lago maggiore\" \/><\/figure><\/div><div class=\"swiper-slide\" role=\"group\" aria-roledescription=\"slide\" aria-label=\"3 von 6\"><figure class=\"swiper-slide-inner\"><img decoding=\"async\" class=\"swiper-slide-image\" src=\"https:\/\/www.campingorchidea.it\/wp-content\/uploads\/elementor\/thumbs\/Frigo_camping-orchidea-lago-maggiore-rd53zuuxahets7e4aagboxjtbbo1dlwwyznc1pu9z0.jpg\" alt=\"Progetto senza titolo - 1\" \/><\/figure><\/div><div class=\"swiper-slide\" role=\"group\" aria-roledescription=\"slide\" aria-label=\"4 von 6\"><figure class=\"swiper-slide-inner\"><img decoding=\"async\" class=\"swiper-slide-image\" src=\"https:\/\/www.campingorchidea.it\/wp-content\/uploads\/elementor\/thumbs\/Bike_camping-orchidea-lago-maggiore-rd53ztx33ndjglfhfs1p4fscpxso5wt6muzukfvo58.jpg\" alt=\"Bike_camping orchidea lago maggiore\" \/><\/figure><\/div><div class=\"swiper-slide\" role=\"group\" aria-roledescription=\"slide\" aria-label=\"5 von 6\"><figure class=\"swiper-slide-inner\"><img decoding=\"async\" class=\"swiper-slide-image\" src=\"https:\/\/www.campingorchidea.it\/wp-content\/uploads\/elementor\/thumbs\/ATM_camping-orchidea-lago-maggiore-rd53zs1epzaytdi7qr8fzg9fj61xqilpylovlvygho.jpg\" alt=\"ATM_camping orchidea lago maggiore\" \/><\/figure><\/div><div class=\"swiper-slide\" role=\"group\" aria-roledescription=\"slide\" aria-label=\"6 von 6\"><figure class=\"swiper-slide-inner\"><img decoding=\"async\" class=\"swiper-slide-image\" src=\"https:\/\/www.campingorchidea.it\/wp-content\/uploads\/elementor\/thumbs\/WiFi_Logocamping-orchidea-lago-maggiore-rd53zr3kj59ohrjkw8tteyhyxs6kithzmh1e4lzunw.jpg\" alt=\"WiFi_Logocamping orchidea lago maggiore\" \/><\/figure><\/div>\t\t\t<\/div>\n\t\t\t\t\t\t\t\n\t\t\t\t\t\t\t\t\t<\/div>\n\t\t\t\t\t\t<\/div>\n\t\t\t\t<\/div>\n\t\t\t\t\t<\/div>\n\t\t<\/div>\n\t\t\t\t\t<\/div>\n\t\t<\/section>\n\t\t<div class=\"elementor-element elementor-element-376db4c e-flex e-con-boxed qodef-elementor-content-no e-con e-parent\" data-id=\"376db4c\" data-element_type=\"container\" data-e-type=\"container\">\n\t\t\t\t\t<div class=\"e-con-inner\">\n\t\t\t\t<div class=\"elementor-element elementor-element-59a20399 elementor-widget elementor-widget-qi_addons_for_elementor_clients_slider\" data-id=\"59a20399\" data-element_type=\"widget\" data-e-type=\"widget\" data-widget_type=\"qi_addons_for_elementor_clients_slider.default\">\n\t\t\t\t<div class=\"elementor-widget-container\">\n\t\t\t\t\t<div class=\"qodef-shortcode qodef-m qodef-qi-clients-slider qodef--hover-scale qodef-qi-grid qodef-qi-swiper-container qodef-navigation--outside qodef-navigation--hover-move\" data-options=\"{&quot;direction&quot;:&quot;horizontal&quot;,&quot;slidesPerView&quot;:&quot;6&quot;,&quot;spaceBetween&quot;:20,&quot;spaceBetweenTablet&quot;:30,&quot;spaceBetweenMobile&quot;:30,&quot;effect&quot;:&quot;&quot;,&quot;loop&quot;:true,&quot;autoplay&quot;:true,&quot;centeredSlides&quot;:false,&quot;speed&quot;:&quot;&quot;,&quot;speedAnimation&quot;:&quot;&quot;,&quot;outsideNavigation&quot;:&quot;yes&quot;,&quot;outsidePagination&quot;:&quot;no&quot;,&quot;unique&quot;:&quot;1&quot;,&quot;partialValue&quot;:0,&quot;disablePartialValue&quot;:&quot;&quot;,&quot;parallax&quot;:&quot;no&quot;,&quot;customStages&quot;:true,&quot;slidesPerView1680&quot;:&quot;6&quot;,&quot;slidesPerView1440&quot;:&quot;5&quot;,&quot;slidesPerView1366&quot;:&quot;3&quot;,&quot;slidesPerView1024&quot;:&quot;3&quot;,&quot;slidesPerView768&quot;:&quot;3&quot;,&quot;slidesPerView680&quot;:&quot;2&quot;,&quot;slidesPerView480&quot;:&quot;2&quot;}\">\n\t<div class=\"swiper-wrapper\">\n\t\t<div class=\"qodef-e swiper-slide\">\n\t<div class=\"qodef-e-inner\">\n\t\t\t\t<div class=\"qodef-e-images-holder\">\n\t\t\t\t\t\t\t<div class=\"qodef-e-main-image\">\n\t\t\t\t\t<img decoding=\"async\" width=\"300\" height=\"149\" src=\"https:\/\/www.campingorchidea.it\/wp-content\/uploads\/2024\/11\/camping-orchidea-partners-acsi.jpg\" class=\"attachment-full size-full\" alt=\"\" \/>\t\t\t\t<\/div>\n\t\t\t\t\t\t\t\t<\/div>\n\t\t\t\t\t\t\t<\/div>\n<\/div>\n<div class=\"qodef-e swiper-slide\">\n\t<div class=\"qodef-e-inner\">\n\t\t\t\t<div class=\"qodef-e-images-holder\">\n\t\t\t\t\t\t\t<div class=\"qodef-e-main-image\">\n\t\t\t\t\t<img decoding=\"async\" width=\"300\" height=\"149\" src=\"https:\/\/www.campingorchidea.it\/wp-content\/uploads\/2024\/11\/camping-orchidea-partners-adac.jpg\" class=\"attachment-full size-full\" alt=\"\" \/>\t\t\t\t<\/div>\n\t\t\t\t\t\t\t\t<\/div>\n\t\t\t\t\t\t\t<\/div>\n<\/div>\n<div class=\"qodef-e swiper-slide\">\n\t<div class=\"qodef-e-inner\">\n\t\t\t\t<div class=\"qodef-e-images-holder\">\n\t\t\t\t\t\t\t<div class=\"qodef-e-main-image\">\n\t\t\t\t\t<img decoding=\"async\" width=\"300\" height=\"149\" src=\"https:\/\/www.campingorchidea.it\/wp-content\/uploads\/2024\/11\/camping-orchidea-partners-anwb.jpg\" class=\"attachment-full size-full\" alt=\"\" \/>\t\t\t\t<\/div>\n\t\t\t\t\t\t\t\t<\/div>\n\t\t\t\t\t\t\t<\/div>\n<\/div>\n<div class=\"qodef-e swiper-slide\">\n\t<div class=\"qodef-e-inner\">\n\t\t\t\t<div class=\"qodef-e-images-holder\">\n\t\t\t\t\t\t\t<div class=\"qodef-e-main-image\">\n\t\t\t\t\t<img loading=\"lazy\" decoding=\"async\" width=\"300\" height=\"149\" src=\"https:\/\/www.campingorchidea.it\/wp-content\/uploads\/2024\/11\/camping-orchidea-partners-koobcamp.jpg\" class=\"attachment-full size-full\" alt=\"\" \/>\t\t\t\t<\/div>\n\t\t\t\t\t\t\t\t<\/div>\n\t\t\t\t\t\t\t<\/div>\n<\/div>\n<div class=\"qodef-e swiper-slide\">\n\t<div class=\"qodef-e-inner\">\n\t\t\t\t<div class=\"qodef-e-images-holder\">\n\t\t\t\t\t\t\t<div class=\"qodef-e-main-image\">\n\t\t\t\t\t<img loading=\"lazy\" decoding=\"async\" width=\"300\" height=\"149\" src=\"https:\/\/www.campingorchidea.it\/wp-content\/uploads\/2024\/11\/camping-orchidea-partners-consorzio-lago-maggiore-holidays.jpg\" class=\"attachment-full size-full\" alt=\"\" \/>\t\t\t\t<\/div>\n\t\t\t\t\t\t\t\t<\/div>\n\t\t\t\t\t\t\t<\/div>\n<\/div>\n<div class=\"qodef-e swiper-slide\">\n\t<div class=\"qodef-e-inner\">\n\t\t\t\t<div class=\"qodef-e-images-holder\">\n\t\t\t\t\t\t\t<div class=\"qodef-e-main-image\">\n\t\t\t\t\t<img loading=\"lazy\" decoding=\"async\" width=\"300\" height=\"149\" src=\"https:\/\/www.campingorchidea.it\/wp-content\/uploads\/2024\/11\/camping-orchidea-partners-regione-piemonte.jpg\" class=\"attachment-full size-full\" alt=\"\" \/>\t\t\t\t<\/div>\n\t\t\t\t\t\t\t\t<\/div>\n\t\t\t\t\t\t\t<\/div>\n<\/div>\n<div class=\"qodef-e swiper-slide\">\n\t<div class=\"qodef-e-inner\">\n\t\t\t\t<div class=\"qodef-e-images-holder\">\n\t\t\t\t\t\t\t<div class=\"qodef-e-main-image\">\n\t\t\t\t\t<img loading=\"lazy\" decoding=\"async\" width=\"300\" height=\"149\" src=\"https:\/\/www.campingorchidea.it\/wp-content\/uploads\/2024\/11\/camping-orchidea-partners-ospitalita-italiana.jpg\" class=\"attachment-full size-full\" alt=\"\" \/>\t\t\t\t<\/div>\n\t\t\t\t\t\t\t\t<\/div>\n\t\t\t\t\t\t\t<\/div>\n<\/div>\n\t<\/div>\n\t<\/div>\n\t\t<div class=\"swiper-button-prev swiper-button-outside swiper-button-prev-1\"><svg class=\"qodef-swiper-arrow-left\" xmlns=\"http:\/\/www.w3.org\/2000\/svg\" x=\"0px\" y=\"0px\" viewBox=\"0 0 34.2 32.3\" xml:space=\"preserve\" style=\"stroke-width: 2;\"><line x1=\"0.5\" y1=\"16\" x2=\"33.5\" y2=\"16\"\/><line x1=\"0.3\" y1=\"16.5\" x2=\"16.2\" y2=\"0.7\"\/><line x1=\"0\" y1=\"15.4\" x2=\"16.2\" y2=\"31.6\"\/><\/svg><\/div>\n\t<div class=\"swiper-button-next swiper-button-outside swiper-button-next-1\"><svg class=\"qodef-swiper-arrow-right\" xmlns=\"http:\/\/www.w3.org\/2000\/svg\" x=\"0px\" y=\"0px\" viewBox=\"0 0 34.2 32.3\" xml:space=\"preserve\" style=\"stroke-width: 2;\"><line x1=\"0\" y1=\"16\" x2=\"33\" y2=\"16\"\/><line x1=\"17.3\" y1=\"0.7\" x2=\"33.2\" y2=\"16.5\"\/><line x1=\"17.3\" y1=\"31.6\" x2=\"33.5\" y2=\"15.4\"\/><\/svg><\/div>\n\t\t\t\t\t<\/div>\n\t\t\t\t<\/div>\n\t\t\t\t\t<\/div>\n\t\t\t\t<\/div>\n\t\t\t\t<\/div>\n\t\t","protected":false},"excerpt":{"rendered":"<p>camping residence orchidea Allgemeine Dienstleistungen &amp; Verleih F\u00fcr Ihren Aufenthalt stehen Ihnen zahlreiche im Preis inbegriffene Dienstleistungen und Verleihm\u00f6glichkeiten zur Verf\u00fcgung: Fahrrad- und E-Bike-Verleih: An der Rezeption k\u00f6nnen Sie Mountainbikes oder E-Bikes ausleihen, um die Umgebung zu erkunden. Kindersitze sind ebenfalls erh\u00e4ltlich. K\u00fchlschrank- und Minibarverleih: Sie reisen mit dem Zelt und ben\u00f6tigen einen K\u00fchlschrank? Nach [&hellip;]<\/p>\n","protected":false},"author":1,"featured_media":0,"parent":12771,"menu_order":0,"comment_status":"closed","ping_status":"closed","template":"page-full-width.php","meta":{"footnotes":""},"class_list":["post-17716","page","type-page","status-publish","hentry"],"yoast_head":"<!-- This site is optimized with the Yoast SEO plugin v27.2 - https:\/\/yoast.com\/product\/yoast-seo-wordpress\/ -->\n<title>Allgemeine Dienstleistungen &amp; Verleih<\/title>\n<meta name=\"description\" content=\"F\u00fcr Ihren Aufenthalt stehen Ihnen zahlreiche im Preis inbegriffene Dienstleistungen und Verleihm\u00f6glichkeiten zur Verf\u00fcgung\" \/>\n<meta name=\"robots\" content=\"index, follow, max-snippet:-1, max-image-preview:large, max-video-preview:-1\" \/>\n<link rel=\"canonical\" href=\"https:\/\/www.campingorchidea.it\/de\/dienstleistungen\/allgemeine-dienstleistungen-verleih\/\" \/>\n<meta property=\"og:locale\" content=\"de_DE\" \/>\n<meta property=\"og:type\" content=\"article\" \/>\n<meta property=\"og:title\" content=\"Allgemeine Dienstleistungen &amp; Verleih\" \/>\n<meta property=\"og:description\" content=\"F\u00fcr Ihren Aufenthalt stehen Ihnen zahlreiche im Preis inbegriffene Dienstleistungen und Verleihm\u00f6glichkeiten zur Verf\u00fcgung\" \/>\n<meta property=\"og:url\" content=\"https:\/\/www.campingorchidea.it\/de\/dienstleistungen\/allgemeine-dienstleistungen-verleih\/\" \/>\n<meta property=\"og:site_name\" content=\"Camping Orchidea, Lago Maggiore\" \/>\n<meta property=\"article:modified_time\" content=\"2025-10-29T09:12:47+00:00\" \/>\n<meta property=\"og:image\" content=\"https:\/\/www.campingorchidea.it\/wp-content\/uploads\/elementor\/thumbs\/pedalo-kayak-sup_camping-orchidea-lago-maggiore-rd53zyma1tjz2n8noc2tywlnov5i8ebubi99ytopa4.jpg\" \/>\n<meta name=\"twitter:card\" content=\"summary_large_image\" \/>\n<meta name=\"twitter:label1\" content=\"Gesch\u00e4tzte Lesezeit\" \/>\n\t<meta name=\"twitter:data1\" content=\"8\u00a0Minuten\" \/>\n<script type=\"application\/ld+json\" class=\"yoast-schema-graph\">{\"@context\":\"https:\/\/schema.org\",\"@graph\":[{\"@type\":\"WebPage\",\"@id\":\"https:\/\/www.campingorchidea.it\/de\/dienstleistungen\/allgemeine-dienstleistungen-verleih\/\",\"url\":\"https:\/\/www.campingorchidea.it\/de\/dienstleistungen\/allgemeine-dienstleistungen-verleih\/\",\"name\":\"Allgemeine Dienstleistungen & Verleih\",\"isPartOf\":{\"@id\":\"https:\/\/www.campingorchidea.it\/de\/#website\"},\"primaryImageOfPage\":{\"@id\":\"https:\/\/www.campingorchidea.it\/de\/dienstleistungen\/allgemeine-dienstleistungen-verleih\/#primaryimage\"},\"image\":{\"@id\":\"https:\/\/www.campingorchidea.it\/de\/dienstleistungen\/allgemeine-dienstleistungen-verleih\/#primaryimage\"},\"thumbnailUrl\":\"https:\/\/www.campingorchidea.it\/wp-content\/uploads\/elementor\/thumbs\/pedalo-kayak-sup_camping-orchidea-lago-maggiore-rd53zyma1tjz2n8noc2tywlnov5i8ebubi99ytopa4.jpg\",\"datePublished\":\"2025-10-13T10:20:59+00:00\",\"dateModified\":\"2025-10-29T09:12:47+00:00\",\"description\":\"F\u00fcr Ihren Aufenthalt stehen Ihnen zahlreiche im Preis inbegriffene Dienstleistungen und Verleihm\u00f6glichkeiten zur Verf\u00fcgung\",\"breadcrumb\":{\"@id\":\"https:\/\/www.campingorchidea.it\/de\/dienstleistungen\/allgemeine-dienstleistungen-verleih\/#breadcrumb\"},\"inLanguage\":\"de\",\"potentialAction\":[{\"@type\":\"ReadAction\",\"target\":[\"https:\/\/www.campingorchidea.it\/de\/dienstleistungen\/allgemeine-dienstleistungen-verleih\/\"]}]},{\"@type\":\"ImageObject\",\"inLanguage\":\"de\",\"@id\":\"https:\/\/www.campingorchidea.it\/de\/dienstleistungen\/allgemeine-dienstleistungen-verleih\/#primaryimage\",\"url\":\"https:\/\/www.campingorchidea.it\/wp-content\/uploads\/elementor\/thumbs\/pedalo-kayak-sup_camping-orchidea-lago-maggiore-rd53zyma1tjz2n8noc2tywlnov5i8ebubi99ytopa4.jpg\",\"contentUrl\":\"https:\/\/www.campingorchidea.it\/wp-content\/uploads\/elementor\/thumbs\/pedalo-kayak-sup_camping-orchidea-lago-maggiore-rd53zyma1tjz2n8noc2tywlnov5i8ebubi99ytopa4.jpg\"},{\"@type\":\"BreadcrumbList\",\"@id\":\"https:\/\/www.campingorchidea.it\/de\/dienstleistungen\/allgemeine-dienstleistungen-verleih\/#breadcrumb\",\"itemListElement\":[{\"@type\":\"ListItem\",\"position\":1,\"name\":\"Home\",\"item\":\"https:\/\/www.campingorchidea.it\/de\/\"},{\"@type\":\"ListItem\",\"position\":2,\"name\":\"Dienstleistungen\",\"item\":\"https:\/\/www.campingorchidea.it\/de\/dienstleistungen\/\"},{\"@type\":\"ListItem\",\"position\":3,\"name\":\"Allgemeine Dienstleistungen &#038; Verleih\"}]},{\"@type\":\"WebSite\",\"@id\":\"https:\/\/www.campingorchidea.it\/de\/#website\",\"url\":\"https:\/\/www.campingorchidea.it\/de\/\",\"name\":\"Camping Orchidea, Lago Maggiore\",\"description\":\"\",\"potentialAction\":[{\"@type\":\"SearchAction\",\"target\":{\"@type\":\"EntryPoint\",\"urlTemplate\":\"https:\/\/www.campingorchidea.it\/de\/?s={search_term_string}\"},\"query-input\":{\"@type\":\"PropertyValueSpecification\",\"valueRequired\":true,\"valueName\":\"search_term_string\"}}],\"inLanguage\":\"de\"}]}<\/script>\n<!-- \/ Yoast SEO plugin. -->","yoast_head_json":{"title":"Allgemeine Dienstleistungen & Verleih","description":"F\u00fcr Ihren Aufenthalt stehen Ihnen zahlreiche im Preis inbegriffene Dienstleistungen und Verleihm\u00f6glichkeiten zur Verf\u00fcgung","robots":{"index":"index","follow":"follow","max-snippet":"max-snippet:-1","max-image-preview":"max-image-preview:large","max-video-preview":"max-video-preview:-1"},"canonical":"https:\/\/www.campingorchidea.it\/de\/dienstleistungen\/allgemeine-dienstleistungen-verleih\/","og_locale":"de_DE","og_type":"article","og_title":"Allgemeine Dienstleistungen & Verleih","og_description":"F\u00fcr Ihren Aufenthalt stehen Ihnen zahlreiche im Preis inbegriffene Dienstleistungen und Verleihm\u00f6glichkeiten zur Verf\u00fcgung","og_url":"https:\/\/www.campingorchidea.it\/de\/dienstleistungen\/allgemeine-dienstleistungen-verleih\/","og_site_name":"Camping Orchidea, Lago Maggiore","article_modified_time":"2025-10-29T09:12:47+00:00","og_image":[{"url":"https:\/\/www.campingorchidea.it\/wp-content\/uploads\/elementor\/thumbs\/pedalo-kayak-sup_camping-orchidea-lago-maggiore-rd53zyma1tjz2n8noc2tywlnov5i8ebubi99ytopa4.jpg","type":"","width":"","height":""}],"twitter_card":"summary_large_image","twitter_misc":{"Gesch\u00e4tzte Lesezeit":"8\u00a0Minuten"},"schema":{"@context":"https:\/\/schema.org","@graph":[{"@type":"WebPage","@id":"https:\/\/www.campingorchidea.it\/de\/dienstleistungen\/allgemeine-dienstleistungen-verleih\/","url":"https:\/\/www.campingorchidea.it\/de\/dienstleistungen\/allgemeine-dienstleistungen-verleih\/","name":"Allgemeine Dienstleistungen & Verleih","isPartOf":{"@id":"https:\/\/www.campingorchidea.it\/de\/#website"},"primaryImageOfPage":{"@id":"https:\/\/www.campingorchidea.it\/de\/dienstleistungen\/allgemeine-dienstleistungen-verleih\/#primaryimage"},"image":{"@id":"https:\/\/www.campingorchidea.it\/de\/dienstleistungen\/allgemeine-dienstleistungen-verleih\/#primaryimage"},"thumbnailUrl":"https:\/\/www.campingorchidea.it\/wp-content\/uploads\/elementor\/thumbs\/pedalo-kayak-sup_camping-orchidea-lago-maggiore-rd53zyma1tjz2n8noc2tywlnov5i8ebubi99ytopa4.jpg","datePublished":"2025-10-13T10:20:59+00:00","dateModified":"2025-10-29T09:12:47+00:00","description":"F\u00fcr Ihren Aufenthalt stehen Ihnen zahlreiche im Preis inbegriffene Dienstleistungen und Verleihm\u00f6glichkeiten zur Verf\u00fcgung","breadcrumb":{"@id":"https:\/\/www.campingorchidea.it\/de\/dienstleistungen\/allgemeine-dienstleistungen-verleih\/#breadcrumb"},"inLanguage":"de","potentialAction":[{"@type":"ReadAction","target":["https:\/\/www.campingorchidea.it\/de\/dienstleistungen\/allgemeine-dienstleistungen-verleih\/"]}]},{"@type":"ImageObject","inLanguage":"de","@id":"https:\/\/www.campingorchidea.it\/de\/dienstleistungen\/allgemeine-dienstleistungen-verleih\/#primaryimage","url":"https:\/\/www.campingorchidea.it\/wp-content\/uploads\/elementor\/thumbs\/pedalo-kayak-sup_camping-orchidea-lago-maggiore-rd53zyma1tjz2n8noc2tywlnov5i8ebubi99ytopa4.jpg","contentUrl":"https:\/\/www.campingorchidea.it\/wp-content\/uploads\/elementor\/thumbs\/pedalo-kayak-sup_camping-orchidea-lago-maggiore-rd53zyma1tjz2n8noc2tywlnov5i8ebubi99ytopa4.jpg"},{"@type":"BreadcrumbList","@id":"https:\/\/www.campingorchidea.it\/de\/dienstleistungen\/allgemeine-dienstleistungen-verleih\/#breadcrumb","itemListElement":[{"@type":"ListItem","position":1,"name":"Home","item":"https:\/\/www.campingorchidea.it\/de\/"},{"@type":"ListItem","position":2,"name":"Dienstleistungen","item":"https:\/\/www.campingorchidea.it\/de\/dienstleistungen\/"},{"@type":"ListItem","position":3,"name":"Allgemeine Dienstleistungen &#038; Verleih"}]},{"@type":"WebSite","@id":"https:\/\/www.campingorchidea.it\/de\/#website","url":"https:\/\/www.campingorchidea.it\/de\/","name":"Camping Orchidea, Lago Maggiore","description":"","potentialAction":[{"@type":"SearchAction","target":{"@type":"EntryPoint","urlTemplate":"https:\/\/www.campingorchidea.it\/de\/?s={search_term_string}"},"query-input":{"@type":"PropertyValueSpecification","valueRequired":true,"valueName":"search_term_string"}}],"inLanguage":"de"}]}},"_links":{"self":[{"href":"https:\/\/www.campingorchidea.it\/de\/wp-json\/wp\/v2\/pages\/17716","targetHints":{"allow":["GET"]}}],"collection":[{"href":"https:\/\/www.campingorchidea.it\/de\/wp-json\/wp\/v2\/pages"}],"about":[{"href":"https:\/\/www.campingorchidea.it\/de\/wp-json\/wp\/v2\/types\/page"}],"author":[{"embeddable":true,"href":"https:\/\/www.campingorchidea.it\/de\/wp-json\/wp\/v2\/users\/1"}],"replies":[{"embeddable":true,"href":"https:\/\/www.campingorchidea.it\/de\/wp-json\/wp\/v2\/comments?post=17716"}],"version-history":[{"count":0,"href":"https:\/\/www.campingorchidea.it\/de\/wp-json\/wp\/v2\/pages\/17716\/revisions"}],"up":[{"embeddable":true,"href":"https:\/\/www.campingorchidea.it\/de\/wp-json\/wp\/v2\/pages\/12771"}],"wp:attachment":[{"href":"https:\/\/www.campingorchidea.it\/de\/wp-json\/wp\/v2\/media?parent=17716"}],"curies":[{"name":"wp","href":"https:\/\/api.w.org\/{rel}","templated":true}]}}