{"id":12763,"date":"2024-11-26T21:16:15","date_gmt":"2024-11-26T20:16:15","guid":{"rendered":"https:\/\/www.campingorchidea.it\/ristorante\/"},"modified":"2024-12-11T11:41:02","modified_gmt":"2024-12-11T10:41:02","slug":"restaurant","status":"publish","type":"page","link":"https:\/\/www.campingorchidea.it\/de\/dienstleistungen\/restaurant\/","title":{"rendered":"Restaurant"},"content":{"rendered":"\t\t<div data-elementor-type=\"wp-page\" data-elementor-id=\"12763\" class=\"elementor elementor-12763 elementor-11650\">\n\t\t\t\t\t\t<section class=\"elementor-section elementor-top-section elementor-element elementor-element-c850dbf elementor-section-full_width qodef-elementor-content-grid elementor-section-height-default elementor-section-height-default\" data-id=\"c850dbf\" data-element_type=\"section\" data-e-type=\"section\" data-settings=\"{&quot;background_background&quot;:&quot;gradient&quot;}\">\n\t\t\t\t\t\t\t<div class=\"elementor-background-overlay\"><\/div>\n\t\t\t\t\t\t\t<div class=\"elementor-container elementor-column-gap-default\">\n\t\t\t\t\t<div class=\"elementor-column elementor-col-100 elementor-top-column elementor-element elementor-element-7c7b631\" data-id=\"7c7b631\" data-element_type=\"column\" data-e-type=\"column\">\n\t\t\t<div class=\"elementor-widget-wrap elementor-element-populated\">\n\t\t\t\t\t\t<div class=\"elementor-element elementor-element-f156e59 titolosfondo elementor-widget elementor-widget-kamperen_core_section_title\" data-id=\"f156e59\" data-element_type=\"widget\" data-e-type=\"widget\" data-widget_type=\"kamperen_core_section_title.default\">\n\t\t\t\t<div class=\"elementor-widget-container\">\n\t\t\t\t\t<div class=\"qodef-shortcode qodef-m qodef-section-title qodef-alignment--center\">\n\t\t<div class=\"qodef-m-tagline-mark\" >\n\t\t CANNETO ON THE BEACH - UM JEDEN GESCHMACK ZU BEF\u00dcLLEN\t<\/div>\n\t\t<h1 class=\"qodef-m-title\" >\n\t\t\t\t\t DAS RESTAURANT<br \/> \"AL VECCHIO CANNETO\"\t\t\t<\/h1>\n\t<\/div>\n\t\t\t\t<\/div>\n\t\t\t\t<\/div>\n\t\t\t\t<div class=\"elementor-element elementor-element-d13f850 elementor-widget elementor-widget-text-editor\" data-id=\"d13f850\" data-element_type=\"widget\" data-e-type=\"widget\" data-widget_type=\"text-editor.default\">\n\t\t\t\t<div class=\"elementor-widget-container\">\n\t\t\t\t\t\t\t\t\t<div class=\"wpb_text_column\"><div class=\"wpb_wrapper\"><p>Es ist kein guter Urlaub, wenn der Gaumen nicht zufrieden ist\u2026<br \/>Im Camping Residence Orchidea finden Sie zwei Verpflegungsstellen:<br \/>das <strong>Restaurant \u2013 Pizzeria \u2013 Bar<\/strong> \u201eAl vecchio Canneto\u201c und das \u201eCanneto on the beach\u201c, <strong>direkt am Strand<\/strong>.<br \/>hier k\u00f6nnen Sie dank der Sorgfalt und Aufmerksamkeit unserer K\u00fcchenchefs eine <strong>italienische K\u00fcche<\/strong> auf hohem Niveau oder eine im Holzofen gebackene italienische Pizza genie\u00dfen ohne dabei die Bed\u00fcrfnisse der Kleinen zu vergessen, f\u00fcr die ein spezielles <strong>Kindermen\u00fc<\/strong> reserviert ist und die M\u00f6glichkeit von <strong>glutenfreien oder vegetarischen Gerichten<\/strong>.<br \/>Unsere Restaurants sind jeden Tag zum Mittag- und Abendessen ge\u00f6ffnet, mit <strong>Tischservice oder Mitnahme<\/strong>.<\/p><\/div><\/div>\t\t\t\t\t\t\t\t<\/div>\n\t\t\t\t<\/div>\n\t\t\t\t\t<\/div>\n\t\t<\/div>\n\t\t\t\t\t<\/div>\n\t\t<\/section>\n\t\t\t\t<section class=\"elementor-section elementor-top-section elementor-element elementor-element-640a03d elementor-section-full_width elementor-section-height-default elementor-section-height-default qodef-elementor-content-no\" data-id=\"640a03d\" data-element_type=\"section\" data-e-type=\"section\">\n\t\t\t\t\t\t<div class=\"elementor-container elementor-column-gap-default\">\n\t\t\t\t\t<div class=\"elementor-column elementor-col-100 elementor-top-column elementor-element elementor-element-6e7fc24\" data-id=\"6e7fc24\" data-element_type=\"column\" data-e-type=\"column\">\n\t\t\t<div class=\"elementor-widget-wrap elementor-element-populated\">\n\t\t\t\t\t\t<div class=\"elementor-element elementor-element-96a3d16 elementor-widget elementor-widget-image-carousel\" data-id=\"96a3d16\" data-element_type=\"widget\" data-e-type=\"widget\" data-settings=\"{&quot;slides_to_show&quot;:&quot;3&quot;,&quot;navigation&quot;:&quot;none&quot;,&quot;autoplay_speed&quot;:2000,&quot;speed&quot;:2000,&quot;autoplay&quot;:&quot;yes&quot;,&quot;infinite&quot;:&quot;yes&quot;,&quot;image_spacing_custom&quot;:{&quot;unit&quot;:&quot;px&quot;,&quot;size&quot;:20,&quot;sizes&quot;:[]},&quot;image_spacing_custom_tablet&quot;:{&quot;unit&quot;:&quot;px&quot;,&quot;size&quot;:&quot;&quot;,&quot;sizes&quot;:[]},&quot;image_spacing_custom_mobile&quot;:{&quot;unit&quot;:&quot;px&quot;,&quot;size&quot;:&quot;&quot;,&quot;sizes&quot;:[]}}\" data-widget_type=\"image-carousel.default\">\n\t\t\t\t<div class=\"elementor-widget-container\">\n\t\t\t\t\t\t\t<div class=\"elementor-image-carousel-wrapper swiper\" role=\"region\" aria-roledescription=\"carousel\" aria-label=\"Bild Karussell\" dir=\"ltr\">\n\t\t\t<div class=\"elementor-image-carousel swiper-wrapper\" aria-live=\"off\">\n\t\t\t\t\t\t\t\t<div class=\"swiper-slide\" role=\"group\" aria-roledescription=\"slide\" aria-label=\"1 von 5\"><figure class=\"swiper-slide-inner\"><img decoding=\"async\" class=\"swiper-slide-image\" src=\"https:\/\/www.campingorchidea.it\/wp-content\/uploads\/elementor\/thumbs\/ristorante-camping-residence-orchidea-lago-maggiore1-qxn40tq3g9nrtklnyycilsnzzsgdgnz958fbisstbk.jpg\" alt=\"ristorante-camping-residence-orchidea-lago-maggiore1\" \/><\/figure><\/div><div class=\"swiper-slide\" role=\"group\" aria-roledescription=\"slide\" aria-label=\"2 von 5\"><figure class=\"swiper-slide-inner\"><img decoding=\"async\" class=\"swiper-slide-image\" src=\"https:\/\/www.campingorchidea.it\/wp-content\/uploads\/elementor\/thumbs\/ristorante-camping-residence-orchidea-lago-maggiore2-qxn417toas72nq16omfx573wwkivo4j8767lpy7wq8.jpg\" alt=\"ristorante-camping-residence-orchidea-lago-maggiore2\" \/><\/figure><\/div><div class=\"swiper-slide\" role=\"group\" aria-roledescription=\"slide\" aria-label=\"3 von 5\"><figure class=\"swiper-slide-inner\"><img decoding=\"async\" class=\"swiper-slide-image\" src=\"https:\/\/www.campingorchidea.it\/wp-content\/uploads\/elementor\/thumbs\/ristorante-camping-residence-orchidea-lago-maggiore5-qxn40qwkvrjwuqprff4mwbdm7mu9tko24ugv2ywzu8.jpg\" alt=\"ristorante-camping-residence-orchidea-lago-maggiore5\" \/><\/figure><\/div><div class=\"swiper-slide\" role=\"group\" aria-roledescription=\"slide\" aria-label=\"4 von 5\"><figure class=\"swiper-slide-inner\"><img decoding=\"async\" class=\"swiper-slide-image\" src=\"https:\/\/www.campingorchidea.it\/wp-content\/uploads\/elementor\/thumbs\/ristorante-camping-residence-orchidea-lago-maggiore4-qxn410ays3ws2uc3wj6wl9085hjxyjpdi4zpvqj240.jpg\" alt=\"ristorante-camping-residence-orchidea-lago-maggiore4\" \/><\/figure><\/div><div class=\"swiper-slide\" role=\"group\" aria-roledescription=\"slide\" aria-label=\"5 von 5\"><figure class=\"swiper-slide-inner\"><img decoding=\"async\" class=\"swiper-slide-image\" src=\"https:\/\/www.campingorchidea.it\/wp-content\/uploads\/elementor\/thumbs\/ristorante-camping-residence-orchidea-lago-maggiore3-qxn40n584ferkav81di4mcbru3csys94sbux5v2kj4.jpg\" alt=\"ristorante-camping-residence-orchidea-lago-maggiore3\" \/><\/figure><\/div>\t\t\t<\/div>\n\t\t\t\t\t\t\t\n\t\t\t\t\t\t\t\t\t<\/div>\n\t\t\t\t\t\t<\/div>\n\t\t\t\t<\/div>\n\t\t\t\t\t<\/div>\n\t\t<\/div>\n\t\t\t\t\t<\/div>\n\t\t<\/section>\n\t\t\t\t<section class=\"elementor-section elementor-top-section elementor-element elementor-element-c872d89 elementor-section-full_width elementor-reverse-tablet elementor-reverse-mobile elementor-section-height-default elementor-section-height-default qodef-elementor-content-no\" data-id=\"c872d89\" data-element_type=\"section\" data-e-type=\"section\" data-settings=\"{&quot;background_background&quot;:&quot;classic&quot;}\">\n\t\t\t\t\t\t<div class=\"elementor-container elementor-column-gap-default\">\n\t\t\t\t\t<div class=\"elementor-column elementor-col-50 elementor-top-column elementor-element elementor-element-aabd388 qodef-zoom-out\" data-id=\"aabd388\" data-element_type=\"column\" data-e-type=\"column\" data-settings=\"{&quot;background_background&quot;:&quot;classic&quot;}\">\n\t\t\t<div class=\"elementor-widget-wrap elementor-element-populated\">\n\t\t\t\t\t\t\t<\/div>\n\t\t<\/div>\n\t\t\t\t<div class=\"elementor-column elementor-col-50 elementor-top-column elementor-element elementor-element-8fa10e2\" data-id=\"8fa10e2\" data-element_type=\"column\" data-e-type=\"column\">\n\t\t\t<div class=\"elementor-widget-wrap elementor-element-populated\">\n\t\t\t\t\t\t<section class=\"elementor-section elementor-inner-section elementor-element elementor-element-bfe8598 elementor-section-boxed elementor-section-height-default elementor-section-height-default qodef-elementor-content-no\" data-id=\"bfe8598\" data-element_type=\"section\" data-e-type=\"section\" data-settings=\"{&quot;background_background&quot;:&quot;classic&quot;}\">\n\t\t\t\t\t\t<div class=\"elementor-container elementor-column-gap-default\">\n\t\t\t\t\t<div class=\"elementor-column elementor-col-100 elementor-inner-column elementor-element elementor-element-20dbeff\" data-id=\"20dbeff\" data-element_type=\"column\" data-e-type=\"column\">\n\t\t\t<div class=\"elementor-widget-wrap elementor-element-populated\">\n\t\t\t\t\t\t<div class=\"elementor-element elementor-element-220d807 elementor-widget elementor-widget-qi_addons_for_elementor_section_title\" data-id=\"220d807\" data-element_type=\"widget\" data-e-type=\"widget\" data-widget_type=\"qi_addons_for_elementor_section_title.default\">\n\t\t\t\t<div class=\"elementor-widget-container\">\n\t\t\t\t\t<div class=\"qodef-shortcode qodef-m qodef-qi-section-title qodef-decoration--bold qodef-link--underline-draw qodef-subtitle-icon--left\">\n\t\t\t\t\t\t<h3 class=\"qodef-m-title\">\n\t\tBar\t<\/h3>\n\t\t\t<div class=\"qodef-m-text\"><p>Die Bars sind jeden Tag von 7.30 bis 23.00 Uhr mit italienischem Fr\u00fchst\u00fcck, Aperitifs, Snacks, Zwischenmahlzeiten und hausgemachtem Eis ge\u00f6ffnet.<br \/>Auf der Terrasse des Restaurants \u201eAl Vecchio Canneto\u201c finden Sie au\u00dferdem einen F\u00fcnferfussball und Billard;<br \/>Alle Sportveranstaltungen werden auch auf internationalen Kan\u00e4len \u00fcbertragen (Fu\u00dfball, Formel 1, Radsport\u2026).<\/p><\/div>\n\t<\/div>\n\t\t\t\t<\/div>\n\t\t\t\t<\/div>\n\t\t\t\t\t<\/div>\n\t\t<\/div>\n\t\t\t\t\t<\/div>\n\t\t<\/section>\n\t\t\t\t\t<\/div>\n\t\t<\/div>\n\t\t\t\t\t<\/div>\n\t\t<\/section>\n\t\t<div class=\"elementor-element elementor-element-376db4c e-flex e-con-boxed qodef-elementor-content-no e-con e-parent\" data-id=\"376db4c\" data-element_type=\"container\" data-e-type=\"container\">\n\t\t\t\t\t<div class=\"e-con-inner\">\n\t\t\t\t<div class=\"elementor-element elementor-element-59a20399 elementor-widget elementor-widget-qi_addons_for_elementor_clients_slider\" data-id=\"59a20399\" data-element_type=\"widget\" data-e-type=\"widget\" data-widget_type=\"qi_addons_for_elementor_clients_slider.default\">\n\t\t\t\t<div class=\"elementor-widget-container\">\n\t\t\t\t\t<div class=\"qodef-shortcode qodef-m qodef-qi-clients-slider qodef--hover-scale qodef-qi-grid qodef-qi-swiper-container qodef-navigation--outside qodef-navigation--hover-move\" data-options=\"{&quot;direction&quot;:&quot;horizontal&quot;,&quot;slidesPerView&quot;:&quot;6&quot;,&quot;spaceBetween&quot;:20,&quot;spaceBetweenTablet&quot;:30,&quot;spaceBetweenMobile&quot;:30,&quot;effect&quot;:&quot;&quot;,&quot;loop&quot;:true,&quot;autoplay&quot;:true,&quot;centeredSlides&quot;:false,&quot;speed&quot;:&quot;&quot;,&quot;speedAnimation&quot;:&quot;&quot;,&quot;outsideNavigation&quot;:&quot;yes&quot;,&quot;outsidePagination&quot;:&quot;no&quot;,&quot;unique&quot;:&quot;1&quot;,&quot;partialValue&quot;:0,&quot;disablePartialValue&quot;:&quot;&quot;,&quot;parallax&quot;:&quot;no&quot;,&quot;customStages&quot;:true,&quot;slidesPerView1680&quot;:&quot;6&quot;,&quot;slidesPerView1440&quot;:&quot;5&quot;,&quot;slidesPerView1366&quot;:&quot;3&quot;,&quot;slidesPerView1024&quot;:&quot;3&quot;,&quot;slidesPerView768&quot;:&quot;3&quot;,&quot;slidesPerView680&quot;:&quot;2&quot;,&quot;slidesPerView480&quot;:&quot;2&quot;}\">\n\t<div class=\"swiper-wrapper\">\n\t\t<div class=\"qodef-e swiper-slide\">\n\t<div class=\"qodef-e-inner\">\n\t\t\t\t<div class=\"qodef-e-images-holder\">\n\t\t\t\t\t\t\t<div class=\"qodef-e-main-image\">\n\t\t\t\t\t<img decoding=\"async\" width=\"300\" height=\"149\" src=\"https:\/\/www.campingorchidea.it\/wp-content\/uploads\/2024\/11\/camping-orchidea-partners-acsi.jpg\" class=\"attachment-full size-full\" alt=\"\" \/>\t\t\t\t<\/div>\n\t\t\t\t\t\t\t\t<\/div>\n\t\t\t\t\t\t\t<\/div>\n<\/div>\n<div class=\"qodef-e swiper-slide\">\n\t<div class=\"qodef-e-inner\">\n\t\t\t\t<div class=\"qodef-e-images-holder\">\n\t\t\t\t\t\t\t<div class=\"qodef-e-main-image\">\n\t\t\t\t\t<img decoding=\"async\" width=\"300\" height=\"149\" src=\"https:\/\/www.campingorchidea.it\/wp-content\/uploads\/2024\/11\/camping-orchidea-partners-adac.jpg\" class=\"attachment-full size-full\" alt=\"\" \/>\t\t\t\t<\/div>\n\t\t\t\t\t\t\t\t<\/div>\n\t\t\t\t\t\t\t<\/div>\n<\/div>\n<div class=\"qodef-e swiper-slide\">\n\t<div class=\"qodef-e-inner\">\n\t\t\t\t<div class=\"qodef-e-images-holder\">\n\t\t\t\t\t\t\t<div class=\"qodef-e-main-image\">\n\t\t\t\t\t<img decoding=\"async\" width=\"300\" height=\"149\" src=\"https:\/\/www.campingorchidea.it\/wp-content\/uploads\/2024\/11\/camping-orchidea-partners-anwb.jpg\" class=\"attachment-full size-full\" alt=\"\" \/>\t\t\t\t<\/div>\n\t\t\t\t\t\t\t\t<\/div>\n\t\t\t\t\t\t\t<\/div>\n<\/div>\n<div class=\"qodef-e swiper-slide\">\n\t<div class=\"qodef-e-inner\">\n\t\t\t\t<div class=\"qodef-e-images-holder\">\n\t\t\t\t\t\t\t<div class=\"qodef-e-main-image\">\n\t\t\t\t\t<img loading=\"lazy\" decoding=\"async\" width=\"300\" height=\"149\" src=\"https:\/\/www.campingorchidea.it\/wp-content\/uploads\/2024\/11\/camping-orchidea-partners-koobcamp.jpg\" class=\"attachment-full size-full\" alt=\"\" \/>\t\t\t\t<\/div>\n\t\t\t\t\t\t\t\t<\/div>\n\t\t\t\t\t\t\t<\/div>\n<\/div>\n<div class=\"qodef-e swiper-slide\">\n\t<div class=\"qodef-e-inner\">\n\t\t\t\t<div class=\"qodef-e-images-holder\">\n\t\t\t\t\t\t\t<div class=\"qodef-e-main-image\">\n\t\t\t\t\t<img loading=\"lazy\" decoding=\"async\" width=\"300\" height=\"149\" src=\"https:\/\/www.campingorchidea.it\/wp-content\/uploads\/2024\/11\/camping-orchidea-partners-consorzio-lago-maggiore-holidays.jpg\" class=\"attachment-full size-full\" alt=\"\" \/>\t\t\t\t<\/div>\n\t\t\t\t\t\t\t\t<\/div>\n\t\t\t\t\t\t\t<\/div>\n<\/div>\n<div class=\"qodef-e swiper-slide\">\n\t<div class=\"qodef-e-inner\">\n\t\t\t\t<div class=\"qodef-e-images-holder\">\n\t\t\t\t\t\t\t<div class=\"qodef-e-main-image\">\n\t\t\t\t\t<img loading=\"lazy\" decoding=\"async\" width=\"300\" height=\"149\" src=\"https:\/\/www.campingorchidea.it\/wp-content\/uploads\/2024\/11\/camping-orchidea-partners-regione-piemonte.jpg\" class=\"attachment-full size-full\" alt=\"\" \/>\t\t\t\t<\/div>\n\t\t\t\t\t\t\t\t<\/div>\n\t\t\t\t\t\t\t<\/div>\n<\/div>\n<div class=\"qodef-e swiper-slide\">\n\t<div class=\"qodef-e-inner\">\n\t\t\t\t<div class=\"qodef-e-images-holder\">\n\t\t\t\t\t\t\t<div class=\"qodef-e-main-image\">\n\t\t\t\t\t<img loading=\"lazy\" decoding=\"async\" width=\"300\" height=\"149\" src=\"https:\/\/www.campingorchidea.it\/wp-content\/uploads\/2024\/11\/camping-orchidea-partners-ospitalita-italiana.jpg\" class=\"attachment-full size-full\" alt=\"\" \/>\t\t\t\t<\/div>\n\t\t\t\t\t\t\t\t<\/div>\n\t\t\t\t\t\t\t<\/div>\n<\/div>\n\t<\/div>\n\t<\/div>\n\t\t<div class=\"swiper-button-prev swiper-button-outside swiper-button-prev-1\"><svg class=\"qodef-swiper-arrow-left\" xmlns=\"http:\/\/www.w3.org\/2000\/svg\" x=\"0px\" y=\"0px\" viewBox=\"0 0 34.2 32.3\" xml:space=\"preserve\" style=\"stroke-width: 2;\"><line x1=\"0.5\" y1=\"16\" x2=\"33.5\" y2=\"16\"\/><line x1=\"0.3\" y1=\"16.5\" x2=\"16.2\" y2=\"0.7\"\/><line x1=\"0\" y1=\"15.4\" x2=\"16.2\" y2=\"31.6\"\/><\/svg><\/div>\n\t<div class=\"swiper-button-next swiper-button-outside swiper-button-next-1\"><svg class=\"qodef-swiper-arrow-right\" xmlns=\"http:\/\/www.w3.org\/2000\/svg\" x=\"0px\" y=\"0px\" viewBox=\"0 0 34.2 32.3\" xml:space=\"preserve\" style=\"stroke-width: 2;\"><line x1=\"0\" y1=\"16\" x2=\"33\" y2=\"16\"\/><line x1=\"17.3\" y1=\"0.7\" x2=\"33.2\" y2=\"16.5\"\/><line x1=\"17.3\" y1=\"31.6\" x2=\"33.5\" y2=\"15.4\"\/><\/svg><\/div>\n\t\t\t\t\t<\/div>\n\t\t\t\t<\/div>\n\t\t\t\t\t<\/div>\n\t\t\t\t<\/div>\n\t\t\t\t<\/div>\n\t\t","protected":false},"excerpt":{"rendered":"<p>CANNETO ON THE BEACH &#8211; UM JEDEN GESCHMACK ZU BEF\u00dcLLEN DAS RESTAURANT &#8222;AL VECCHIO CANNETO&#8220; Es ist kein guter Urlaub, wenn der Gaumen nicht zufrieden ist\u2026Im Camping Residence Orchidea finden Sie zwei Verpflegungsstellen:das Restaurant \u2013 Pizzeria \u2013 Bar \u201eAl vecchio Canneto\u201c und das \u201eCanneto on the beach\u201c, direkt am Strand.hier k\u00f6nnen Sie dank der Sorgfalt [&hellip;]<\/p>\n","protected":false},"author":2,"featured_media":0,"parent":12771,"menu_order":0,"comment_status":"closed","ping_status":"closed","template":"page-full-width.php","meta":{"footnotes":""},"class_list":["post-12763","page","type-page","status-publish","hentry"],"yoast_head":"<!-- This site is optimized with the Yoast SEO plugin v27.4 - https:\/\/yoast.com\/product\/yoast-seo-wordpress\/ -->\n<title>Restaurant Al Vecchio Canneto: italienische K\u00fcche und Pizzeria zum Mittag- und Abendessen<\/title>\n<meta name=\"description\" content=\"Wir erwarten Sie mit typischen Gerichten, ausgezeichneter Pizza sowie glutenfreien und vegetarischen Speisen. Bedienung am Tisch und zum Mitnehmen und Kindermen\u00fc\" \/>\n<meta name=\"robots\" content=\"index, follow, max-snippet:-1, max-image-preview:large, max-video-preview:-1\" \/>\n<link rel=\"canonical\" href=\"https:\/\/www.campingorchidea.it\/de\/dienstleistungen\/restaurant\/\" \/>\n<meta property=\"og:locale\" content=\"de_DE\" \/>\n<meta property=\"og:type\" content=\"article\" \/>\n<meta property=\"og:title\" content=\"Restaurant Al Vecchio Canneto: italienische K\u00fcche und Pizzeria zum Mittag- und Abendessen\" \/>\n<meta property=\"og:description\" content=\"Wir erwarten Sie mit typischen Gerichten, ausgezeichneter Pizza sowie glutenfreien und vegetarischen Speisen. Bedienung am Tisch und zum Mitnehmen und Kindermen\u00fc\" \/>\n<meta property=\"og:url\" content=\"https:\/\/www.campingorchidea.it\/de\/dienstleistungen\/restaurant\/\" \/>\n<meta property=\"og:site_name\" content=\"Camping Orchidea, Lago Maggiore\" \/>\n<meta property=\"article:modified_time\" content=\"2024-12-11T10:41:02+00:00\" \/>\n<meta property=\"og:image\" content=\"https:\/\/www.campingorchidea.it\/wp-content\/uploads\/elementor\/thumbs\/ristorante-camping-residence-orchidea-lago-maggiore1-qxn40tq3g9nrtklnyycilsnzzsgdgnz958fbisstbk.jpg\" \/>\n<meta name=\"twitter:card\" content=\"summary_large_image\" \/>\n<meta name=\"twitter:label1\" content=\"Gesch\u00e4tzte Lesezeit\" \/>\n\t<meta name=\"twitter:data1\" content=\"8\u00a0Minuten\" \/>\n<script type=\"application\/ld+json\" class=\"yoast-schema-graph\">{\"@context\":\"https:\\\/\\\/schema.org\",\"@graph\":[{\"@type\":\"WebPage\",\"@id\":\"https:\\\/\\\/www.campingorchidea.it\\\/de\\\/dienstleistungen\\\/restaurant\\\/\",\"url\":\"https:\\\/\\\/www.campingorchidea.it\\\/de\\\/dienstleistungen\\\/restaurant\\\/\",\"name\":\"Restaurant Al Vecchio Canneto: italienische K\u00fcche und Pizzeria zum Mittag- und Abendessen\",\"isPartOf\":{\"@id\":\"https:\\\/\\\/www.campingorchidea.it\\\/de\\\/#website\"},\"primaryImageOfPage\":{\"@id\":\"https:\\\/\\\/www.campingorchidea.it\\\/de\\\/dienstleistungen\\\/restaurant\\\/#primaryimage\"},\"image\":{\"@id\":\"https:\\\/\\\/www.campingorchidea.it\\\/de\\\/dienstleistungen\\\/restaurant\\\/#primaryimage\"},\"thumbnailUrl\":\"https:\\\/\\\/www.campingorchidea.it\\\/wp-content\\\/uploads\\\/elementor\\\/thumbs\\\/ristorante-camping-residence-orchidea-lago-maggiore1-qxn40tq3g9nrtklnyycilsnzzsgdgnz958fbisstbk.jpg\",\"datePublished\":\"2024-11-26T20:16:15+00:00\",\"dateModified\":\"2024-12-11T10:41:02+00:00\",\"description\":\"Wir erwarten Sie mit typischen Gerichten, ausgezeichneter Pizza sowie glutenfreien und vegetarischen Speisen. Bedienung am Tisch und zum Mitnehmen und Kindermen\u00fc\",\"breadcrumb\":{\"@id\":\"https:\\\/\\\/www.campingorchidea.it\\\/de\\\/dienstleistungen\\\/restaurant\\\/#breadcrumb\"},\"inLanguage\":\"de\",\"potentialAction\":[{\"@type\":\"ReadAction\",\"target\":[\"https:\\\/\\\/www.campingorchidea.it\\\/de\\\/dienstleistungen\\\/restaurant\\\/\"]}]},{\"@type\":\"ImageObject\",\"inLanguage\":\"de\",\"@id\":\"https:\\\/\\\/www.campingorchidea.it\\\/de\\\/dienstleistungen\\\/restaurant\\\/#primaryimage\",\"url\":\"https:\\\/\\\/www.campingorchidea.it\\\/wp-content\\\/uploads\\\/elementor\\\/thumbs\\\/ristorante-camping-residence-orchidea-lago-maggiore1-qxn40tq3g9nrtklnyycilsnzzsgdgnz958fbisstbk.jpg\",\"contentUrl\":\"https:\\\/\\\/www.campingorchidea.it\\\/wp-content\\\/uploads\\\/elementor\\\/thumbs\\\/ristorante-camping-residence-orchidea-lago-maggiore1-qxn40tq3g9nrtklnyycilsnzzsgdgnz958fbisstbk.jpg\"},{\"@type\":\"BreadcrumbList\",\"@id\":\"https:\\\/\\\/www.campingorchidea.it\\\/de\\\/dienstleistungen\\\/restaurant\\\/#breadcrumb\",\"itemListElement\":[{\"@type\":\"ListItem\",\"position\":1,\"name\":\"Home\",\"item\":\"https:\\\/\\\/www.campingorchidea.it\\\/de\\\/\"},{\"@type\":\"ListItem\",\"position\":2,\"name\":\"Dienstleistungen\",\"item\":\"https:\\\/\\\/www.campingorchidea.it\\\/de\\\/dienstleistungen\\\/\"},{\"@type\":\"ListItem\",\"position\":3,\"name\":\"Restaurant\"}]},{\"@type\":\"WebSite\",\"@id\":\"https:\\\/\\\/www.campingorchidea.it\\\/de\\\/#website\",\"url\":\"https:\\\/\\\/www.campingorchidea.it\\\/de\\\/\",\"name\":\"Camping Orchidea, Lago Maggiore\",\"description\":\"\",\"potentialAction\":[{\"@type\":\"SearchAction\",\"target\":{\"@type\":\"EntryPoint\",\"urlTemplate\":\"https:\\\/\\\/www.campingorchidea.it\\\/de\\\/?s={search_term_string}\"},\"query-input\":{\"@type\":\"PropertyValueSpecification\",\"valueRequired\":true,\"valueName\":\"search_term_string\"}}],\"inLanguage\":\"de\"}]}<\/script>\n<!-- \/ Yoast SEO plugin. -->","yoast_head_json":{"title":"Restaurant Al Vecchio Canneto: italienische K\u00fcche und Pizzeria zum Mittag- und Abendessen","description":"Wir erwarten Sie mit typischen Gerichten, ausgezeichneter Pizza sowie glutenfreien und vegetarischen Speisen. Bedienung am Tisch und zum Mitnehmen und Kindermen\u00fc","robots":{"index":"index","follow":"follow","max-snippet":"max-snippet:-1","max-image-preview":"max-image-preview:large","max-video-preview":"max-video-preview:-1"},"canonical":"https:\/\/www.campingorchidea.it\/de\/dienstleistungen\/restaurant\/","og_locale":"de_DE","og_type":"article","og_title":"Restaurant Al Vecchio Canneto: italienische K\u00fcche und Pizzeria zum Mittag- und Abendessen","og_description":"Wir erwarten Sie mit typischen Gerichten, ausgezeichneter Pizza sowie glutenfreien und vegetarischen Speisen. Bedienung am Tisch und zum Mitnehmen und Kindermen\u00fc","og_url":"https:\/\/www.campingorchidea.it\/de\/dienstleistungen\/restaurant\/","og_site_name":"Camping Orchidea, Lago Maggiore","article_modified_time":"2024-12-11T10:41:02+00:00","og_image":[{"url":"https:\/\/www.campingorchidea.it\/wp-content\/uploads\/elementor\/thumbs\/ristorante-camping-residence-orchidea-lago-maggiore1-qxn40tq3g9nrtklnyycilsnzzsgdgnz958fbisstbk.jpg","type":"","width":"","height":""}],"twitter_card":"summary_large_image","twitter_misc":{"Gesch\u00e4tzte Lesezeit":"8\u00a0Minuten"},"schema":{"@context":"https:\/\/schema.org","@graph":[{"@type":"WebPage","@id":"https:\/\/www.campingorchidea.it\/de\/dienstleistungen\/restaurant\/","url":"https:\/\/www.campingorchidea.it\/de\/dienstleistungen\/restaurant\/","name":"Restaurant Al Vecchio Canneto: italienische K\u00fcche und Pizzeria zum Mittag- und Abendessen","isPartOf":{"@id":"https:\/\/www.campingorchidea.it\/de\/#website"},"primaryImageOfPage":{"@id":"https:\/\/www.campingorchidea.it\/de\/dienstleistungen\/restaurant\/#primaryimage"},"image":{"@id":"https:\/\/www.campingorchidea.it\/de\/dienstleistungen\/restaurant\/#primaryimage"},"thumbnailUrl":"https:\/\/www.campingorchidea.it\/wp-content\/uploads\/elementor\/thumbs\/ristorante-camping-residence-orchidea-lago-maggiore1-qxn40tq3g9nrtklnyycilsnzzsgdgnz958fbisstbk.jpg","datePublished":"2024-11-26T20:16:15+00:00","dateModified":"2024-12-11T10:41:02+00:00","description":"Wir erwarten Sie mit typischen Gerichten, ausgezeichneter Pizza sowie glutenfreien und vegetarischen Speisen. Bedienung am Tisch und zum Mitnehmen und Kindermen\u00fc","breadcrumb":{"@id":"https:\/\/www.campingorchidea.it\/de\/dienstleistungen\/restaurant\/#breadcrumb"},"inLanguage":"de","potentialAction":[{"@type":"ReadAction","target":["https:\/\/www.campingorchidea.it\/de\/dienstleistungen\/restaurant\/"]}]},{"@type":"ImageObject","inLanguage":"de","@id":"https:\/\/www.campingorchidea.it\/de\/dienstleistungen\/restaurant\/#primaryimage","url":"https:\/\/www.campingorchidea.it\/wp-content\/uploads\/elementor\/thumbs\/ristorante-camping-residence-orchidea-lago-maggiore1-qxn40tq3g9nrtklnyycilsnzzsgdgnz958fbisstbk.jpg","contentUrl":"https:\/\/www.campingorchidea.it\/wp-content\/uploads\/elementor\/thumbs\/ristorante-camping-residence-orchidea-lago-maggiore1-qxn40tq3g9nrtklnyycilsnzzsgdgnz958fbisstbk.jpg"},{"@type":"BreadcrumbList","@id":"https:\/\/www.campingorchidea.it\/de\/dienstleistungen\/restaurant\/#breadcrumb","itemListElement":[{"@type":"ListItem","position":1,"name":"Home","item":"https:\/\/www.campingorchidea.it\/de\/"},{"@type":"ListItem","position":2,"name":"Dienstleistungen","item":"https:\/\/www.campingorchidea.it\/de\/dienstleistungen\/"},{"@type":"ListItem","position":3,"name":"Restaurant"}]},{"@type":"WebSite","@id":"https:\/\/www.campingorchidea.it\/de\/#website","url":"https:\/\/www.campingorchidea.it\/de\/","name":"Camping Orchidea, Lago Maggiore","description":"","potentialAction":[{"@type":"SearchAction","target":{"@type":"EntryPoint","urlTemplate":"https:\/\/www.campingorchidea.it\/de\/?s={search_term_string}"},"query-input":{"@type":"PropertyValueSpecification","valueRequired":true,"valueName":"search_term_string"}}],"inLanguage":"de"}]}},"_links":{"self":[{"href":"https:\/\/www.campingorchidea.it\/de\/wp-json\/wp\/v2\/pages\/12763","targetHints":{"allow":["GET"]}}],"collection":[{"href":"https:\/\/www.campingorchidea.it\/de\/wp-json\/wp\/v2\/pages"}],"about":[{"href":"https:\/\/www.campingorchidea.it\/de\/wp-json\/wp\/v2\/types\/page"}],"author":[{"embeddable":true,"href":"https:\/\/www.campingorchidea.it\/de\/wp-json\/wp\/v2\/users\/2"}],"replies":[{"embeddable":true,"href":"https:\/\/www.campingorchidea.it\/de\/wp-json\/wp\/v2\/comments?post=12763"}],"version-history":[{"count":0,"href":"https:\/\/www.campingorchidea.it\/de\/wp-json\/wp\/v2\/pages\/12763\/revisions"}],"up":[{"embeddable":true,"href":"https:\/\/www.campingorchidea.it\/de\/wp-json\/wp\/v2\/pages\/12771"}],"wp:attachment":[{"href":"https:\/\/www.campingorchidea.it\/de\/wp-json\/wp\/v2\/media?parent=12763"}],"curies":[{"name":"wp","href":"https:\/\/api.w.org\/{rel}","templated":true}]}}