{"id":12751,"date":"2024-11-28T10:19:48","date_gmt":"2024-11-28T09:19:48","guid":{"rendered":"https:\/\/www.campingorchidea.it\/gite-in-barca\/"},"modified":"2025-03-21T10:20:55","modified_gmt":"2025-03-21T09:20:55","slug":"bootsfahrten","status":"publish","type":"page","link":"https:\/\/www.campingorchidea.it\/de\/bootsfahrten\/","title":{"rendered":"Bootsfahrten"},"content":{"rendered":"<p>\n\t\tCAMPING RESIDENCE ORCHIDEA\t\t\t<\/p>\n<h1>\n\t\tBootsfahrten auf dem<br \/> LAGO MAGGIORE\t<\/h1>\n<p>\t\t<span><span><a href=\"https:\/\/www.campingorchidea.it\/de\/\">Home<\/a><\/span><\/span><br \/>\n\t\tLokale M\u00e4rkte, Inseln und vieles mehr\t<\/p>\n<h3 style=\"margin-top: 12px\">\n\t\t\t\t\tAuf dem Camping Residence &amp; lodge Orchidea k\u00f6nnen Sie an verschiedenen Bootsausfl\u00fcgen rund um den Lago Maggiore teilnehmen, typische M\u00e4rkte und die Inseln besuchen oder den Sonnenuntergang mit dem Boot genie\u00dfen.\t\t\t<\/h3>\n<p>Sie k\u00f6nnen die Reisen direkt w\u00e4hrend Ihres Urlaubs buchen oder f\u00fcr weitere Informationen an <a href=\"mailto:info@campingorchidea.it\">info@campingorchidea.it<\/a> schreiben.<\/p>\n<p>F\u00fcr Familien mit kleinen Kindern, die einen Kinderwagen ben\u00f6tigen, ist nur ein klappbarer Kinderwagen erlaubt. Vermietung ist m\u00f6glich an der Rezeption.<\/p>\n<h5>\n\t\tMONTAG UND DONNERSTAG\t\t\t<\/h5>\n<h3>\n\t\t TOUR DIE DREI BORROM\u00c4ISCHE INSELN\t<\/h3>\n<p><em>GENIESSEN SIE DIE ENTDECKUNG DER DREI INSELN AN EINEM EINZIGEN TAG<\/em><\/p>\n<p>Nutzen Sie die Gelegenheit, die drei Borrom\u00e4ischen Inseln an einem einzigen Tag zu entdecken!<\/p>\n<p><strong>Abfahrt vom Feriolo Bootssteg (100 m vom Campingplatz entfernt) um 09.30 Uhr<\/strong><br \/>Ankunft auf der Isola Bella zirka um 09.45 Uhr, M\u00f6glichkeit zur Besichtigung des Borrom\u00e4us-Palastes und seiner grandiosen italienischen Barockg\u00e4rten<br \/>11.45 Uhr Abfahrt nach Isola Pescatori, Zeit zur freien Verf\u00fcgung, um zu erkunden, zu Mittag zu essen und vielleicht ein paar Souvenirs zu kaufen<br \/>14.15 Uhr Abfahrt nach Isola Madre, Gelegenheit zum Besuch des botanischen Gartens im englischen Stil oder freie Zeit zum Schwimmen im sch\u00f6nen Wasser des Lago Maggiore<br \/>R\u00fcckfahrt um 16.00 Uhr<br \/><strong>Ankunft am Feriolo Bootssteg um 16.15 Uhr.<\/strong><\/p>\n<p><strong>BEMERKUNGEN<\/strong>: Eintritt von Palast und Garten von Isola Bella und Isola Madre ist um zu Bezahlung.<\/p>\n<p><strong>Verf\u00fcgbar von 14\/04 bis 02\/10<\/strong><\/p>\n<h5>\n\t\tDIENSTAG\t\t\t<\/h5>\n<h3>\n\t\t MINI-PANORAMAKREUZFAHRT DURCH DEN Borrom\u00e4ische Inseln Tour (Isola Bella + Isola Pescatori)\t<\/h3>\n<p><em>Genie\u00dfen Sie eine Bootsfahrt zur Entdeckung des Borrom\u00e4ischen Golfs.<\/em><\/p>\n<p>Jeden Dienstag findet eine Bootsfahrt zur Entdeckung des Borrom\u00e4ischen Golfs statt. Isola Bella, die herrlichste der drei Inseln, und Isola dei Pescatori, der ideale Ort f\u00fcr ein Mittagessen mit typischen Produkten und den Kauf von Souvenirs.<br \/>Abfahrt von der Anlegestelle Feriolo (100 m vom Campingplatz entfernt) um 9.15 Uhr<br \/>Ankunft auf der Isola Bella um ca. 9.50 Uhr, freie Zeit zur Besichtigung des Borrom\u00e4us-Palastes und der herrlichen Barockg\u00e4rten (fakultativ und gegen Bezahlung).<br \/>Abfahrt von der Isola Bella zur Isola Pescatori um 11.50 Uhr<br \/>Zeit zur freien Verf\u00fcgung, um das alte Dorf auf dieser malerischen Insel mit einer faszinierenden Geschichte zu besuchen<br \/>Abfahrt von der Isola Pescatori in Richtung Feriolo um 14.15 Uhr<br \/>Ankunft in Feriolo ca. 14.30 Uhr.<\/p>\n<p><strong>BEMERKUNGEN<\/strong>: Eintritt von Palast und Garten von Isola Bella und Isola Madre ist um zu Bezahlung.<\/p>\n<p><strong>Verf\u00fcgbar von 15\/04 bis 30\/09<\/strong><\/p>\n<h5>\n\t\tDIENSTAG\t\t\t<\/h5>\n<h3>\n\t\t TOUR ABENDESSEN AUF ISOLA DEI PESCATORI\t<\/h3>\n<p><em>GENIESSEN SIE EIN BESONDERES ABENDESSEN AUF DER INSEL F\u00dcR EINEN UNVERGESSLICHEN ABEND <\/em><\/p>\n<p>Verpassen Sie nicht die Gelegenheit, an einem besonderen Abend auf der Isola dei Pescatori zu speisen. Sie k\u00f6nnen den privaten Taxiboot-Service nutzen, um die Insel zu erreichen und ein Restaurant f\u00fcr einen unvergesslichen Abend auszuw\u00e4hlen.<\/p>\n<p><strong>Abfahrt vom Feriolo Bootssteg (100mt vom Campingplats entfernt) um 18.15 Uhr<\/strong><br \/><strong>Ankunft auf Isola Pescatori<\/strong> zirka um 18.30 Uhr<br \/><strong>Das Boot verl\u00e4sst die Insel um 20.45 Uhr<\/strong> und kehrt nach Feriolo zur\u00fcck.<br \/>Der Ausflug findet statt, wenn die Mindestzahl der zahlenden Teilnehmer erreicht wird und die See- und Wetterbedingungen gut sind.<\/p>\n<p><strong>Verf\u00fcgbar von 10\/06 bis 09\/09<\/strong><\/p>\n<h5>\n\t\tDIENSTAG &amp; SONNATAG\t\t\t<\/h5>\n<h3>\n\t\t TOUR DIE EINSIEDELEI VON SANTA CATERINA DEL SASSO\t<\/h3>\n<p><em>GENIESSEN SIE DIE WUNDERSCH\u00d6NE LANDSCHAFT EINES DER BER\u00dcHMTESTEN ORTE AM LAGO MAGGIORE<\/em><\/p>\n<p>Entdecken Sie auf einer bezaubernden Kreuzfahrt um die Borrom\u00e4ischen Inseln die Einsiedelei von Santa Caterina del Sasso. Auf einer Felswand am \u201ewilden\u201c lombardischen Ufer des Lago Maggiore gelegen, spiegelt sich die Einsiedelei im tiefen Wasser.<\/p>\n<p><strong>Abfahrt vom Feriolo Bootssteg um 14.45 Uhr<\/strong><br \/>Ankunft in Einsiedelei von Santa Caterina zirka um 15.00 Uhr (Zeit zur freien Verf\u00fcgung, um die Einsiedelei zu erkunden)<br \/>Abfahrt von Einsiedelei von Santa Caterina zirka um 16.15 Uhr<br \/><strong>Ankunft nach Feriolo Bootssteg zirka um 17.00 Uhr<\/strong><br \/>Bemerkungen: Eintritt Einsiedelei um zu Bezahlung<\/p>\n<p><strong>Verf\u00fcgbar von 03\/06 bis 21\/09<\/strong><\/p>\n<h5>\n\t\tMITTWOCH\t\t\t<\/h5>\n<h3>\n\t\t TOUR MARKT IN LUINO\t<\/h3>\n<p><em>Genie\u00dfen Sie eine Bootsfahrt zum Markt<\/em><\/p>\n<p>Eine der Hauptattraktionen von Luino ist der Wochenmarkt, der jeden Mittwoch von morgens bis zum sp\u00e4ten Nachmittag stattfindet und der international bekannt ist und der wichtigste Markt am Lago Maggiore ist. Es ist mehr als ein Markt, es ist ein richtiger Wochenmarkt, der Besucher aus ganz Europa anzieht. Das Angebot ist vielf\u00e4ltig und reicht von Lebensmitteln bis zu Kleidung, von Blumen bis zu Accessoires, von K\u00fcchenartikeln bis zu Kosmetikartikeln.<br \/>Unser Ausflug beginnt in Feriolo (100 m vom Campingplatz entfernt) um 9.45 Uhr.<br \/>Ankunft in Luino ca. 10.50 Uhr und freie Zeit, um den Markt zu entdecken<br \/>h. 14.30 Uhr Abfahrt von Luino in Richtung Feriolo, vorbei an den Schl\u00f6ssern von Cannero Riviera<br \/>h. 15.30 Uhr Ankunft in Feriolo.<\/p>\n<p><strong>Verf\u00fcgbar von 16\/04 bis 01\/10<\/strong><\/p>\n<h5>\n\t\tMITTWOCH UND SONNTAG\t\t\t<\/h5>\n<h3>\n\t\t Panoramakreuzfahrt bei Sonnenuntergang\t<\/h3>\n<p><em>Genie\u00dfen Sie eine Bootsfahrt mit einem atemberaubenden Sonnenuntergang<\/em><\/p>\n<p>Jeden Mittwoch und jeden Sonntag ist es m\u00f6glich, an unserer Kreuzfahrt um den Borrom\u00e4ischen Golf bei Sonnenuntergang teilzunehmen, mit der M\u00f6glichkeit, wunderbare Fotos aus einer anderen Perspektive zu machen. Unsere Kreuzfahrt f\u00e4hrt um 18.15 Uhr von Feriolo ab und vom Boot aus k\u00f6nnen Sie Baveno, Stresa, die Borrom\u00e4ischen Inseln, die Einsiedelei von S. Caterina del Sasso, Verbania bewundern und um 19.30 Uhr nach Feriolo zur\u00fcckkehren.<\/p>\n<p><strong>Verf\u00fcgbar von 04\/06 bis 21\/09<\/strong><\/p>\n<h5>\n\t\tFREITAG\t\t\t<\/h5>\n<h3>\n\t\t MARKT IN STRESA UND AUF DEN BORROM\u00c4ISCHEN INSELN (ISOLA BELLA + ISOLA PESCATORI)\t<\/h3>\n<p><em>GENIESSEN SIE EINEN BUMMEL \u00dcBER DEN MARKT UND EINE BOOTSFAHRT UM DIE INSELN<\/em><\/p>\n<p>Jeden Freitag bringen wir Sie nach Stresa, um die Inseln zu besichtigen und auf dem Wochenmarkt einzukaufen<\/p>\n<p><strong>Abfahrt von Feriolo Bootssteg um 09.30 Uhr<\/strong><br \/>Ankunft in Stresa zirka um 10.00 Uhr (freie Zeit zur Entdeckung von Stresa)<br \/>Abfahrt von Stresa Bootssteg zirka um 11.45 Uhr oder 12.45 Uhr<br \/>Ankunft in Isola dei Pescatori zirka um 12.00 Uhr oder 13.00 Uhr (Zeit zur freien Verf\u00fcgung, um die Isola dei Pescatori zu entdecken)<br \/>Abfahrt von Isola dei Pescatori nach Isola Bella alle 30 Minuten<br \/>Abfahrt von Isola Bella um 15.50 Uhr<br \/><strong>Ankunft an der Feriolo Bootssteg zirka um 16.00 Uhr<\/strong><br \/><strong>Bemerkungen:<\/strong> Der Eintritt in den Palast und den Garten auf Isola Bella um zu Bezahlung<\/p>\n<p><strong>Verf\u00fcgbar von 18\/04 bis 03\/10<\/strong><\/p>\n<h5>\n\t\tSAMSTAG\t\t\t<\/h5>\n<h3>\n\t\t MINI-PANORAMAKREUZFAHRT DURCH DEN BORROM\u00c4ISCHEN GOLF UND BESUCH DES VERBANIA-MARKTES\t<\/h3>\n<p><em>Genie\u00dfen Sie eine malerische Bootsfahrt und einen Besuch auf einem der ber\u00fchmtesten M\u00e4rkte<\/em><\/p>\n<p>Jeden Samstag ist der unvermeidliche Wochenmarkt in Verbania, unser Vorschlag beinhaltet eine kleine Panorama-Kreuzfahrt des Borrom\u00e4ischen Golfs mit Ankunft in Verbania Intra, wo Sie die M\u00f6glichkeit haben, den Wochenmarkt zu besuchen und dann am fr\u00fchen Nachmittag nach Feriolo zur\u00fcckkehren.<br \/>Abfahrt 9.00 Uhr ab Feriolo, Ankunft ca. 9.40 Uhr in Verbania Intra, R\u00fcckfahrt 13.30 Uhr ab Verbania Intra, Ankunft in Feriolo ca. 13.45 Uhr.<\/p>\n<p><strong>Verf\u00fcgbar Samstang 19 april &amp; von 31\/05 bis 04\/10.<\/strong><\/p>\n<h5>\n\t\tSAMSTAG\t\t\t<\/h5>\n<h3>\n\t\t TOUR BORROM\u00c4ISCHE INSELN TOUR (ISOLA BELLA + ISOLA PESCATORI)\t<\/h3>\n<p><em>GENIESSEN SIE EINE BOOTSFAHRT ZUR ENTDECKUNG DES BORROM\u00c4ISCHEN GOLFS<\/em><\/p>\n<p><strong>Isola Bella,<\/strong> die herrlichste der drei Inseln, und <strong>Isola dei Pescatori<\/strong>, ein idealer Ort f\u00fcr ein Mittagessen mit typischen Produkten und den Kauf von Souvenirs.<\/p>\n<p><strong>Abfahrt vom Feriolo Bootssteg (100mt vom Campingplatz entfernt) um 10.00 Uhr<\/strong><br \/>Ankunft auf der Isola Bella zirka um 10.30 Uhr, Zeit zur freien Verf\u00fcgung, um den Borrom\u00e4ischen Palast und die herrlichen Barockg\u00e4rten zu besichtigen (fakultativ und gegen Bezahlung).<br \/>Abfahrt vom Isola Bella nach Isola Pescatori um12.30 Uhr<br \/>Zeit zur freien Verf\u00fcgung, um das alte Dorf auf dieser malerischen Insel mit einer faszinierenden Geschichte zu besuchen<br \/>Abfahrt von Isola Pescatori nach Feriolo um 14.45 Uhr<br \/><strong>Abfahrt am Feriolo Bootssteg zirka um 15.00 Uhr<\/strong><\/p>\n<p><strong>Bemerkungen:<\/strong> Der Eintritt in den Palast und den Garten auf Isola Bella um zu Bezahlung<\/p>\n<p><strong>Verf\u00fcgbar Sonntag 20 April &amp; von 26\/04 bis 04\/10<\/strong><\/p>\n<h5>in Zusammenarbeit mit<\/h5>\n<p>\t\t\t\t\t\t\t\t\t\t\t\t\t\t\t\t<a href=\"https:\/\/www.isolelagomaggiore.com\/\" target=\"_blank\"><br \/>\n\t\t\t\t\t\t\t<img fetchpriority=\"high\" decoding=\"async\" width=\"544\" height=\"200\" src=\"https:\/\/www.campingorchidea.it\/wp-content\/uploads\/2024\/11\/camping-orchidea-gite-in-barca.jpg\" alt=\"\" srcset=\"https:\/\/www.campingorchidea.it\/wp-content\/uploads\/2024\/11\/camping-orchidea-gite-in-barca.jpg 544w, https:\/\/www.campingorchidea.it\/wp-content\/uploads\/2024\/11\/camping-orchidea-gite-in-barca-300x110.jpg 300w\" sizes=\"(max-width: 544px) 100vw, 544px\" \/>\t\t\t\t\t\t\t\t<\/a><br \/>\n\t\t\t\t<div data-elementor-type=\"container\" data-elementor-id=\"12006\" class=\"elementor elementor-12006\">\n\t\t\t\t<div class=\"elementor-element elementor-element-70a451b3 e-flex e-con-boxed qodef-elementor-content-no e-con e-parent\" data-id=\"70a451b3\" data-element_type=\"container\" data-e-type=\"container\">\n\t\t\t\t\t<div class=\"e-con-inner\">\n\t\t\t\t<div class=\"elementor-element elementor-element-371d2812 elementor-widget elementor-widget-qi_addons_for_elementor_clients_slider\" data-id=\"371d2812\" data-element_type=\"widget\" data-e-type=\"widget\" data-widget_type=\"qi_addons_for_elementor_clients_slider.default\">\n\t\t\t\t<div class=\"elementor-widget-container\">\n\t\t\t\t\t<div class=\"qodef-shortcode qodef-m qodef-qi-clients-slider qodef--hover-scale qodef-qi-grid qodef-qi-swiper-container qodef-navigation--outside qodef-navigation--hover-move\" data-options=\"{&quot;direction&quot;:&quot;horizontal&quot;,&quot;slidesPerView&quot;:&quot;6&quot;,&quot;spaceBetween&quot;:20,&quot;spaceBetweenTablet&quot;:30,&quot;spaceBetweenMobile&quot;:30,&quot;effect&quot;:&quot;&quot;,&quot;loop&quot;:true,&quot;autoplay&quot;:true,&quot;centeredSlides&quot;:false,&quot;speed&quot;:&quot;&quot;,&quot;speedAnimation&quot;:&quot;&quot;,&quot;outsideNavigation&quot;:&quot;yes&quot;,&quot;outsidePagination&quot;:&quot;no&quot;,&quot;unique&quot;:&quot;1&quot;,&quot;partialValue&quot;:0,&quot;disablePartialValue&quot;:&quot;&quot;,&quot;parallax&quot;:&quot;no&quot;,&quot;customStages&quot;:true,&quot;slidesPerView1680&quot;:&quot;6&quot;,&quot;slidesPerView1440&quot;:&quot;5&quot;,&quot;slidesPerView1366&quot;:&quot;3&quot;,&quot;slidesPerView1024&quot;:&quot;3&quot;,&quot;slidesPerView768&quot;:&quot;3&quot;,&quot;slidesPerView680&quot;:&quot;2&quot;,&quot;slidesPerView480&quot;:&quot;2&quot;}\">\n\t<div class=\"swiper-wrapper\">\n\t\t<div class=\"qodef-e swiper-slide\">\n\t<div class=\"qodef-e-inner\">\n\t\t\t\t<div class=\"qodef-e-images-holder\">\n\t\t\t\t\t\t\t<div class=\"qodef-e-main-image\">\n\t\t\t\t\t<img decoding=\"async\" width=\"300\" height=\"149\" src=\"https:\/\/www.campingorchidea.it\/wp-content\/uploads\/2024\/11\/camping-orchidea-partners-acsi.jpg\" class=\"attachment-full size-full\" alt=\"\" \/>\t\t\t\t<\/div>\n\t\t\t\t\t\t\t\t<\/div>\n\t\t\t\t\t\t\t<\/div>\n<\/div>\n<div class=\"qodef-e swiper-slide\">\n\t<div class=\"qodef-e-inner\">\n\t\t\t\t<div class=\"qodef-e-images-holder\">\n\t\t\t\t\t\t\t<div class=\"qodef-e-main-image\">\n\t\t\t\t\t<img decoding=\"async\" width=\"300\" height=\"149\" src=\"https:\/\/www.campingorchidea.it\/wp-content\/uploads\/2024\/11\/camping-orchidea-partners-adac.jpg\" class=\"attachment-full size-full\" alt=\"\" \/>\t\t\t\t<\/div>\n\t\t\t\t\t\t\t\t<\/div>\n\t\t\t\t\t\t\t<\/div>\n<\/div>\n<div class=\"qodef-e swiper-slide\">\n\t<div class=\"qodef-e-inner\">\n\t\t\t\t<div class=\"qodef-e-images-holder\">\n\t\t\t\t\t\t\t<div class=\"qodef-e-main-image\">\n\t\t\t\t\t<img loading=\"lazy\" decoding=\"async\" width=\"300\" height=\"149\" src=\"https:\/\/www.campingorchidea.it\/wp-content\/uploads\/2024\/11\/camping-orchidea-partners-anwb.jpg\" class=\"attachment-full size-full\" alt=\"\" \/>\t\t\t\t<\/div>\n\t\t\t\t\t\t\t\t<\/div>\n\t\t\t\t\t\t\t<\/div>\n<\/div>\n<div class=\"qodef-e swiper-slide\">\n\t<div class=\"qodef-e-inner\">\n\t\t\t\t<div class=\"qodef-e-images-holder\">\n\t\t\t\t\t\t\t<div class=\"qodef-e-main-image\">\n\t\t\t\t\t<img loading=\"lazy\" decoding=\"async\" width=\"300\" height=\"149\" src=\"https:\/\/www.campingorchidea.it\/wp-content\/uploads\/2024\/11\/camping-orchidea-partners-koobcamp.jpg\" class=\"attachment-full size-full\" alt=\"\" \/>\t\t\t\t<\/div>\n\t\t\t\t\t\t\t\t<\/div>\n\t\t\t\t\t\t\t<\/div>\n<\/div>\n<div class=\"qodef-e swiper-slide\">\n\t<div class=\"qodef-e-inner\">\n\t\t\t\t<div class=\"qodef-e-images-holder\">\n\t\t\t\t\t\t\t<div class=\"qodef-e-main-image\">\n\t\t\t\t\t<img loading=\"lazy\" decoding=\"async\" width=\"300\" height=\"149\" src=\"https:\/\/www.campingorchidea.it\/wp-content\/uploads\/2024\/11\/camping-orchidea-partners-consorzio-lago-maggiore-holidays.jpg\" class=\"attachment-full size-full\" alt=\"\" \/>\t\t\t\t<\/div>\n\t\t\t\t\t\t\t\t<\/div>\n\t\t\t\t\t\t\t<\/div>\n<\/div>\n<div class=\"qodef-e swiper-slide\">\n\t<div class=\"qodef-e-inner\">\n\t\t\t\t<div class=\"qodef-e-images-holder\">\n\t\t\t\t\t\t\t<div class=\"qodef-e-main-image\">\n\t\t\t\t\t<img loading=\"lazy\" decoding=\"async\" width=\"300\" height=\"149\" src=\"https:\/\/www.campingorchidea.it\/wp-content\/uploads\/2024\/11\/camping-orchidea-partners-regione-piemonte.jpg\" class=\"attachment-full size-full\" alt=\"\" \/>\t\t\t\t<\/div>\n\t\t\t\t\t\t\t\t<\/div>\n\t\t\t\t\t\t\t<\/div>\n<\/div>\n<div class=\"qodef-e swiper-slide\">\n\t<div class=\"qodef-e-inner\">\n\t\t\t\t<div class=\"qodef-e-images-holder\">\n\t\t\t\t\t\t\t<div class=\"qodef-e-main-image\">\n\t\t\t\t\t<img loading=\"lazy\" decoding=\"async\" width=\"300\" height=\"149\" src=\"https:\/\/www.campingorchidea.it\/wp-content\/uploads\/2024\/11\/camping-orchidea-partners-ospitalita-italiana.jpg\" class=\"attachment-full size-full\" alt=\"\" \/>\t\t\t\t<\/div>\n\t\t\t\t\t\t\t\t<\/div>\n\t\t\t\t\t\t\t<\/div>\n<\/div>\n\t<\/div>\n\t<\/div>\n\t\t<div class=\"swiper-button-prev swiper-button-outside swiper-button-prev-1\"><svg class=\"qodef-swiper-arrow-left\" xmlns=\"http:\/\/www.w3.org\/2000\/svg\" x=\"0px\" y=\"0px\" viewBox=\"0 0 34.2 32.3\" xml:space=\"preserve\" style=\"stroke-width: 2;\"><line x1=\"0.5\" y1=\"16\" x2=\"33.5\" y2=\"16\"\/><line x1=\"0.3\" y1=\"16.5\" x2=\"16.2\" y2=\"0.7\"\/><line x1=\"0\" y1=\"15.4\" x2=\"16.2\" y2=\"31.6\"\/><\/svg><\/div>\n\t<div class=\"swiper-button-next swiper-button-outside swiper-button-next-1\"><svg class=\"qodef-swiper-arrow-right\" xmlns=\"http:\/\/www.w3.org\/2000\/svg\" x=\"0px\" y=\"0px\" viewBox=\"0 0 34.2 32.3\" xml:space=\"preserve\" style=\"stroke-width: 2;\"><line x1=\"0\" y1=\"16\" x2=\"33\" y2=\"16\"\/><line x1=\"17.3\" y1=\"0.7\" x2=\"33.2\" y2=\"16.5\"\/><line x1=\"17.3\" y1=\"31.6\" x2=\"33.5\" y2=\"15.4\"\/><\/svg><\/div>\n\t\t\t\t\t<\/div>\n\t\t\t\t<\/div>\n\t\t\t\t\t<\/div>\n\t\t\t\t<\/div>\n\t\t\t\t<\/div>\n\t\t<\/p>\n","protected":false},"excerpt":{"rendered":"<p>CAMPING RESIDENCE ORCHIDEA Bootsfahrten auf dem LAGO MAGGIORE Lokale M\u00e4rkte, Inseln und vieles mehr Auf dem Camping Residence &amp; lodge Orchidea k\u00f6nnen Sie an verschiedenen Bootsausfl\u00fcgen rund um den Lago Maggiore teilnehmen, typische M\u00e4rkte und die Inseln besuchen oder den Sonnenuntergang mit dem Boot genie\u00dfen. Sie k\u00f6nnen die Reisen direkt w\u00e4hrend Ihres Urlaubs buchen oder [&hellip;]<\/p>\n","protected":false},"author":2,"featured_media":0,"parent":0,"menu_order":0,"comment_status":"closed","ping_status":"closed","template":"page-full-width.php","meta":{"footnotes":""},"class_list":["post-12751","page","type-page","status-publish","hentry"],"yoast_head":"<!-- This site is optimized with the Yoast SEO plugin v27.2 - https:\/\/yoast.com\/product\/yoast-seo-wordpress\/ -->\n<title>Ausfl\u00fcge und Bootsfahrten zur Entdeckung des Lago Maggiore<\/title>\n<meta name=\"description\" content=\"Nehmen Sie an Bootsfahrten teil, besuchen Sie die M\u00e4rkte und Inseln des Lago Maggiore. Buchen Sie an der Rezeption oder schreiben Sie an info@campingorchidea.it\" \/>\n<meta name=\"robots\" content=\"index, follow, max-snippet:-1, max-image-preview:large, max-video-preview:-1\" \/>\n<link rel=\"canonical\" href=\"https:\/\/www.campingorchidea.it\/de\/bootsfahrten\/\" \/>\n<meta property=\"og:locale\" content=\"de_DE\" \/>\n<meta property=\"og:type\" content=\"article\" \/>\n<meta property=\"og:title\" content=\"Ausfl\u00fcge und Bootsfahrten zur Entdeckung des Lago Maggiore\" \/>\n<meta property=\"og:description\" content=\"Nehmen Sie an Bootsfahrten teil, besuchen Sie die M\u00e4rkte und Inseln des Lago Maggiore. Buchen Sie an der Rezeption oder schreiben Sie an info@campingorchidea.it\" \/>\n<meta property=\"og:url\" content=\"https:\/\/www.campingorchidea.it\/de\/bootsfahrten\/\" \/>\n<meta property=\"og:site_name\" content=\"Camping Orchidea, Lago Maggiore\" \/>\n<meta property=\"article:modified_time\" content=\"2025-03-21T09:20:55+00:00\" \/>\n<meta property=\"og:image\" content=\"https:\/\/www.campingorchidea.it\/wp-content\/uploads\/2024\/11\/camping-orchidea-gite-in-barca.jpg\" \/>\n\t<meta property=\"og:image:width\" content=\"544\" \/>\n\t<meta property=\"og:image:height\" content=\"200\" \/>\n\t<meta property=\"og:image:type\" content=\"image\/jpeg\" \/>\n<meta name=\"twitter:card\" content=\"summary_large_image\" \/>\n<meta name=\"twitter:label1\" content=\"Gesch\u00e4tzte Lesezeit\" \/>\n\t<meta name=\"twitter:data1\" content=\"12\u00a0Minuten\" \/>\n<script type=\"application\/ld+json\" class=\"yoast-schema-graph\">{\"@context\":\"https:\/\/schema.org\",\"@graph\":[{\"@type\":\"WebPage\",\"@id\":\"https:\/\/www.campingorchidea.it\/de\/bootsfahrten\/\",\"url\":\"https:\/\/www.campingorchidea.it\/de\/bootsfahrten\/\",\"name\":\"Ausfl\u00fcge und Bootsfahrten zur Entdeckung des Lago Maggiore\",\"isPartOf\":{\"@id\":\"https:\/\/www.campingorchidea.it\/de\/#website\"},\"primaryImageOfPage\":{\"@id\":\"https:\/\/www.campingorchidea.it\/de\/bootsfahrten\/#primaryimage\"},\"image\":{\"@id\":\"https:\/\/www.campingorchidea.it\/de\/bootsfahrten\/#primaryimage\"},\"thumbnailUrl\":\"https:\/\/www.campingorchidea.it\/wp-content\/uploads\/2024\/11\/camping-orchidea-gite-in-barca.jpg\",\"datePublished\":\"2024-11-28T09:19:48+00:00\",\"dateModified\":\"2025-03-21T09:20:55+00:00\",\"description\":\"Nehmen Sie an Bootsfahrten teil, besuchen Sie die M\u00e4rkte und Inseln des Lago Maggiore. Buchen Sie an der Rezeption oder schreiben Sie an info@campingorchidea.it\",\"breadcrumb\":{\"@id\":\"https:\/\/www.campingorchidea.it\/de\/bootsfahrten\/#breadcrumb\"},\"inLanguage\":\"de\",\"potentialAction\":[{\"@type\":\"ReadAction\",\"target\":[\"https:\/\/www.campingorchidea.it\/de\/bootsfahrten\/\"]}]},{\"@type\":\"ImageObject\",\"inLanguage\":\"de\",\"@id\":\"https:\/\/www.campingorchidea.it\/de\/bootsfahrten\/#primaryimage\",\"url\":\"https:\/\/www.campingorchidea.it\/wp-content\/uploads\/2024\/11\/camping-orchidea-gite-in-barca.jpg\",\"contentUrl\":\"https:\/\/www.campingorchidea.it\/wp-content\/uploads\/2024\/11\/camping-orchidea-gite-in-barca.jpg\"},{\"@type\":\"BreadcrumbList\",\"@id\":\"https:\/\/www.campingorchidea.it\/de\/bootsfahrten\/#breadcrumb\",\"itemListElement\":[{\"@type\":\"ListItem\",\"position\":1,\"name\":\"Home\",\"item\":\"https:\/\/www.campingorchidea.it\/de\/\"},{\"@type\":\"ListItem\",\"position\":2,\"name\":\"Bootsfahrten\"}]},{\"@type\":\"WebSite\",\"@id\":\"https:\/\/www.campingorchidea.it\/de\/#website\",\"url\":\"https:\/\/www.campingorchidea.it\/de\/\",\"name\":\"Camping Orchidea, Lago Maggiore\",\"description\":\"\",\"potentialAction\":[{\"@type\":\"SearchAction\",\"target\":{\"@type\":\"EntryPoint\",\"urlTemplate\":\"https:\/\/www.campingorchidea.it\/de\/?s={search_term_string}\"},\"query-input\":{\"@type\":\"PropertyValueSpecification\",\"valueRequired\":true,\"valueName\":\"search_term_string\"}}],\"inLanguage\":\"de\"}]}<\/script>\n<!-- \/ Yoast SEO plugin. -->","yoast_head_json":{"title":"Ausfl\u00fcge und Bootsfahrten zur Entdeckung des Lago Maggiore","description":"Nehmen Sie an Bootsfahrten teil, besuchen Sie die M\u00e4rkte und Inseln des Lago Maggiore. Buchen Sie an der Rezeption oder schreiben Sie an info@campingorchidea.it","robots":{"index":"index","follow":"follow","max-snippet":"max-snippet:-1","max-image-preview":"max-image-preview:large","max-video-preview":"max-video-preview:-1"},"canonical":"https:\/\/www.campingorchidea.it\/de\/bootsfahrten\/","og_locale":"de_DE","og_type":"article","og_title":"Ausfl\u00fcge und Bootsfahrten zur Entdeckung des Lago Maggiore","og_description":"Nehmen Sie an Bootsfahrten teil, besuchen Sie die M\u00e4rkte und Inseln des Lago Maggiore. Buchen Sie an der Rezeption oder schreiben Sie an info@campingorchidea.it","og_url":"https:\/\/www.campingorchidea.it\/de\/bootsfahrten\/","og_site_name":"Camping Orchidea, Lago Maggiore","article_modified_time":"2025-03-21T09:20:55+00:00","og_image":[{"width":544,"height":200,"url":"https:\/\/www.campingorchidea.it\/wp-content\/uploads\/2024\/11\/camping-orchidea-gite-in-barca.jpg","type":"image\/jpeg"}],"twitter_card":"summary_large_image","twitter_misc":{"Gesch\u00e4tzte Lesezeit":"12\u00a0Minuten"},"schema":{"@context":"https:\/\/schema.org","@graph":[{"@type":"WebPage","@id":"https:\/\/www.campingorchidea.it\/de\/bootsfahrten\/","url":"https:\/\/www.campingorchidea.it\/de\/bootsfahrten\/","name":"Ausfl\u00fcge und Bootsfahrten zur Entdeckung des Lago Maggiore","isPartOf":{"@id":"https:\/\/www.campingorchidea.it\/de\/#website"},"primaryImageOfPage":{"@id":"https:\/\/www.campingorchidea.it\/de\/bootsfahrten\/#primaryimage"},"image":{"@id":"https:\/\/www.campingorchidea.it\/de\/bootsfahrten\/#primaryimage"},"thumbnailUrl":"https:\/\/www.campingorchidea.it\/wp-content\/uploads\/2024\/11\/camping-orchidea-gite-in-barca.jpg","datePublished":"2024-11-28T09:19:48+00:00","dateModified":"2025-03-21T09:20:55+00:00","description":"Nehmen Sie an Bootsfahrten teil, besuchen Sie die M\u00e4rkte und Inseln des Lago Maggiore. Buchen Sie an der Rezeption oder schreiben Sie an info@campingorchidea.it","breadcrumb":{"@id":"https:\/\/www.campingorchidea.it\/de\/bootsfahrten\/#breadcrumb"},"inLanguage":"de","potentialAction":[{"@type":"ReadAction","target":["https:\/\/www.campingorchidea.it\/de\/bootsfahrten\/"]}]},{"@type":"ImageObject","inLanguage":"de","@id":"https:\/\/www.campingorchidea.it\/de\/bootsfahrten\/#primaryimage","url":"https:\/\/www.campingorchidea.it\/wp-content\/uploads\/2024\/11\/camping-orchidea-gite-in-barca.jpg","contentUrl":"https:\/\/www.campingorchidea.it\/wp-content\/uploads\/2024\/11\/camping-orchidea-gite-in-barca.jpg"},{"@type":"BreadcrumbList","@id":"https:\/\/www.campingorchidea.it\/de\/bootsfahrten\/#breadcrumb","itemListElement":[{"@type":"ListItem","position":1,"name":"Home","item":"https:\/\/www.campingorchidea.it\/de\/"},{"@type":"ListItem","position":2,"name":"Bootsfahrten"}]},{"@type":"WebSite","@id":"https:\/\/www.campingorchidea.it\/de\/#website","url":"https:\/\/www.campingorchidea.it\/de\/","name":"Camping Orchidea, Lago Maggiore","description":"","potentialAction":[{"@type":"SearchAction","target":{"@type":"EntryPoint","urlTemplate":"https:\/\/www.campingorchidea.it\/de\/?s={search_term_string}"},"query-input":{"@type":"PropertyValueSpecification","valueRequired":true,"valueName":"search_term_string"}}],"inLanguage":"de"}]}},"_links":{"self":[{"href":"https:\/\/www.campingorchidea.it\/de\/wp-json\/wp\/v2\/pages\/12751","targetHints":{"allow":["GET"]}}],"collection":[{"href":"https:\/\/www.campingorchidea.it\/de\/wp-json\/wp\/v2\/pages"}],"about":[{"href":"https:\/\/www.campingorchidea.it\/de\/wp-json\/wp\/v2\/types\/page"}],"author":[{"embeddable":true,"href":"https:\/\/www.campingorchidea.it\/de\/wp-json\/wp\/v2\/users\/2"}],"replies":[{"embeddable":true,"href":"https:\/\/www.campingorchidea.it\/de\/wp-json\/wp\/v2\/comments?post=12751"}],"version-history":[{"count":0,"href":"https:\/\/www.campingorchidea.it\/de\/wp-json\/wp\/v2\/pages\/12751\/revisions"}],"wp:attachment":[{"href":"https:\/\/www.campingorchidea.it\/de\/wp-json\/wp\/v2\/media?parent=12751"}],"curies":[{"name":"wp","href":"https:\/\/api.w.org\/{rel}","templated":true}]}}